{"id":81824,"date":"2023-07-16T12:53:16","date_gmt":"2023-07-16T10:53:16","guid":{"rendered":"https:\/\/fysiolab.dk\/product\/procare-impax-grid-saale\/"},"modified":"2025-12-18T09:22:36","modified_gmt":"2025-12-18T08:22:36","slug":"procare-impax-grid-saale","status":"publish","type":"product","link":"https:\/\/fysiolab.dk\/no\/product\/procare-impax-grid-saale\/","title":{"rendered":"Procare Impax Grid-s\u00e5le"},"content":{"rendered":"<h4><strong>Optimal bruk av Procare Impax Grid innleggss\u00e5le<\/strong><\/h4>\n<p>Indikasjon: Omfordeler trykkbelastningen; gir trykkavlastning. Designet for bruk med ProCare Squared Toe Post-Op Shoe. Den dobbeltlaminerte inners\u00e5len er konstruert med Impax Grid-teknologi for \u00e5 omfordele belastningen og gi trykkavlastning. En Impax-inners\u00e5le er inkludert.     <strong>Passer b\u00e5de til venstre og h\u00f8yre.<\/strong><\/p>\n<p><strong>St\u00f8rrelsesguide<\/strong><\/p>\n<p><strong>Sortert etter skost\u00f8rrelse (se video med instruksjoner lenger ned i teksten)<\/strong><\/p>\n<p><strong>Sko st\u00f8rrelse Str<\/strong><\/p>\n<p><strong>35-38 XS<\/strong><\/p>\n<p><strong>38-40 S<\/strong><\/p>\n<p><strong>40-42 M<\/strong><\/p>\n<p><strong>42-44 L<\/strong><\/p>\n<p><strong>+45 XL<\/strong><\/p>\n<p><iframe title=\"Skost\u00f8rrelsesvejledning sko FysioLab\" width=\"800\" height=\"450\" src=\"https:\/\/www.youtube.com\/embed\/uG9ZtXDPSMM?feature=oembed\" frameborder=\"0\" allow=\"accelerometer; autoplay; clipboard-write; encrypted-media; gyroscope; picture-in-picture; web-share\" referrerpolicy=\"strict-origin-when-cross-origin\" allowfullscreen><\/iframe><\/p>\n","protected":false},"excerpt":{"rendered":"<p><strong>Trykkavlastende s\u00e5le som brukes i ProCare Squarred Toe Post-Op Shoe. Anbefales for avlastning etter fotkirurgi eller ved diabetiske fots\u00e5r der trykket skal fordeles rundt foten. S\u00e5len er fylt med sm\u00e5 \"celler\" som kan tas ut eller flyttes rundt. Kan ogs\u00e5 brukes i Walker-st\u00f8vler.    Passer b\u00e5de til venstre og h\u00f8yre.  <\/strong><\/p>\n","protected":false},"featured_media":81836,"comment_status":"closed","ping_status":"closed","template":"","meta":{"_acf_changed":false},"product_brand":[3139],"product_cat":[2066,1937,1998,2000,2036,1933,1994,1999],"product_tag":[2264],"class_list":{"0":"post-81824","1":"product","2":"type-product","3":"status-publish","4":"has-post-thumbnail","6":"product_brand-procare","7":"product_cat-fottoey-for-diabetikere","8":"product_cat-merkevarer","9":"product_cat-plantar-facitis-no-2","10":"product_cat-procare-no","11":"product_cat-procare-sko-og-saaler-no","12":"product_cat-skinner-og-stoetteskinner","13":"product_cat-sko-og-saaler-no","14":"product_cat-stoetabsorberende-fottoey","15":"product_tag-procare-no","17":"first","18":"instock","19":"taxable","20":"shipping-taxable","21":"purchasable","22":"product-type-variable"},"acf":[],"_links":{"self":[{"href":"https:\/\/fysiolab.dk\/no\/wp-json\/wp\/v2\/product\/81824","targetHints":{"allow":["GET"]}}],"collection":[{"href":"https:\/\/fysiolab.dk\/no\/wp-json\/wp\/v2\/product"}],"about":[{"href":"https:\/\/fysiolab.dk\/no\/wp-json\/wp\/v2\/types\/product"}],"replies":[{"embeddable":true,"href":"https:\/\/fysiolab.dk\/no\/wp-json\/wp\/v2\/comments?post=81824"}],"wp:featuredmedia":[{"embeddable":true,"href":"https:\/\/fysiolab.dk\/no\/wp-json\/wp\/v2\/media\/81836"}],"wp:attachment":[{"href":"https:\/\/fysiolab.dk\/no\/wp-json\/wp\/v2\/media?parent=81824"}],"wp:term":[{"taxonomy":"product_brand","embeddable":true,"href":"https:\/\/fysiolab.dk\/no\/wp-json\/wp\/v2\/product_brand?post=81824"},{"taxonomy":"product_cat","embeddable":true,"href":"https:\/\/fysiolab.dk\/no\/wp-json\/wp\/v2\/product_cat?post=81824"},{"taxonomy":"product_tag","embeddable":true,"href":"https:\/\/fysiolab.dk\/no\/wp-json\/wp\/v2\/product_tag?post=81824"}],"curies":[{"name":"wp","href":"https:\/\/api.w.org\/{rel}","templated":true}]}}