{"id":81839,"date":"2023-07-16T12:53:16","date_gmt":"2023-07-16T10:53:16","guid":{"rendered":"https:\/\/fysiolab.dk\/product\/dura-stick-premium-32-mm-rund-elektrode\/"},"modified":"2025-12-18T09:22:36","modified_gmt":"2025-12-18T08:22:36","slug":"dura-stick-premium-32-mm-rund-elektrode","status":"publish","type":"product","link":"https:\/\/fysiolab.dk\/no\/product\/dura-stick-premium-32-mm-rund-elektrode\/","title":{"rendered":"Dura Stick Premium 32 mm rund elektrode"},"content":{"rendered":"<h3><strong>Dura Stick Premium 32 mm rund elektrode<\/strong><\/h3>\n<p>Liten, rund elektrode for bruk der du \u00f8nsker \u00e5 behandle helt spesifikke muskler. Den er enkel \u00e5 p\u00e5f\u00f8re, og med sin runde form kan den \"fange\" en muskel lokalt. Elektroden har gode klebeegenskaper og kan derfor brukes flere ganger.  <\/p>\n<p><strong>Produktspesifikasjoner:<\/strong><\/p>\n<p><strong>Farge: Gr\u00e5<\/strong><\/p>\n<p><strong>St\u00f8rrelse: \u00d832 mm<\/strong><\/p>\n<p><strong>Antall: 4 stykker per pakke<\/strong><\/p>\n<p><strong>Tilkobling: Cord (Cefar)<\/strong><\/p>\n<p>&nbsp;<\/p>\n","protected":false},"excerpt":{"rendered":"<p><strong>Dura stick premium 32 mm rund elektrode brukes til Cefar TENS-apparater. Med sin lille runde form er den ideell for muskler der det er lokal irritasjon, da den kan treffe sv\u00e6rt lokalt og dermed behandle \u00f8mme muskler. <\/strong><\/p>\n","protected":false},"featured_media":81844,"comment_status":"closed","ping_status":"closed","template":"","meta":{"_acf_changed":false},"product_brand":[],"product_cat":[1984,1985,1982,1950,1937,1983],"product_tag":[1986],"class_list":{"0":"post-81839","1":"product","2":"type-product","3":"status-publish","4":"has-post-thumbnail","6":"product_cat-cefar-no","7":"product_cat-cefar-elektroder-no","8":"product_cat-compex-elektroder-no","9":"product_cat-elektroterapi","10":"product_cat-merkevarer","11":"product_cat-tens-cefar-no","12":"product_tag-elektroder-no","14":"first","15":"instock","16":"taxable","17":"shipping-taxable","18":"purchasable","19":"product-type-simple"},"acf":[],"_links":{"self":[{"href":"https:\/\/fysiolab.dk\/no\/wp-json\/wp\/v2\/product\/81839","targetHints":{"allow":["GET"]}}],"collection":[{"href":"https:\/\/fysiolab.dk\/no\/wp-json\/wp\/v2\/product"}],"about":[{"href":"https:\/\/fysiolab.dk\/no\/wp-json\/wp\/v2\/types\/product"}],"replies":[{"embeddable":true,"href":"https:\/\/fysiolab.dk\/no\/wp-json\/wp\/v2\/comments?post=81839"}],"wp:featuredmedia":[{"embeddable":true,"href":"https:\/\/fysiolab.dk\/no\/wp-json\/wp\/v2\/media\/81844"}],"wp:attachment":[{"href":"https:\/\/fysiolab.dk\/no\/wp-json\/wp\/v2\/media?parent=81839"}],"wp:term":[{"taxonomy":"product_brand","embeddable":true,"href":"https:\/\/fysiolab.dk\/no\/wp-json\/wp\/v2\/product_brand?post=81839"},{"taxonomy":"product_cat","embeddable":true,"href":"https:\/\/fysiolab.dk\/no\/wp-json\/wp\/v2\/product_cat?post=81839"},{"taxonomy":"product_tag","embeddable":true,"href":"https:\/\/fysiolab.dk\/no\/wp-json\/wp\/v2\/product_tag?post=81839"}],"curies":[{"name":"wp","href":"https:\/\/api.w.org\/{rel}","templated":true}]}}