{"id":81848,"date":"2024-11-30T19:55:32","date_gmt":"2024-11-30T18:55:32","guid":{"rendered":"https:\/\/fysiolab.dk\/product\/bauerfeind-saale-ergopad-redux-heel-bare-noen-faa-stoerrelser-igjen\/"},"modified":"2025-12-18T09:21:00","modified_gmt":"2025-12-18T08:21:00","slug":"bauerfeind-saale-ergopad-redux-heel-bare-noen-faa-stoerrelser-igjen","status":"publish","type":"product","link":"https:\/\/fysiolab.dk\/no\/product\/bauerfeind-saale-ergopad-redux-heel-bare-noen-faa-stoerrelser-igjen\/","title":{"rendered":"Bauerfeind s\u00e5le Ergopad Redux Heel (Bare noen f\u00e5 st\u00f8rrelser igjen)"},"content":{"rendered":"<p>Bauerfeind-inners\u00e5len er designet for \u00e5 gi trykkavlastning for h\u00e6len samtidig som den st\u00f8tter svangen. Redux Heel er spesiallaget for personer med: <\/p>\n<ul>\n<li>H\u00e6lspore<\/li>\n<li>Irritasjon av h\u00e6lputen<\/li>\n<li>Betennelse i akillessenen<\/li>\n<\/ul>\n<p>S\u00e5len anbefales ogs\u00e5 til diabetikere p\u00e5 grunn av sine spesielle trykkavlastende egenskaper. Du kan tilpasse s\u00e5len ved \u00e5 varme den opp og deretter slipe den. Hvis du vil rengj\u00f8re s\u00e5len, kan du bruke lunkent vann og mild s\u00e5pe. S\u00e5len b\u00f8r luftt\u00f8rkes, men ikke utsettes for direkte sollys.   <\/p>\n","protected":false},"excerpt":{"rendered":"<p><strong>Bauerfeind-s\u00e5le for h\u00e6lsmerter som h\u00e6lspore, smerter i h\u00e6lens fettpute og smerter i svangsenen<\/strong><\/p>\n","protected":false},"featured_media":81869,"comment_status":"closed","ping_status":"closed","template":"","meta":{"_acf_changed":false},"product_brand":[3090],"product_cat":[1992,2589,2354,2516,2057,2588,2056,2054,1937,1998,1997,1933,1994,2055,1995,1999,2016],"product_tag":[2356],"class_list":{"0":"post-81848","1":"product","2":"type-product","3":"status-publish","4":"has-post-thumbnail","6":"product_brand-bauerfeind","7":"product_cat-ankelskinne","8":"product_cat-bauerfeind-saaler-no","9":"product_cat-bondetamp","10":"product_cat-flatfot-no","11":"product_cat-flatfot","12":"product_cat-innersaaler","13":"product_cat-innsunket-forfot-no","14":"product_cat-innsunket-forfot","15":"product_cat-merkevarer","16":"product_cat-plantar-facitis-no-2","17":"product_cat-plantar-facitis-no","18":"product_cat-skinner-og-stoetteskinner","19":"product_cat-sko-og-saaler-no","20":"product_cat-smerter-i-fotbuen","21":"product_cat-smerter-i-haelen","22":"product_cat-stoetabsorberende-fottoey","23":"product_cat-uttak","24":"product_tag-bondetamp","26":"first","27":"instock","28":"sale","29":"taxable","30":"shipping-taxable","31":"purchasable","32":"product-type-variable"},"acf":[],"_links":{"self":[{"href":"https:\/\/fysiolab.dk\/no\/wp-json\/wp\/v2\/product\/81848","targetHints":{"allow":["GET"]}}],"collection":[{"href":"https:\/\/fysiolab.dk\/no\/wp-json\/wp\/v2\/product"}],"about":[{"href":"https:\/\/fysiolab.dk\/no\/wp-json\/wp\/v2\/types\/product"}],"replies":[{"embeddable":true,"href":"https:\/\/fysiolab.dk\/no\/wp-json\/wp\/v2\/comments?post=81848"}],"wp:featuredmedia":[{"embeddable":true,"href":"https:\/\/fysiolab.dk\/no\/wp-json\/wp\/v2\/media\/81869"}],"wp:attachment":[{"href":"https:\/\/fysiolab.dk\/no\/wp-json\/wp\/v2\/media?parent=81848"}],"wp:term":[{"taxonomy":"product_brand","embeddable":true,"href":"https:\/\/fysiolab.dk\/no\/wp-json\/wp\/v2\/product_brand?post=81848"},{"taxonomy":"product_cat","embeddable":true,"href":"https:\/\/fysiolab.dk\/no\/wp-json\/wp\/v2\/product_cat?post=81848"},{"taxonomy":"product_tag","embeddable":true,"href":"https:\/\/fysiolab.dk\/no\/wp-json\/wp\/v2\/product_tag?post=81848"}],"curies":[{"name":"wp","href":"https:\/\/api.w.org\/{rel}","templated":true}]}}