{"id":81872,"date":"2024-11-25T07:53:17","date_gmt":"2024-11-25T06:53:17","guid":{"rendered":"https:\/\/fysiolab.dk\/product\/sklz-precision-pop-up-maal-130-cm\/"},"modified":"2025-12-18T09:21:01","modified_gmt":"2025-12-18T08:21:01","slug":"sklz-precision-pop-up-maal-130-cm","status":"publish","type":"product","link":"https:\/\/fysiolab.dk\/no\/product\/sklz-precision-pop-up-maal-130-cm\/","title":{"rendered":"SKLZ Precision Pop-Up-m\u00e5l - 130 cm"},"content":{"rendered":"<p>SKLZ Precision Pop-Up Goal - 130 cm Det slitesterke SKLZ Precision Pop-Up Goal - 130 cm \u00e5pnes p\u00e5 et \u00f8yeblikk for \u00e5 skape et m\u00e5l p\u00e5 den ene siden og et skyte- og pasningsm\u00e5l p\u00e5 den andre. M\u00e5let har pigger som holder det fast i gresset, og er perfekt for pickup-kamper eller for \u00e5 l\u00e6re seg pasnings- og skuddteknikk. Tilgjengelig i 3 st\u00f8rrelser.   Se resten av SKLZs utvalg av treningsutstyr her.<\/p>\n","protected":false},"excerpt":{"rendered":"<p>SKLZ Precision Pop-Up Goal - 130 cm Det slitesterke SKLZ Precision Pop-Up Goal - 130 cm \u00e5pnes p\u00e5 et \u00f8yeblikk for \u00e5 skape et m\u00e5l p\u00e5 den ene siden og et skyte- og pasningsm\u00e5l p\u00e5 den andre. M\u00e5let har pigger som holder det fast i gresset, og er perfekt for pickup-kamper eller for \u00e5 l\u00e6re [&hellip;]<\/p>\n","protected":false},"featured_media":81877,"comment_status":"closed","ping_status":"closed","template":"","meta":{"_acf_changed":false},"product_brand":[],"product_cat":[2218,2020,1937,2207,2208,2220,1945],"product_tag":[2210],"class_list":{"0":"post-81872","1":"product","2":"type-product","3":"status-publish","4":"has-post-thumbnail","6":"product_cat-fotball-og-fotball","7":"product_cat-julegaveideer-no","8":"product_cat-merkevarer","9":"product_cat-sklz-no","10":"product_cat-sklz-no-2","11":"product_cat-sklz-fotball","12":"product_cat-treningsutstyr","13":"product_tag-sklz-no","15":"first","16":"instock","17":"taxable","18":"shipping-taxable","19":"purchasable","20":"product-type-simple"},"acf":[],"_links":{"self":[{"href":"https:\/\/fysiolab.dk\/no\/wp-json\/wp\/v2\/product\/81872","targetHints":{"allow":["GET"]}}],"collection":[{"href":"https:\/\/fysiolab.dk\/no\/wp-json\/wp\/v2\/product"}],"about":[{"href":"https:\/\/fysiolab.dk\/no\/wp-json\/wp\/v2\/types\/product"}],"replies":[{"embeddable":true,"href":"https:\/\/fysiolab.dk\/no\/wp-json\/wp\/v2\/comments?post=81872"}],"wp:featuredmedia":[{"embeddable":true,"href":"https:\/\/fysiolab.dk\/no\/wp-json\/wp\/v2\/media\/81877"}],"wp:attachment":[{"href":"https:\/\/fysiolab.dk\/no\/wp-json\/wp\/v2\/media?parent=81872"}],"wp:term":[{"taxonomy":"product_brand","embeddable":true,"href":"https:\/\/fysiolab.dk\/no\/wp-json\/wp\/v2\/product_brand?post=81872"},{"taxonomy":"product_cat","embeddable":true,"href":"https:\/\/fysiolab.dk\/no\/wp-json\/wp\/v2\/product_cat?post=81872"},{"taxonomy":"product_tag","embeddable":true,"href":"https:\/\/fysiolab.dk\/no\/wp-json\/wp\/v2\/product_tag?post=81872"}],"curies":[{"name":"wp","href":"https:\/\/api.w.org\/{rel}","templated":true}]}}