{"id":81908,"date":"2024-11-25T07:52:26","date_gmt":"2024-11-25T06:52:26","guid":{"rendered":"https:\/\/fysiolab.dk\/product\/sklz-fotballvolleyballnett-fottennisnett\/"},"modified":"2025-12-18T09:21:02","modified_gmt":"2025-12-18T08:21:02","slug":"sklz-fotballvolleyballnett-fottennisnett","status":"publish","type":"product","link":"https:\/\/fysiolab.dk\/no\/product\/sklz-fotballvolleyballnett-fottennisnett\/","title":{"rendered":"SKLZ Fotballvolleyballnett - Fottennisnett"},"content":{"rendered":"<p>SKLZ Soccer Volley Net - fotballtennis for trenings\u00f8kter Soccer Volley Net - fotballnett fra SKLZ er et morsomt og konkurransedyktig treningsverkt\u00f8y som bidrar til \u00e5 \u00f8ke antall repetisjoner og forbedre ballkontroll og teknikk. Soccer Volley Net er 3,66 meter bredt og har to h\u00f8ydeinnstillinger - for \u00e5 matche ferdighetsniv\u00e5et og gi mer variasjon i treningen. Kan brukes til volleyballkamper, en-til-en-trening og mye mer. Fottennis er g\u00f8y for b\u00e5de seri\u00f8se fotballspillere og barn og voksne i alle aldre. SKLZ Soccer Volley Net - Foot Tennis Net spesifikasjoner: M\u00e5l: 3,66 meter bredt med to h\u00f8ydeinnstillinger p\u00e5 61 og 91,5 cm. Et morsomt og effektivt treningsverkt\u00f8y for \u00e5 forbedre ballkontroll og teknikk 12-fots nett med to h\u00f8ydeinnstillinger gir flere variasjoner for trening og ferdighetsniv\u00e5er (2&#8242; og 3&#8242;) Nettkant med h\u00f8y synlighet hjelper spillerne med \u00e5 lese h\u00f8yden og returnere n\u00f8yaktig Stabil base med ikke-merkede f\u00f8tter for bruk i innend\u00f8rs og utend\u00f8rs spill Ultrahurtig oppsett og b\u00e6rbar design, jordspyd og veske inkludert M\u00e5-ha for fotballtennis-trenings\u00f8velser Se v\u00e5rt \u00f8vrige utvalg av fotballtreningsutstyr her .     <\/p>\n","protected":false},"excerpt":{"rendered":"<p>SKLZ Soccer Volley Net - fotballtennis for trenings\u00f8kter Soccer Volley Net - fotballnett fra SKLZ er et morsomt og konkurransedyktig treningsverkt\u00f8y som bidrar til \u00e5 \u00f8ke antall repetisjoner og forbedre ballkontroll og teknikk. Soccer Volley Net er 3,66 meter bredt og har to h\u00f8ydeinnstillinger - for \u00e5 matche ferdighetsniv\u00e5et og gi mer variasjon i treningen. [&hellip;]<\/p>\n","protected":false},"featured_media":81915,"comment_status":"closed","ping_status":"closed","template":"","meta":{"_acf_changed":false},"product_brand":[],"product_cat":[2218,2020,1937,2207,2208,2220,1945],"product_tag":[2210],"class_list":{"0":"post-81908","1":"product","2":"type-product","3":"status-publish","4":"has-post-thumbnail","6":"product_cat-fotball-og-fotball","7":"product_cat-julegaveideer-no","8":"product_cat-merkevarer","9":"product_cat-sklz-no","10":"product_cat-sklz-no-2","11":"product_cat-sklz-fotball","12":"product_cat-treningsutstyr","13":"product_tag-sklz-no","15":"first","16":"instock","17":"taxable","18":"shipping-taxable","19":"purchasable","20":"product-type-simple"},"acf":[],"_links":{"self":[{"href":"https:\/\/fysiolab.dk\/no\/wp-json\/wp\/v2\/product\/81908","targetHints":{"allow":["GET"]}}],"collection":[{"href":"https:\/\/fysiolab.dk\/no\/wp-json\/wp\/v2\/product"}],"about":[{"href":"https:\/\/fysiolab.dk\/no\/wp-json\/wp\/v2\/types\/product"}],"replies":[{"embeddable":true,"href":"https:\/\/fysiolab.dk\/no\/wp-json\/wp\/v2\/comments?post=81908"}],"wp:featuredmedia":[{"embeddable":true,"href":"https:\/\/fysiolab.dk\/no\/wp-json\/wp\/v2\/media\/81915"}],"wp:attachment":[{"href":"https:\/\/fysiolab.dk\/no\/wp-json\/wp\/v2\/media?parent=81908"}],"wp:term":[{"taxonomy":"product_brand","embeddable":true,"href":"https:\/\/fysiolab.dk\/no\/wp-json\/wp\/v2\/product_brand?post=81908"},{"taxonomy":"product_cat","embeddable":true,"href":"https:\/\/fysiolab.dk\/no\/wp-json\/wp\/v2\/product_cat?post=81908"},{"taxonomy":"product_tag","embeddable":true,"href":"https:\/\/fysiolab.dk\/no\/wp-json\/wp\/v2\/product_tag?post=81908"}],"curies":[{"name":"wp","href":"https:\/\/api.w.org\/{rel}","templated":true}]}}