{"id":81920,"date":"2024-11-25T07:52:47","date_gmt":"2024-11-25T06:52:47","guid":{"rendered":"https:\/\/fysiolab.dk\/product\/sklz-star-kick-touch-trainer-volt\/"},"modified":"2025-12-18T09:21:02","modified_gmt":"2025-12-18T08:21:02","slug":"sklz-star-kick-touch-trainer-volt","status":"publish","type":"product","link":"https:\/\/fysiolab.dk\/no\/product\/sklz-star-kick-touch-trainer-volt\/","title":{"rendered":"SKLZ Star-Kick Touch Trainer - Volt"},"content":{"rendered":"<p>SKLZ Star-Kick Touch Trainer i fargen Volt Med SKLZ Star-Kick Touch Trainer - Volt kan du trene nesten hvor som helst for \u00e5 forbedre \u00f8ye-til-fot-koordinasjon, ballkontroll, rytme og touch. SKLZ Star-Kick Touch Trainer har en b\u00e6rbar design, et ergonomisk h\u00e5ndtak og 360-graders svingbarhet, og er laget for \u00e5 gi deg bedre ballkontroll. Spesifikasjoner: Et morsomt og effektivt treningsverkt\u00f8y for \u00e5 forbedre ballkontroll, rytme og generell ber\u00f8ring.   Ball i st\u00f8rrelse 1 bidrar til \u00e5 utvikle fot-\u00f8ye-koordinasjon med begge f\u00f8tter. Den b\u00e6rbare designen gj\u00f8r at du kan trene hvor som helst og maksimere ber\u00f8ringene dine. Det ergonomiske, kompakte h\u00e5ndtaket ligger godt i h\u00e5nden, og ledningen kan justeres i alle h\u00f8yder. 360 graders svingbar teknologi gj\u00f8r at ballen kan spinne fritt. Unik ballgrafikk hjelper deg med \u00e5 spore rotasjonsretningen. SKLZ Star-Kick Touch Trainer Bygget for moro skyld og for \u00e5 gi spillerne de repetisjonene de trenger. Den lille ballen i st\u00f8rrelse 1 hjelper spillerne med \u00e5 \u00f8ke fot-til-\u00f8ye-koordinasjonen i begge f\u00f8tter og forbedre kontroll, rytme og touch. Har et b\u00e6rbart design, ergonomisk h\u00e5ndtak og 360\u00ba svingbarhet som gj\u00f8r at du kan spille nesten hvor som helst for \u00e5 maksimere antall ber\u00f8ringer.   Se resten av SKLZs utvalg av treningsutstyr her.<\/p>\n","protected":false},"excerpt":{"rendered":"<p>SKLZ Star-Kick Touch Trainer i fargen Volt Med SKLZ Star-Kick Touch Trainer - Volt kan du trene nesten hvor som helst for \u00e5 forbedre \u00f8ye-til-fot-koordinasjon, ballkontroll, rytme og touch. SKLZ Star-Kick Touch Trainer har en b\u00e6rbar design, et ergonomisk h\u00e5ndtak og 360-graders svingbarhet, og er laget for \u00e5 gi deg bedre ballkontroll. Spesifikasjoner: Et morsomt [&hellip;]<\/p>\n","protected":false},"featured_media":81929,"comment_status":"closed","ping_status":"closed","template":"","meta":{"_acf_changed":false},"product_brand":[],"product_cat":[2218,2020,1937,2207,2208,2220,1945],"product_tag":[2210],"class_list":{"0":"post-81920","1":"product","2":"type-product","3":"status-publish","4":"has-post-thumbnail","6":"product_cat-fotball-og-fotball","7":"product_cat-julegaveideer-no","8":"product_cat-merkevarer","9":"product_cat-sklz-no","10":"product_cat-sklz-no-2","11":"product_cat-sklz-fotball","12":"product_cat-treningsutstyr","13":"product_tag-sklz-no","15":"first","16":"instock","17":"taxable","18":"shipping-taxable","19":"purchasable","20":"product-type-simple"},"acf":[],"_links":{"self":[{"href":"https:\/\/fysiolab.dk\/no\/wp-json\/wp\/v2\/product\/81920","targetHints":{"allow":["GET"]}}],"collection":[{"href":"https:\/\/fysiolab.dk\/no\/wp-json\/wp\/v2\/product"}],"about":[{"href":"https:\/\/fysiolab.dk\/no\/wp-json\/wp\/v2\/types\/product"}],"replies":[{"embeddable":true,"href":"https:\/\/fysiolab.dk\/no\/wp-json\/wp\/v2\/comments?post=81920"}],"wp:featuredmedia":[{"embeddable":true,"href":"https:\/\/fysiolab.dk\/no\/wp-json\/wp\/v2\/media\/81929"}],"wp:attachment":[{"href":"https:\/\/fysiolab.dk\/no\/wp-json\/wp\/v2\/media?parent=81920"}],"wp:term":[{"taxonomy":"product_brand","embeddable":true,"href":"https:\/\/fysiolab.dk\/no\/wp-json\/wp\/v2\/product_brand?post=81920"},{"taxonomy":"product_cat","embeddable":true,"href":"https:\/\/fysiolab.dk\/no\/wp-json\/wp\/v2\/product_cat?post=81920"},{"taxonomy":"product_tag","embeddable":true,"href":"https:\/\/fysiolab.dk\/no\/wp-json\/wp\/v2\/product_tag?post=81920"}],"curies":[{"name":"wp","href":"https:\/\/api.w.org\/{rel}","templated":true}]}}