{"id":81921,"date":"2024-11-25T07:52:19","date_gmt":"2024-11-25T06:52:19","guid":{"rendered":"https:\/\/fysiolab.dk\/product\/sklz-quickster-fotballmaal-18-m-x-12-m-8500-g\/"},"modified":"2025-12-18T09:21:02","modified_gmt":"2025-12-18T08:21:02","slug":"sklz-quickster-fotballmaal-18-m-x-12-m-8500-g","status":"publish","type":"product","link":"https:\/\/fysiolab.dk\/no\/product\/sklz-quickster-fotballmaal-18-m-x-12-m-8500-g\/","title":{"rendered":"SKLZ Quickster fotballm\u00e5l 1,8 m x 1,2 m 8500 g"},"content":{"rendered":"<p>SKLZ Quickster fotballm\u00e5l 1,8 m x 1,2 m SKLZ Quickster fotballm\u00e5l s\u00f8rger for at du er i gang med \u00e5 spille p\u00e5 to minutter. Lett \u00e5 sette opp og ta ned! SKLZ Quickster-fotballen er ikke bare rask \u00e5 sette opp, den er ogs\u00e5 enkel \u00e5 transportere og flytte rundt. Fotballm\u00e5let er vakkert utformet i en sv\u00e6rt slitesterk design for h\u00f8yintensiv trening. Quickster fotballm\u00e5l er designet for alle, fra lek til seri\u00f8se fotballspillere. Quickster fotballm\u00e5l er et kvalitetsm\u00e5l som er bygget for \u00e5 t\u00e5le selv de st\u00f8rste utfordringene. Totalvekt: 8,50 kg. Finnes i tre st\u00f8rrelser: 3,6 m. x 1,8 m. 2,4 m. x 1,5 m. 1,8 m. x 1,2 m. B\u00e6reveske og knagger medf\u00f8lger. SKLZ Fotballm\u00e5l Quickster fotballm\u00e5l fra SKLZ er utrolig enkelt \u00e5 sette opp og kan tas med hvor som helst. Det er ideelt for trening p\u00e5 sm\u00e5 omr\u00e5der der fokuset ligger p\u00e5 tekniske ferdigheter. Avslutningsspillet er ekstremt viktig, og SKLZ fotballm\u00e5l vil bidra til \u00e5 forbedre n\u00f8yaktigheten og presisjonen i den enkelte fotballspillers avslutninger. SKLZ Quickster fotballm\u00e5l er ogs\u00e5 for alle fotballspillere som \u00f8nsker et kvalitetsm\u00e5l til hagen eller institusjonen, og som ikke \u00f8nsker \u00e5 ha et m\u00e5l st\u00e5ende fremme. SKLZ fotballm\u00e5l kommer i flere forskjellige st\u00f8rrelser og gir de beste mulighetene til \u00e5 forbedre ferdighetene dine. I tillegg gir fotballm\u00e5let en autentisk opplevelse uansett hvor det brukes. Quickster-fotballm\u00e5let leveres i en praktisk b\u00e6reveske med knagger for \u00e5 feste m\u00e5let i bakken. V\u00e6r oppmerksom p\u00e5 at m\u00e5let er tilgjengelig i forskjellige st\u00f8rrelser. Ta en titt p\u00e5 de andre st\u00f8rrelsene v\u00e5re og finn det m\u00e5let som passer dine behov. Se videoen v\u00e5r om Quickster fotballm\u00e5l Se resten av SKLZ&#8217; utvalg av treningsutstyr her.                  <\/p>\n","protected":false},"excerpt":{"rendered":"<p>SKLZ Quickster fotballm\u00e5l 1,8 m x 1,2 m SKLZ Quickster fotballm\u00e5l s\u00f8rger for at du er i gang med \u00e5 spille p\u00e5 to minutter. Lett \u00e5 sette opp og ta ned! SKLZ Quickster-fotballen er ikke bare rask \u00e5 sette opp, den er ogs\u00e5 enkel \u00e5 transportere og flytte rundt. Fotballm\u00e5let er vakkert utformet i en [&hellip;]<\/p>\n","protected":false},"featured_media":81922,"comment_status":"closed","ping_status":"closed","template":"","meta":{"_acf_changed":false},"product_brand":[],"product_cat":[2218,2020,1937,2207,2208,2220,1945],"product_tag":[2210],"class_list":{"0":"post-81921","1":"product","2":"type-product","3":"status-publish","4":"has-post-thumbnail","6":"product_cat-fotball-og-fotball","7":"product_cat-julegaveideer-no","8":"product_cat-merkevarer","9":"product_cat-sklz-no","10":"product_cat-sklz-no-2","11":"product_cat-sklz-fotball","12":"product_cat-treningsutstyr","13":"product_tag-sklz-no","15":"first","16":"instock","17":"taxable","18":"shipping-taxable","19":"purchasable","20":"product-type-simple"},"acf":[],"_links":{"self":[{"href":"https:\/\/fysiolab.dk\/no\/wp-json\/wp\/v2\/product\/81921","targetHints":{"allow":["GET"]}}],"collection":[{"href":"https:\/\/fysiolab.dk\/no\/wp-json\/wp\/v2\/product"}],"about":[{"href":"https:\/\/fysiolab.dk\/no\/wp-json\/wp\/v2\/types\/product"}],"replies":[{"embeddable":true,"href":"https:\/\/fysiolab.dk\/no\/wp-json\/wp\/v2\/comments?post=81921"}],"wp:featuredmedia":[{"embeddable":true,"href":"https:\/\/fysiolab.dk\/no\/wp-json\/wp\/v2\/media\/81922"}],"wp:attachment":[{"href":"https:\/\/fysiolab.dk\/no\/wp-json\/wp\/v2\/media?parent=81921"}],"wp:term":[{"taxonomy":"product_brand","embeddable":true,"href":"https:\/\/fysiolab.dk\/no\/wp-json\/wp\/v2\/product_brand?post=81921"},{"taxonomy":"product_cat","embeddable":true,"href":"https:\/\/fysiolab.dk\/no\/wp-json\/wp\/v2\/product_cat?post=81921"},{"taxonomy":"product_tag","embeddable":true,"href":"https:\/\/fysiolab.dk\/no\/wp-json\/wp\/v2\/product_tag?post=81921"}],"curies":[{"name":"wp","href":"https:\/\/api.w.org\/{rel}","templated":true}]}}