{"id":81934,"date":"2024-11-25T07:52:41","date_gmt":"2024-11-25T06:52:41","guid":{"rendered":"https:\/\/fysiolab.dk\/product\/sklz-fotballmaal-med-nett-for-ungdom\/"},"modified":"2025-12-18T09:21:02","modified_gmt":"2025-12-18T08:21:02","slug":"sklz-fotballmaal-med-nett-for-ungdom","status":"publish","type":"product","link":"https:\/\/fysiolab.dk\/no\/product\/sklz-fotballmaal-med-nett-for-ungdom\/","title":{"rendered":"SKLZ fotballm\u00e5l med nett for ungdom"},"content":{"rendered":"<p>SKLZ Youth Soccer Net Football Goal - enkelt \u00e5 sette opp fotballnett for de minste Dette fotballm\u00e5let fra SKLZ er enkelt \u00e5 sette opp og har en autentisk form, et slitesterkt nett og en ramme av glassfiber. SKLZ Youth Soccer Net Football Goal er perfekt for mindre kamper eller pasnings- og skudd\u00f8velser. Rask oppsetting Kan brukes b\u00e5de innend\u00f8rs og utend\u00f8rs Slitesterkt nett med glassfiberramme Lett, b\u00e6rbart og enkelt \u00e5 ta med seg p\u00e5 farten Se resten av SKLZ&#8217; utvalg av treningsutstyr her.  <\/p>\n","protected":false},"excerpt":{"rendered":"<p>SKLZ Youth Soccer Net Football Goal - enkelt \u00e5 sette opp fotballnett for de minste Dette fotballm\u00e5let fra SKLZ er enkelt \u00e5 sette opp og har en autentisk form, et slitesterkt nett og en ramme av glassfiber. SKLZ Youth Soccer Net Football Goal er perfekt for mindre kamper eller pasnings- og skudd\u00f8velser. Rask oppsetting Kan [&hellip;]<\/p>\n","protected":false},"featured_media":81936,"comment_status":"closed","ping_status":"closed","template":"","meta":{"_acf_changed":false},"product_brand":[],"product_cat":[2218,2020,1937,2207,2208,2220,1945],"product_tag":[2210],"class_list":{"0":"post-81934","1":"product","2":"type-product","3":"status-publish","4":"has-post-thumbnail","6":"product_cat-fotball-og-fotball","7":"product_cat-julegaveideer-no","8":"product_cat-merkevarer","9":"product_cat-sklz-no","10":"product_cat-sklz-no-2","11":"product_cat-sklz-fotball","12":"product_cat-treningsutstyr","13":"product_tag-sklz-no","15":"first","16":"instock","17":"taxable","18":"shipping-taxable","19":"purchasable","20":"product-type-simple"},"acf":[],"_links":{"self":[{"href":"https:\/\/fysiolab.dk\/no\/wp-json\/wp\/v2\/product\/81934","targetHints":{"allow":["GET"]}}],"collection":[{"href":"https:\/\/fysiolab.dk\/no\/wp-json\/wp\/v2\/product"}],"about":[{"href":"https:\/\/fysiolab.dk\/no\/wp-json\/wp\/v2\/types\/product"}],"replies":[{"embeddable":true,"href":"https:\/\/fysiolab.dk\/no\/wp-json\/wp\/v2\/comments?post=81934"}],"wp:featuredmedia":[{"embeddable":true,"href":"https:\/\/fysiolab.dk\/no\/wp-json\/wp\/v2\/media\/81936"}],"wp:attachment":[{"href":"https:\/\/fysiolab.dk\/no\/wp-json\/wp\/v2\/media?parent=81934"}],"wp:term":[{"taxonomy":"product_brand","embeddable":true,"href":"https:\/\/fysiolab.dk\/no\/wp-json\/wp\/v2\/product_brand?post=81934"},{"taxonomy":"product_cat","embeddable":true,"href":"https:\/\/fysiolab.dk\/no\/wp-json\/wp\/v2\/product_cat?post=81934"},{"taxonomy":"product_tag","embeddable":true,"href":"https:\/\/fysiolab.dk\/no\/wp-json\/wp\/v2\/product_tag?post=81934"}],"curies":[{"name":"wp","href":"https:\/\/api.w.org\/{rel}","templated":true}]}}