{"id":81950,"date":"2024-11-25T07:52:08","date_gmt":"2024-11-25T06:52:08","guid":{"rendered":"https:\/\/fysiolab.dk\/product\/sklz-goalshot-11-mannsmaal-732-m-x-244-m\/"},"modified":"2025-12-18T09:21:03","modified_gmt":"2025-12-18T08:21:03","slug":"sklz-goalshot-11-mannsmaal-732-m-x-244-m","status":"publish","type":"product","link":"https:\/\/fysiolab.dk\/no\/product\/sklz-goalshot-11-mannsmaal-732-m-x-244-m\/","title":{"rendered":"SKLZ Goalshot (11-mannsm\u00e5l - 7,32 m. x 2,44 m.)"},"content":{"rendered":"<p>SKLZ Goalshot for fotballtrening Bli en bedre m\u00e5lscorer b\u00e5de fra straffemerket og utenfor boksen med SKLZ Goalshot - tren p\u00e5 \u00e5 sette ballen p\u00e5 de vanskelige stedene - hj\u00f8rnene. Goalshot er et innovativt og patentert treningsverkt\u00f8y som garantert vil forbedre og effektivisere fotballspillerens avslutninger og avslutningsm\u00f8nstre. Goalshot er utrolig enkelt \u00e5 sette opp og er designet for \u00e5 t\u00e5le alle typer skudd. En spennende, annerledes og morsom m\u00e5te \u00e5 trene og forbedre avslutningene dine p\u00e5. Leveres i ulike st\u00f8rrelser for ulike m\u00e5lst\u00f8rrelser: 7,32m x 2,44m (11-mannsm\u00e5l) 6,4m x 2,14m 5,66m x 2,01m 5m x 2m (7-mannsm\u00e5l) Goalshot treningsnett SKLZ Goalshot er et uunnv\u00e6rlig treningsnett som passer til alle 7- og 11-mannsm\u00e5l (7,32m x 2,44m). Ideelt for \u00e5 \u00f8ke effektiviteten og fokuset til individuelle fotballspillere og spisser! Dessuten er det ikke n\u00f8dvendig \u00e5 ha en keeper st\u00e5ende innenfor linjen. Goalshot er utviklet etter mange \u00e5rs datainnsamling og forskning. Studiene viser at sannsynligheten for \u00e5 score er fire ganger h\u00f8yere n\u00e5r man sparker i et av de fire friomr\u00e5dene. Nettet er et av de beste p\u00e5 markedet p\u00e5 grunn av bruken av materialer av h\u00f8y kvalitet. Goalshot er enkelt \u00e5 sette opp p\u00e5 f\u00e5 minutter - klar til \u00e5 gj\u00f8re angrepet enda skarpere foran! Goalshot vil bidra til \u00e5 holde fotballspillerens interesse ved like fordi Goalshot hele tiden bidrar til \u00e5 utvikle og utfordre den enkelte fotballspiller, ettersom det kreves at man er skarp for \u00e5 prestere. Samtidig kan et klubblag uten SKLZ Goalshot-m\u00e5l risikere \u00e5 ikke klare \u00e5 holde p\u00e5 de beste spissene, fordi disse fotballspillerne s\u00f8ker seg dit hvor det beste og mest innovative utstyret er tilgjengelig, og hvor det er mulig \u00e5 utvikle seg og bli enda bedre. Hvis en av de fire \u00e5pne sonene ikke treffes, sender nettet ballen tilbake med en trampolineeffekt En praktisk b\u00e6reveske er inkludert for enkel transport og oppbevaring Se videoen v\u00e5r for mer informasjon om Goalshot-nettet fra SKLZ Se det \u00f8vrige utvalget av SKLZ-treningsutstyr her.             <\/p>\n","protected":false},"excerpt":{"rendered":"<p>SKLZ Goalshot for fotballtrening Bli en bedre m\u00e5lscorer b\u00e5de fra straffemerket og utenfor boksen med SKLZ Goalshot - tren p\u00e5 \u00e5 sette ballen p\u00e5 de vanskelige stedene - hj\u00f8rnene. Goalshot er et innovativt og patentert treningsverkt\u00f8y som garantert vil forbedre og effektivisere fotballspillerens avslutninger og avslutningsm\u00f8nstre. Goalshot er utrolig enkelt \u00e5 sette opp og er [&hellip;]<\/p>\n","protected":false},"featured_media":81952,"comment_status":"closed","ping_status":"closed","template":"","meta":{"_acf_changed":false},"product_brand":[],"product_cat":[2218,2020,1937,2207,2208,2220,1945],"product_tag":[2210],"class_list":{"0":"post-81950","1":"product","2":"type-product","3":"status-publish","4":"has-post-thumbnail","6":"product_cat-fotball-og-fotball","7":"product_cat-julegaveideer-no","8":"product_cat-merkevarer","9":"product_cat-sklz-no","10":"product_cat-sklz-no-2","11":"product_cat-sklz-fotball","12":"product_cat-treningsutstyr","13":"product_tag-sklz-no","15":"first","16":"instock","17":"taxable","18":"shipping-taxable","19":"purchasable","20":"product-type-simple"},"acf":[],"_links":{"self":[{"href":"https:\/\/fysiolab.dk\/no\/wp-json\/wp\/v2\/product\/81950","targetHints":{"allow":["GET"]}}],"collection":[{"href":"https:\/\/fysiolab.dk\/no\/wp-json\/wp\/v2\/product"}],"about":[{"href":"https:\/\/fysiolab.dk\/no\/wp-json\/wp\/v2\/types\/product"}],"replies":[{"embeddable":true,"href":"https:\/\/fysiolab.dk\/no\/wp-json\/wp\/v2\/comments?post=81950"}],"wp:featuredmedia":[{"embeddable":true,"href":"https:\/\/fysiolab.dk\/no\/wp-json\/wp\/v2\/media\/81952"}],"wp:attachment":[{"href":"https:\/\/fysiolab.dk\/no\/wp-json\/wp\/v2\/media?parent=81950"}],"wp:term":[{"taxonomy":"product_brand","embeddable":true,"href":"https:\/\/fysiolab.dk\/no\/wp-json\/wp\/v2\/product_brand?post=81950"},{"taxonomy":"product_cat","embeddable":true,"href":"https:\/\/fysiolab.dk\/no\/wp-json\/wp\/v2\/product_cat?post=81950"},{"taxonomy":"product_tag","embeddable":true,"href":"https:\/\/fysiolab.dk\/no\/wp-json\/wp\/v2\/product_tag?post=81950"}],"curies":[{"name":"wp","href":"https:\/\/api.w.org\/{rel}","templated":true}]}}