{"id":81951,"date":"2024-11-25T07:52:38","date_gmt":"2024-11-25T06:52:38","guid":{"rendered":"https:\/\/fysiolab.dk\/product\/sklz-pro-training-utility-weight\/"},"modified":"2025-12-18T09:21:02","modified_gmt":"2025-12-18T08:21:02","slug":"sklz-pro-training-utility-weight","status":"publish","type":"product","link":"https:\/\/fysiolab.dk\/no\/product\/sklz-pro-training-utility-weight\/","title":{"rendered":"SKLZ Pro Training Utility Weight"},"content":{"rendered":"<p>SKLZ Pro Training Utility Weight - 2 per sett Med SKLZ Pro Training Utility Weight er ventetiden p\u00e5 bedre st\u00f8ttevekter over. Disse 1,8 kg tunge vektene er laget av slitesterk gummi av h\u00f8y kvalitet og er designet for \u00e5 fungere sammen med Pro Training System, og holder Pro Training-staver, -buer og -m\u00e5l trygt p\u00e5 plass p\u00e5 alle underlag. Spesifikasjoner for Pro Training Utility Weights: Holder Pro Training Agility-staver og -buer oppreist. Kan brukes p\u00e5 alle underlag. Gir ekstra stabilitet til Quickster Soccer Trainer og Pro Training-m\u00e5l. Bedre balanse p\u00e5 alle underlag. Vekt: 1,8 kg per stk. Laget av slitesterk gummi. Leveres i et sett med 2 stk.         Se resten av SKLZs utvalg av treningsutstyr her.<\/p>\n","protected":false},"excerpt":{"rendered":"<p>SKLZ Pro Training Utility Weight - 2 per sett Med SKLZ Pro Training Utility Weight er ventetiden p\u00e5 bedre st\u00f8ttevekter over. Disse 1,8 kg tunge vektene er laget av slitesterk gummi av h\u00f8y kvalitet og er designet for \u00e5 fungere sammen med Pro Training System, og holder Pro Training-staver, -buer og -m\u00e5l trygt p\u00e5 plass [&hellip;]<\/p>\n","protected":false},"featured_media":81954,"comment_status":"closed","ping_status":"closed","template":"","meta":{"_acf_changed":false},"product_brand":[],"product_cat":[2218,2020,1937,2207,2208,2220,1945],"product_tag":[2210],"class_list":{"0":"post-81951","1":"product","2":"type-product","3":"status-publish","4":"has-post-thumbnail","6":"product_cat-fotball-og-fotball","7":"product_cat-julegaveideer-no","8":"product_cat-merkevarer","9":"product_cat-sklz-no","10":"product_cat-sklz-no-2","11":"product_cat-sklz-fotball","12":"product_cat-treningsutstyr","13":"product_tag-sklz-no","15":"first","16":"instock","17":"taxable","18":"shipping-taxable","19":"purchasable","20":"product-type-simple"},"acf":[],"_links":{"self":[{"href":"https:\/\/fysiolab.dk\/no\/wp-json\/wp\/v2\/product\/81951","targetHints":{"allow":["GET"]}}],"collection":[{"href":"https:\/\/fysiolab.dk\/no\/wp-json\/wp\/v2\/product"}],"about":[{"href":"https:\/\/fysiolab.dk\/no\/wp-json\/wp\/v2\/types\/product"}],"replies":[{"embeddable":true,"href":"https:\/\/fysiolab.dk\/no\/wp-json\/wp\/v2\/comments?post=81951"}],"wp:featuredmedia":[{"embeddable":true,"href":"https:\/\/fysiolab.dk\/no\/wp-json\/wp\/v2\/media\/81954"}],"wp:attachment":[{"href":"https:\/\/fysiolab.dk\/no\/wp-json\/wp\/v2\/media?parent=81951"}],"wp:term":[{"taxonomy":"product_brand","embeddable":true,"href":"https:\/\/fysiolab.dk\/no\/wp-json\/wp\/v2\/product_brand?post=81951"},{"taxonomy":"product_cat","embeddable":true,"href":"https:\/\/fysiolab.dk\/no\/wp-json\/wp\/v2\/product_cat?post=81951"},{"taxonomy":"product_tag","embeddable":true,"href":"https:\/\/fysiolab.dk\/no\/wp-json\/wp\/v2\/product_tag?post=81951"}],"curies":[{"name":"wp","href":"https:\/\/api.w.org\/{rel}","templated":true}]}}