{"id":81958,"date":"2024-11-25T07:52:32","date_gmt":"2024-11-25T06:52:32","guid":{"rendered":"https:\/\/fysiolab.dk\/product\/sklz-golden-touch-vektet-fotball-stoerrelse-3\/"},"modified":"2025-12-18T09:21:02","modified_gmt":"2025-12-18T08:21:02","slug":"sklz-golden-touch-vektet-fotball-stoerrelse-3","status":"publish","type":"product","link":"https:\/\/fysiolab.dk\/no\/product\/sklz-golden-touch-vektet-fotball-stoerrelse-3\/","title":{"rendered":"SKLZ Golden Touch vektet fotball st\u00f8rrelse 3"},"content":{"rendered":"<h2>SKLZ Golden Touch Weighted Football st\u00f8rrelse 3 - den perfekte treningsballen<\/h2>\n<p>SKLZ Golden Touch Weighted Football st\u00f8rrelse 3 etterligner bevegelsene og f\u00f8lelsen til en kampball, men Golden Touch forbedrer teknikk, touch og kontroll samtidig som den opprettholder vekten til en offisiell ball. Ballen er ogs\u00e5 et flott treningsverkt\u00f8y som kan brukes i flere aspekter av treningen. <\/p>\n<h3>SKLZ Golden Touch spesifikasjoner:<\/h3>\n<ul>\n<li>Utvikler teknikk og ballkontroll ved \u00e5 fokusere p\u00e5 et mindre m\u00e5l under trening.<\/li>\n<li>Ball i offisiell st\u00f8rrelse 3 med offisiell vekt i st\u00f8rrelse 5 etterligner sprett, rull og reaksjoner fra en matchball.<\/li>\n<li>Forbedrer alle faser av spillet, inkludert dribling, skudd, pasninger og mottak av b\u00e5de korte pasninger og d\u00f8dballer.<\/li>\n<li>Perfekt verkt\u00f8y for trenere og individuell trening p\u00e5 banen eller hjemme.<\/li>\n<li>Hjelper m\u00e5lvakten med \u00e5 forbedre reaksjonstiden og kroppsposisjonen under redninger ved \u00e5 m\u00e5tte f\u00f8lge og fange en mindre ball.<\/li>\n<\/ul>\n<p>Se resten av <a href=\"https:\/\/gaiasport.dk\/vare-kategori\/producenter\/sklz\/\" target=\"_blank\" rel=\"noopener\">SKLZs<\/a> utvalg av treningsutstyr her.<\/p>\n","protected":false},"excerpt":{"rendered":"<p>SKLZ Golden Touch Weighted Football st\u00f8rrelse 3 - den perfekte treningsballen SKLZ Golden Touch Weighted Football st\u00f8rrelse 3 etterligner bevegelsene og f\u00f8lelsen til en kampball, men Golden Touch forbedrer teknikk, touch og kontroll samtidig som den opprettholder vekten til en offisiell ball. Ballen er ogs\u00e5 et flott treningsverkt\u00f8y som kan brukes i flere aspekter av [&hellip;]<\/p>\n","protected":false},"featured_media":81959,"comment_status":"closed","ping_status":"closed","template":"","meta":{"_acf_changed":false},"product_brand":[],"product_cat":[2218,2020,1937,2207,2208,2220,1945],"product_tag":[2210],"class_list":{"0":"post-81958","1":"product","2":"type-product","3":"status-publish","4":"has-post-thumbnail","6":"product_cat-fotball-og-fotball","7":"product_cat-julegaveideer-no","8":"product_cat-merkevarer","9":"product_cat-sklz-no","10":"product_cat-sklz-no-2","11":"product_cat-sklz-fotball","12":"product_cat-treningsutstyr","13":"product_tag-sklz-no","15":"first","16":"instock","17":"taxable","18":"shipping-taxable","19":"purchasable","20":"product-type-simple"},"acf":[],"_links":{"self":[{"href":"https:\/\/fysiolab.dk\/no\/wp-json\/wp\/v2\/product\/81958","targetHints":{"allow":["GET"]}}],"collection":[{"href":"https:\/\/fysiolab.dk\/no\/wp-json\/wp\/v2\/product"}],"about":[{"href":"https:\/\/fysiolab.dk\/no\/wp-json\/wp\/v2\/types\/product"}],"replies":[{"embeddable":true,"href":"https:\/\/fysiolab.dk\/no\/wp-json\/wp\/v2\/comments?post=81958"}],"wp:featuredmedia":[{"embeddable":true,"href":"https:\/\/fysiolab.dk\/no\/wp-json\/wp\/v2\/media\/81959"}],"wp:attachment":[{"href":"https:\/\/fysiolab.dk\/no\/wp-json\/wp\/v2\/media?parent=81958"}],"wp:term":[{"taxonomy":"product_brand","embeddable":true,"href":"https:\/\/fysiolab.dk\/no\/wp-json\/wp\/v2\/product_brand?post=81958"},{"taxonomy":"product_cat","embeddable":true,"href":"https:\/\/fysiolab.dk\/no\/wp-json\/wp\/v2\/product_cat?post=81958"},{"taxonomy":"product_tag","embeddable":true,"href":"https:\/\/fysiolab.dk\/no\/wp-json\/wp\/v2\/product_tag?post=81958"}],"curies":[{"name":"wp","href":"https:\/\/api.w.org\/{rel}","templated":true}]}}