{"id":81973,"date":"2024-11-25T07:51:12","date_gmt":"2024-11-25T06:51:12","guid":{"rendered":"https:\/\/fysiolab.dk\/product\/sklz-pro-mini-hoop\/"},"modified":"2025-12-18T09:21:03","modified_gmt":"2025-12-18T08:21:03","slug":"sklz-pro-mini-hoop","status":"publish","type":"product","link":"https:\/\/fysiolab.dk\/no\/product\/sklz-pro-mini-hoop\/","title":{"rendered":"SKLZ Pro Mini Hoop"},"content":{"rendered":"<p>Pro Mini Hoop - basketballsett Innend\u00f8rs, utend\u00f8rs, p\u00e5 kontoret eller p\u00e5 hybelen - SKLZ Pro Mini Hoop kan brukes overalt. Gir brukeren en autentisk basketballopplevelse. <\/p>\n<p>Basketballnettet kan justeres i h\u00f8yden og ser ut som og fungerer som en profesjonell basketballkurv. Bakplaten er belagt med bomullsull for \u00e5 beskytte d\u00f8ren den henger p\u00e5. <\/p>\n<p>Mini basketball og kurv leveres med en Mini basketball (luft, ca. 13 cm. diameter), plate (45 cm. x 30 cm.) og kurv (23 cm. diameter) Pro Mini Hoop er enkel \u00e5 montere over d\u00f8ren eller p\u00e5 veggen.<\/p>\n<p>Merk: Kulepumpe er ikke inkludert i settet. Vi har <a title=\"Zefal kulepumpe gaiasport\" href=\"https:\/\/gaiasport.dk\/products\/zefal-max-pumpe-til-bolde-og-cykler?_pos=1&amp;_sid=f43d9f732&amp;_ss=r\" target=\"_blank\" rel=\"noopener\">denne smarte pumpen<\/a> fra Z\u00e9fal. <\/p>\n<p>Du kan bestille ekstra <a href=\"https:\/\/gaiasport.dk\/search?q=mini+swish+ball\" target=\"_blank\" rel=\"noopener\">Pro Mini Swish-baller<\/a> til Pro Mini Hoop. <br \/>Finnes i tre farger: original oransje, svart\/s\u00f8lv og bl\u00e5\/r\u00f8d. Mini Swish-ballene er laget av et skummateriale og trenger derfor ikke \u00e5 pumpes. <\/p>\n","protected":false},"excerpt":{"rendered":"<p>Pro Mini Hoop - basketballsett Innend\u00f8rs, utend\u00f8rs, p\u00e5 kontoret eller p\u00e5 hybelen - SKLZ Pro Mini Hoop kan brukes overalt. Gir brukeren en autentisk basketballopplevelse. Basketballnettet kan justeres i h\u00f8yden og ser ut som og fungerer som en profesjonell basketballkurv. Bakplaten er belagt med bomullsull for \u00e5 beskytte d\u00f8ren den henger p\u00e5. Mini basketball og [&hellip;]<\/p>\n","protected":false},"featured_media":81975,"comment_status":"closed","ping_status":"closed","template":"","meta":{"_acf_changed":false},"product_brand":[],"product_cat":[2020,1937,2207,2208,1945],"product_tag":[2210],"class_list":{"0":"post-81973","1":"product","2":"type-product","3":"status-publish","4":"has-post-thumbnail","6":"product_cat-julegaveideer-no","7":"product_cat-merkevarer","8":"product_cat-sklz-no","9":"product_cat-sklz-no-2","10":"product_cat-treningsutstyr","11":"product_tag-sklz-no","13":"first","14":"instock","15":"taxable","16":"shipping-taxable","17":"purchasable","18":"product-type-simple"},"acf":[],"_links":{"self":[{"href":"https:\/\/fysiolab.dk\/no\/wp-json\/wp\/v2\/product\/81973","targetHints":{"allow":["GET"]}}],"collection":[{"href":"https:\/\/fysiolab.dk\/no\/wp-json\/wp\/v2\/product"}],"about":[{"href":"https:\/\/fysiolab.dk\/no\/wp-json\/wp\/v2\/types\/product"}],"replies":[{"embeddable":true,"href":"https:\/\/fysiolab.dk\/no\/wp-json\/wp\/v2\/comments?post=81973"}],"wp:featuredmedia":[{"embeddable":true,"href":"https:\/\/fysiolab.dk\/no\/wp-json\/wp\/v2\/media\/81975"}],"wp:attachment":[{"href":"https:\/\/fysiolab.dk\/no\/wp-json\/wp\/v2\/media?parent=81973"}],"wp:term":[{"taxonomy":"product_brand","embeddable":true,"href":"https:\/\/fysiolab.dk\/no\/wp-json\/wp\/v2\/product_brand?post=81973"},{"taxonomy":"product_cat","embeddable":true,"href":"https:\/\/fysiolab.dk\/no\/wp-json\/wp\/v2\/product_cat?post=81973"},{"taxonomy":"product_tag","embeddable":true,"href":"https:\/\/fysiolab.dk\/no\/wp-json\/wp\/v2\/product_tag?post=81973"}],"curies":[{"name":"wp","href":"https:\/\/api.w.org\/{rel}","templated":true}]}}