{"id":81974,"date":"2024-11-25T07:51:54","date_gmt":"2024-11-25T06:51:54","guid":{"rendered":"https:\/\/fysiolab.dk\/product\/sklz-travel-massage-bar\/"},"modified":"2025-12-18T09:21:03","modified_gmt":"2025-12-18T08:21:03","slug":"sklz-travel-massage-bar","status":"publish","type":"product","link":"https:\/\/fysiolab.dk\/no\/product\/sklz-travel-massage-bar\/","title":{"rendered":"SKLZ Travel Massage Bar"},"content":{"rendered":"<p>SKLZ Travel Massage Bar - b\u00e6rbart massasjeverkt\u00f8y Travel Massage Bar er din hjelp til \u00e5 f\u00e5 \u00f8mme muskler til \u00e5 restituere seg raskere ved \u00e5 frigj\u00f8re spenninger og \u00f8mhet. Med sine ergonomisk utformede h\u00e5ndtak som passer til alle hender og unike lagre og kulelagersystem, gir Travel Massage Bar deg optimal trykkontroll med en jevn og konsekvent f\u00f8lelse. Den er lett og passer i enhver sportsbag. Perfekt for restitusjon p\u00e5 farten. Laget av sv\u00e6rt slitesterkt materiale. Spesifikasjoner for Travel Massage Bar: Vekt: 0,59 kg. Lett og passer lett i nesten alle sportsvesker Ergonomisk utformet h\u00e5ndtak for maksimal komfort Unikt stang- og kulelagersystem for en jevn og jevn massasje Massasjeterapiverkt\u00f8y som hjelper \u00f8mme muskler med \u00e5 komme seg raskere Laget av et slitesterkt materiale Se videoen v\u00e5r for mer informasjon om massasjestenger fra SKLZ      <\/p>\n","protected":false},"excerpt":{"rendered":"<p>SKLZ Travel Massage Bar - b\u00e6rbart massasjeverkt\u00f8y Travel Massage Bar er din hjelp til \u00e5 f\u00e5 \u00f8mme muskler til \u00e5 restituere seg raskere ved \u00e5 frigj\u00f8re spenninger og \u00f8mhet. Med sine ergonomisk utformede h\u00e5ndtak som passer til alle hender og unike lagre og kulelagersystem, gir Travel Massage Bar deg optimal trykkontroll med en jevn og [&hellip;]<\/p>\n","protected":false},"featured_media":81979,"comment_status":"closed","ping_status":"closed","template":"","meta":{"_acf_changed":false},"product_brand":[],"product_cat":[2020,1948,2025,2640,2027,1937,1941,2207,2208,2639,1945],"product_tag":[2210],"class_list":{"0":"post-81974","1":"product","2":"type-product","3":"status-publish","4":"has-post-thumbnail","6":"product_cat-julegaveideer-no","7":"product_cat-klinikk","8":"product_cat-massasje","9":"product_cat-massasje-restaurering","10":"product_cat-massasjeutstyr","11":"product_cat-merkevarer","12":"product_cat-rekonvalesens-og-sportspleie","13":"product_cat-sklz-no","14":"product_cat-sklz-no-2","15":"product_cat-sklz-massasje-gjenoppretting","16":"product_cat-treningsutstyr","17":"product_tag-sklz-no","19":"first","20":"instock","21":"taxable","22":"shipping-taxable","23":"purchasable","24":"product-type-simple"},"acf":[],"_links":{"self":[{"href":"https:\/\/fysiolab.dk\/no\/wp-json\/wp\/v2\/product\/81974","targetHints":{"allow":["GET"]}}],"collection":[{"href":"https:\/\/fysiolab.dk\/no\/wp-json\/wp\/v2\/product"}],"about":[{"href":"https:\/\/fysiolab.dk\/no\/wp-json\/wp\/v2\/types\/product"}],"replies":[{"embeddable":true,"href":"https:\/\/fysiolab.dk\/no\/wp-json\/wp\/v2\/comments?post=81974"}],"wp:featuredmedia":[{"embeddable":true,"href":"https:\/\/fysiolab.dk\/no\/wp-json\/wp\/v2\/media\/81979"}],"wp:attachment":[{"href":"https:\/\/fysiolab.dk\/no\/wp-json\/wp\/v2\/media?parent=81974"}],"wp:term":[{"taxonomy":"product_brand","embeddable":true,"href":"https:\/\/fysiolab.dk\/no\/wp-json\/wp\/v2\/product_brand?post=81974"},{"taxonomy":"product_cat","embeddable":true,"href":"https:\/\/fysiolab.dk\/no\/wp-json\/wp\/v2\/product_cat?post=81974"},{"taxonomy":"product_tag","embeddable":true,"href":"https:\/\/fysiolab.dk\/no\/wp-json\/wp\/v2\/product_tag?post=81974"}],"curies":[{"name":"wp","href":"https:\/\/api.w.org\/{rel}","templated":true}]}}