{"id":81984,"date":"2024-11-25T07:51:05","date_gmt":"2024-11-25T06:51:05","guid":{"rendered":"https:\/\/fysiolab.dk\/product\/sklz-pro-mini-hoop-xl\/"},"modified":"2025-12-18T09:21:03","modified_gmt":"2025-12-18T08:21:03","slug":"sklz-pro-mini-hoop-xl","status":"publish","type":"product","link":"https:\/\/fysiolab.dk\/no\/product\/sklz-pro-mini-hoop-xl\/","title":{"rendered":"SKLZ Pro Mini Hoop XL"},"content":{"rendered":"<p>Pro Mini Hoop XL Innend\u00f8rs, utend\u00f8rs, p\u00e5 kontoret eller p\u00e5 hybelen - Pro Mini Hoop XL er en basketballkurv med ball som kan brukes overalt. Er du den neste stjernen p\u00e5 kontoret? Settet inneholder en minibasketball og en skive med ring. Pro Mini Hoop XL er enkel \u00e5 montere over d\u00f8ren eller p\u00e5 veggen. Korpen er fj\u00e6rende som en ekte basketballkurv. Bakplaten er belagt med bomullsull for \u00e5 beskytte d\u00f8ren den henges p\u00e5. Bakplaten m\u00e5ler 58,4 cm. x 40,6 cm. Inkluderer 1 minibasketball (ca. 14 cm. i diameter) Metallkurv (24,1 cm. i diameter) To kroker for \u00e5 henge den p\u00e5 en d\u00f8r Se videoen v\u00e5r for mer informasjon om Pro Mini Hoop XL         <\/p>\n<p>Merk: Kulepumpe er ikke inkludert i settet. Vi har <span> <\/span><a href=\"https:\/\/gaiasport.dk\/products\/zefal-max-pumpe-til-bolde-og-cykler?_pos=1&amp;_sid=f43d9f732&amp;_ss=r\" title=\"Zefal kulepumpe gaiasport\" target=\"_blank\" rel=\"noopener\">denne smarte pumpen<\/a><span> <\/span>fra Z\u00e9fal.<\/p>\n<p>Du kan bestille ekstra<span> <\/span><a href=\"https:\/\/gaiasport.dk\/search?q=mini+swish+ball\" target=\"_blank\" rel=\"noopener\">Pro Mini Swish-baller<\/a><span> <\/span>for din Pro Mini Hoop.  <br \/>Finnes i tre farger: original oransje, svart\/s\u00f8lv og bl\u00e5\/r\u00f8d. Mini Swish-ballene er laget av et skummateriale og trenger derfor ikke \u00e5 pumpes. <\/p>\n","protected":false},"excerpt":{"rendered":"<p>Pro Mini Hoop XL Innend\u00f8rs, utend\u00f8rs, p\u00e5 kontoret eller p\u00e5 hybelen - Pro Mini Hoop XL er en basketballkurv med ball som kan brukes overalt. Er du den neste stjernen p\u00e5 kontoret? Settet inneholder en minibasketball og en skive med ring. Pro Mini Hoop XL er enkel \u00e5 montere over d\u00f8ren eller p\u00e5 veggen. Korpen [&hellip;]<\/p>\n","protected":false},"featured_media":81986,"comment_status":"closed","ping_status":"closed","template":"","meta":{"_acf_changed":false},"product_brand":[],"product_cat":[2020,1937,2207,2208,1945],"product_tag":[2210],"class_list":{"0":"post-81984","1":"product","2":"type-product","3":"status-publish","4":"has-post-thumbnail","6":"product_cat-julegaveideer-no","7":"product_cat-merkevarer","8":"product_cat-sklz-no","9":"product_cat-sklz-no-2","10":"product_cat-treningsutstyr","11":"product_tag-sklz-no","13":"first","14":"instock","15":"taxable","16":"shipping-taxable","17":"purchasable","18":"product-type-simple"},"acf":[],"_links":{"self":[{"href":"https:\/\/fysiolab.dk\/no\/wp-json\/wp\/v2\/product\/81984","targetHints":{"allow":["GET"]}}],"collection":[{"href":"https:\/\/fysiolab.dk\/no\/wp-json\/wp\/v2\/product"}],"about":[{"href":"https:\/\/fysiolab.dk\/no\/wp-json\/wp\/v2\/types\/product"}],"replies":[{"embeddable":true,"href":"https:\/\/fysiolab.dk\/no\/wp-json\/wp\/v2\/comments?post=81984"}],"wp:featuredmedia":[{"embeddable":true,"href":"https:\/\/fysiolab.dk\/no\/wp-json\/wp\/v2\/media\/81986"}],"wp:attachment":[{"href":"https:\/\/fysiolab.dk\/no\/wp-json\/wp\/v2\/media?parent=81984"}],"wp:term":[{"taxonomy":"product_brand","embeddable":true,"href":"https:\/\/fysiolab.dk\/no\/wp-json\/wp\/v2\/product_brand?post=81984"},{"taxonomy":"product_cat","embeddable":true,"href":"https:\/\/fysiolab.dk\/no\/wp-json\/wp\/v2\/product_cat?post=81984"},{"taxonomy":"product_tag","embeddable":true,"href":"https:\/\/fysiolab.dk\/no\/wp-json\/wp\/v2\/product_tag?post=81984"}],"curies":[{"name":"wp","href":"https:\/\/api.w.org\/{rel}","templated":true}]}}