{"id":81985,"date":"2024-11-25T07:51:44","date_gmt":"2024-11-25T06:51:44","guid":{"rendered":"https:\/\/fysiolab.dk\/product\/sklz-maalrettet-massasjeball\/"},"modified":"2025-12-18T09:21:03","modified_gmt":"2025-12-18T08:21:03","slug":"sklz-maalrettet-massasjeball","status":"publish","type":"product","link":"https:\/\/fysiolab.dk\/no\/product\/sklz-maalrettet-massasjeball\/","title":{"rendered":"SKLZ M\u00e5lrettet massasjeball"},"content":{"rendered":"<p>SKLZ Targeted Massage Ball SKLZ er en massasjeball med en unik tekstur som bidrar til \u00e5 stimulere blodsirkulasjonen og gi avslapping. Denne massasjeballen er et viktig verkt\u00f8y for kroppens totale helse. \u00d8mme ledd, knuter og muskelspenninger kan hemme deg i treningen. Derfor har Targeted Massage Ball en unik tekstur, en diameter p\u00e5 12,7 cm og en ideell fasthet for \u00e5 stimulere blodsirkulasjonen. Dette allsidige verkt\u00f8yet er vanntett, lett \u00e5 rengj\u00f8re og b\u00e6rbart, og er avgj\u00f8rende for \u00e5 opprettholde kroppens totale helse. SKLZ Targeted Massage Ball har en ideell st\u00f8rrelse p\u00e5 5&#8243; \/ 12,7 cm, slik at du kan m\u00e5lrette mot hver muskel du har et problem med. Den er ogs\u00e5 lett \u00e5 f\u00e5 plass til i vesken.<\/p>\n","protected":false},"excerpt":{"rendered":"<p>SKLZ Targeted Massage Ball SKLZ er en massasjeball med en unik tekstur som bidrar til \u00e5 stimulere blodsirkulasjonen og gi avslapping. Denne massasjeballen er et viktig verkt\u00f8y for kroppens totale helse. \u00d8mme ledd, knuter og muskelspenninger kan hemme deg i treningen. Derfor har Targeted Massage Ball en unik tekstur, en diameter p\u00e5 12,7 cm og [&hellip;]<\/p>\n","protected":false},"featured_media":81989,"comment_status":"closed","ping_status":"closed","template":"","meta":{"_acf_changed":false},"product_brand":[],"product_cat":[2020,1948,2025,2640,2362,1937,1941,2207,2208,2639,1945],"product_tag":[2210],"class_list":{"0":"post-81985","1":"product","2":"type-product","3":"status-publish","4":"has-post-thumbnail","6":"product_cat-julegaveideer-no","7":"product_cat-klinikk","8":"product_cat-massasje","9":"product_cat-massasje-restaurering","10":"product_cat-massasjeballer-og-skumruller","11":"product_cat-merkevarer","12":"product_cat-rekonvalesens-og-sportspleie","13":"product_cat-sklz-no","14":"product_cat-sklz-no-2","15":"product_cat-sklz-massasje-gjenoppretting","16":"product_cat-treningsutstyr","17":"product_tag-sklz-no","19":"first","20":"instock","21":"taxable","22":"shipping-taxable","23":"purchasable","24":"product-type-simple"},"acf":[],"_links":{"self":[{"href":"https:\/\/fysiolab.dk\/no\/wp-json\/wp\/v2\/product\/81985","targetHints":{"allow":["GET"]}}],"collection":[{"href":"https:\/\/fysiolab.dk\/no\/wp-json\/wp\/v2\/product"}],"about":[{"href":"https:\/\/fysiolab.dk\/no\/wp-json\/wp\/v2\/types\/product"}],"replies":[{"embeddable":true,"href":"https:\/\/fysiolab.dk\/no\/wp-json\/wp\/v2\/comments?post=81985"}],"wp:featuredmedia":[{"embeddable":true,"href":"https:\/\/fysiolab.dk\/no\/wp-json\/wp\/v2\/media\/81989"}],"wp:attachment":[{"href":"https:\/\/fysiolab.dk\/no\/wp-json\/wp\/v2\/media?parent=81985"}],"wp:term":[{"taxonomy":"product_brand","embeddable":true,"href":"https:\/\/fysiolab.dk\/no\/wp-json\/wp\/v2\/product_brand?post=81985"},{"taxonomy":"product_cat","embeddable":true,"href":"https:\/\/fysiolab.dk\/no\/wp-json\/wp\/v2\/product_cat?post=81985"},{"taxonomy":"product_tag","embeddable":true,"href":"https:\/\/fysiolab.dk\/no\/wp-json\/wp\/v2\/product_tag?post=81985"}],"curies":[{"name":"wp","href":"https:\/\/api.w.org\/{rel}","templated":true}]}}