{"id":81998,"date":"2024-11-25T07:50:54","date_gmt":"2024-11-25T06:50:54","guid":{"rendered":"https:\/\/fysiolab.dk\/product\/sklz-solo-assist-rebounder\/"},"modified":"2025-12-18T09:21:04","modified_gmt":"2025-12-18T08:21:04","slug":"sklz-solo-assist-rebounder","status":"publish","type":"product","link":"https:\/\/fysiolab.dk\/no\/product\/sklz-solo-assist-rebounder\/","title":{"rendered":"SKLZ Solo Assist Rebounder"},"content":{"rendered":"<p>Solo Assist Rebounder SKLZ Solo assist er en flott rebounder for baskettrening og individuell trening i klubben eller privat. Bruk den p\u00e5 hardt underlag - for eksempel i oppkj\u00f8rselen eller i treningsstudioet. Mulighetene er uendelige. Kan brettes sammen for enkel transport. Ideell for individuell spillerforbedring. Solo Assist - basketballtrening\/individuell basketballtrening Solo Assist fra SKLZ er perfekt til basketballtrening og individuell trening. Solo Assist har en lett konstruksjon. Rebounderen utvikler spillerens ferdigheter, noe som definitivt vil komme til nytte p\u00e5 banen. SKLZ Solo Assist rebounder er et uunnv\u00e6rlig treningsverkt\u00f8y for spillere som er opptatt av \u00e5 utvikle viktige catch-and-shoot-ferdigheter. Med Solo Assist kan basketballtrenere trene spillernes fotarbeid og bevegelser ved \u00e5 levere realistiske pasninger tilbake til basketballspilleren. Basketballspilleren trenes i \u00e5 ta imot ballen i h\u00f8y hastighet og kan ogs\u00e5 \u00f8ve p\u00e5 avslutninger i samme bevegelse. Perfekt for b\u00e5de individuell trening og lag\u00f8velser. SKLZ Solo Assist er designet for \u00e5 brukes p\u00e5 harde underlag - f.eks. i oppkj\u00f8rselen, p\u00e5 utend\u00f8rsbanen eller i treningsstudioet. Den kan foldes sammen og enkelt tas med og settes bort etter trening. F\u00f8ttene er dekket med silikon, noe som betyr at rebounderen er solid og ikke tipper eller velter under bruk. Hvis du vil ha med en basketball i kj\u00f8pet, anbefaler vi v\u00e5r offisielle vektbasketball. Se videoen v\u00e5r for mer informasjon om SKLZ Solo Assist Rebounder                <\/p>\n","protected":false},"excerpt":{"rendered":"<p>Solo Assist Rebounder SKLZ Solo assist er en flott rebounder for baskettrening og individuell trening i klubben eller privat. Bruk den p\u00e5 hardt underlag - for eksempel i oppkj\u00f8rselen eller i treningsstudioet. Mulighetene er uendelige. Kan brettes sammen for enkel transport. Ideell for individuell spillerforbedring. Solo Assist - basketballtrening\/individuell basketballtrening Solo Assist fra SKLZ er [&hellip;]<\/p>\n","protected":false},"featured_media":82005,"comment_status":"closed","ping_status":"closed","template":"","meta":{"_acf_changed":false},"product_brand":[],"product_cat":[2218,2020,1937,2207,2208,2220,1945],"product_tag":[2210],"class_list":{"0":"post-81998","1":"product","2":"type-product","3":"status-publish","4":"has-post-thumbnail","6":"product_cat-fotball-og-fotball","7":"product_cat-julegaveideer-no","8":"product_cat-merkevarer","9":"product_cat-sklz-no","10":"product_cat-sklz-no-2","11":"product_cat-sklz-fotball","12":"product_cat-treningsutstyr","13":"product_tag-sklz-no","15":"first","16":"instock","17":"taxable","18":"shipping-taxable","19":"purchasable","20":"product-type-simple"},"acf":[],"_links":{"self":[{"href":"https:\/\/fysiolab.dk\/no\/wp-json\/wp\/v2\/product\/81998","targetHints":{"allow":["GET"]}}],"collection":[{"href":"https:\/\/fysiolab.dk\/no\/wp-json\/wp\/v2\/product"}],"about":[{"href":"https:\/\/fysiolab.dk\/no\/wp-json\/wp\/v2\/types\/product"}],"replies":[{"embeddable":true,"href":"https:\/\/fysiolab.dk\/no\/wp-json\/wp\/v2\/comments?post=81998"}],"wp:featuredmedia":[{"embeddable":true,"href":"https:\/\/fysiolab.dk\/no\/wp-json\/wp\/v2\/media\/82005"}],"wp:attachment":[{"href":"https:\/\/fysiolab.dk\/no\/wp-json\/wp\/v2\/media?parent=81998"}],"wp:term":[{"taxonomy":"product_brand","embeddable":true,"href":"https:\/\/fysiolab.dk\/no\/wp-json\/wp\/v2\/product_brand?post=81998"},{"taxonomy":"product_cat","embeddable":true,"href":"https:\/\/fysiolab.dk\/no\/wp-json\/wp\/v2\/product_cat?post=81998"},{"taxonomy":"product_tag","embeddable":true,"href":"https:\/\/fysiolab.dk\/no\/wp-json\/wp\/v2\/product_tag?post=81998"}],"curies":[{"name":"wp","href":"https:\/\/api.w.org\/{rel}","templated":true}]}}