{"id":81999,"date":"2024-11-25T07:51:33","date_gmt":"2024-11-25T06:51:33","guid":{"rendered":"https:\/\/fysiolab.dk\/product\/sklz-fotmassasjeball\/"},"modified":"2025-12-18T09:21:03","modified_gmt":"2025-12-18T08:21:03","slug":"sklz-fotmassasjeball","status":"publish","type":"product","link":"https:\/\/fysiolab.dk\/no\/product\/sklz-fotmassasjeball\/","title":{"rendered":"SKLZ Fotmassasjeball"},"content":{"rendered":"<p>Fotmassasjeball fra SKLZ Lei av \u00f8mme f\u00f8tter og fotsmerter? Rull bort de sm\u00e5 smertene i f\u00f8ttene som oppst\u00e5r i forbindelse med trening. Med sin unike st\u00f8rrelse og tekstur bidrar SKLZ Foot Massage Ball til \u00e5 stimulere blodsirkulasjonen, \u00f8ke bevegeligheten og dermed bidra til restitusjon. Ballen er b\u00e6rbar, vanntett og enkel \u00e5 bruke - og s\u00e5 gir den en fantastisk fotmassasje. Designet for \u00e5 lindre mindre smerter og smerter forbundet med f\u00f8ttene Spesiell tekstur stimulerer blodsirkulasjonen og \u00f8ker mobiliteten Massasjeballen er ideell for \u00e5 m\u00e5lrette mot sm\u00e5 muskler B\u00e6rbar og enkel \u00e5 bruke Vanntett og enkel \u00e5 rengj\u00f8re Ideell st\u00f8rrelse p\u00e5 2,5&#8243; \/ 6,4 cm. Se videoen v\u00e5r for mer informasjon om SKLZ fotmassasjeball     <\/p>\n","protected":false},"excerpt":{"rendered":"<p>Fotmassasjeball fra SKLZ Lei av \u00f8mme f\u00f8tter og fotsmerter? Rull bort de sm\u00e5 smertene i f\u00f8ttene som oppst\u00e5r i forbindelse med trening. Med sin unike st\u00f8rrelse og tekstur bidrar SKLZ Foot Massage Ball til \u00e5 stimulere blodsirkulasjonen, \u00f8ke bevegeligheten og dermed bidra til restitusjon. Ballen er b\u00e6rbar, vanntett og enkel \u00e5 bruke - og s\u00e5 [&hellip;]<\/p>\n","protected":false},"featured_media":82000,"comment_status":"closed","ping_status":"closed","template":"","meta":{"_acf_changed":false},"product_brand":[],"product_cat":[2020,1948,2025,2640,2362,1937,1941,2207,2208,2639,1945],"product_tag":[2210],"class_list":{"0":"post-81999","1":"product","2":"type-product","3":"status-publish","4":"has-post-thumbnail","6":"product_cat-julegaveideer-no","7":"product_cat-klinikk","8":"product_cat-massasje","9":"product_cat-massasje-restaurering","10":"product_cat-massasjeballer-og-skumruller","11":"product_cat-merkevarer","12":"product_cat-rekonvalesens-og-sportspleie","13":"product_cat-sklz-no","14":"product_cat-sklz-no-2","15":"product_cat-sklz-massasje-gjenoppretting","16":"product_cat-treningsutstyr","17":"product_tag-sklz-no","19":"first","20":"instock","21":"taxable","22":"shipping-taxable","23":"purchasable","24":"product-type-simple"},"acf":[],"_links":{"self":[{"href":"https:\/\/fysiolab.dk\/no\/wp-json\/wp\/v2\/product\/81999","targetHints":{"allow":["GET"]}}],"collection":[{"href":"https:\/\/fysiolab.dk\/no\/wp-json\/wp\/v2\/product"}],"about":[{"href":"https:\/\/fysiolab.dk\/no\/wp-json\/wp\/v2\/types\/product"}],"replies":[{"embeddable":true,"href":"https:\/\/fysiolab.dk\/no\/wp-json\/wp\/v2\/comments?post=81999"}],"wp:featuredmedia":[{"embeddable":true,"href":"https:\/\/fysiolab.dk\/no\/wp-json\/wp\/v2\/media\/82000"}],"wp:attachment":[{"href":"https:\/\/fysiolab.dk\/no\/wp-json\/wp\/v2\/media?parent=81999"}],"wp:term":[{"taxonomy":"product_brand","embeddable":true,"href":"https:\/\/fysiolab.dk\/no\/wp-json\/wp\/v2\/product_brand?post=81999"},{"taxonomy":"product_cat","embeddable":true,"href":"https:\/\/fysiolab.dk\/no\/wp-json\/wp\/v2\/product_cat?post=81999"},{"taxonomy":"product_tag","embeddable":true,"href":"https:\/\/fysiolab.dk\/no\/wp-json\/wp\/v2\/product_tag?post=81999"}],"curies":[{"name":"wp","href":"https:\/\/api.w.org\/{rel}","templated":true}]}}