{"id":82015,"date":"2024-11-25T07:50:47","date_gmt":"2024-11-25T06:50:47","guid":{"rendered":"https:\/\/fysiolab.dk\/product\/sklz-massasjestang\/"},"modified":"2025-12-18T09:21:04","modified_gmt":"2025-12-18T08:21:04","slug":"sklz-massasjestang","status":"publish","type":"product","link":"https:\/\/fysiolab.dk\/no\/product\/sklz-massasjestang\/","title":{"rendered":"SKLZ Massasjestang"},"content":{"rendered":"<p>Massasjestang fra SKLZ SKLZ Massasjestang er et effektivt massasjeverkt\u00f8y for selvmassasje. Utstyrt med anatomisk grep og et unikt kulelagersystem. Dyp vevsmanipulasjon Forbedrer restitusjon \u00d8ker bevegeligheten Vekt: 0,50 kg. Lengde: 51 cm. I motsetning til andre massasjeredskaper er SKLZ massasjestang lettere \u00e5 holde i takket v\u00e6re de terrengsykkellignende h\u00e5ndtakene. Massasjestangens riller bidrar til \u00e5 gi en mer dyptg\u00e5ende vevsmanipulering. Fordeler med selvmassasje med SKLZ Massasjestang Reduserer \u00f8mhet i vevet rundt muskelen Korrigerer muskelubalanser \u00d8ker bevegeligheten i leddene Endrer spenningen i muskelen Forbedrer nervenes evne til \u00e5 \"sl\u00e5 p\u00e5\" muskelen Opprettholder musklens (funksjonelle) lengde \u00d8ker blodsirkulasjonen Se videoen v\u00e5r for mer informasjon om bruk av SKLZ Massasjestang      <\/p>\n","protected":false},"excerpt":{"rendered":"<p>Massasjestang fra SKLZ SKLZ Massasjestang er et effektivt massasjeverkt\u00f8y for selvmassasje. Utstyrt med anatomisk grep og et unikt kulelagersystem. Dyp vevsmanipulasjon Forbedrer restitusjon \u00d8ker bevegeligheten Vekt: 0,50 kg. Lengde: 51 cm. I motsetning til andre massasjeredskaper er SKLZ massasjestang lettere \u00e5 holde i takket v\u00e6re de terrengsykkellignende h\u00e5ndtakene. Massasjestangens riller bidrar til \u00e5 gi en [&hellip;]<\/p>\n","protected":false},"featured_media":82017,"comment_status":"closed","ping_status":"closed","template":"","meta":{"_acf_changed":false},"product_brand":[],"product_cat":[2020,1948,2025,2640,2027,1937,1941,2207,2208,2639,1945],"product_tag":[2210],"class_list":{"0":"post-82015","1":"product","2":"type-product","3":"status-publish","4":"has-post-thumbnail","6":"product_cat-julegaveideer-no","7":"product_cat-klinikk","8":"product_cat-massasje","9":"product_cat-massasje-restaurering","10":"product_cat-massasjeutstyr","11":"product_cat-merkevarer","12":"product_cat-rekonvalesens-og-sportspleie","13":"product_cat-sklz-no","14":"product_cat-sklz-no-2","15":"product_cat-sklz-massasje-gjenoppretting","16":"product_cat-treningsutstyr","17":"product_tag-sklz-no","19":"first","20":"instock","21":"taxable","22":"shipping-taxable","23":"purchasable","24":"product-type-simple"},"acf":[],"_links":{"self":[{"href":"https:\/\/fysiolab.dk\/no\/wp-json\/wp\/v2\/product\/82015","targetHints":{"allow":["GET"]}}],"collection":[{"href":"https:\/\/fysiolab.dk\/no\/wp-json\/wp\/v2\/product"}],"about":[{"href":"https:\/\/fysiolab.dk\/no\/wp-json\/wp\/v2\/types\/product"}],"replies":[{"embeddable":true,"href":"https:\/\/fysiolab.dk\/no\/wp-json\/wp\/v2\/comments?post=82015"}],"wp:featuredmedia":[{"embeddable":true,"href":"https:\/\/fysiolab.dk\/no\/wp-json\/wp\/v2\/media\/82017"}],"wp:attachment":[{"href":"https:\/\/fysiolab.dk\/no\/wp-json\/wp\/v2\/media?parent=82015"}],"wp:term":[{"taxonomy":"product_brand","embeddable":true,"href":"https:\/\/fysiolab.dk\/no\/wp-json\/wp\/v2\/product_brand?post=82015"},{"taxonomy":"product_cat","embeddable":true,"href":"https:\/\/fysiolab.dk\/no\/wp-json\/wp\/v2\/product_cat?post=82015"},{"taxonomy":"product_tag","embeddable":true,"href":"https:\/\/fysiolab.dk\/no\/wp-json\/wp\/v2\/product_tag?post=82015"}],"curies":[{"name":"wp","href":"https:\/\/api.w.org\/{rel}","templated":true}]}}