{"id":82016,"date":"2024-11-25T07:51:24","date_gmt":"2024-11-25T06:51:24","guid":{"rendered":"https:\/\/fysiolab.dk\/product\/sklz-universal-massasjerulle\/"},"modified":"2025-12-18T09:21:03","modified_gmt":"2025-12-18T08:21:03","slug":"sklz-universal-massasjerulle","status":"publish","type":"product","link":"https:\/\/fysiolab.dk\/no\/product\/sklz-universal-massasjerulle\/","title":{"rendered":"SKLZ Universal massasjerulle"},"content":{"rendered":"<p>Universal Massasjerulle fra SKLZ Oppvarming er n\u00f8kkelen til en sunn kropp. Hvis du vil ha bedre kroppspleie, starter det med Universal Massage Roller. Den unike konsistensen er utformet for \u00e5 stimulere sirkulasjonen og \u00f8ke bevegeligheten, mens den ergonomiske formen gj\u00f8r at du kan jobbe m\u00e5lrettet med muskler og ledd i hele kroppen, selv de vanskelig tilgjengelige musklene rundt ryggen. Ergonomisk design lindrer ledd- og muskelspenninger fra topp til t\u00e5 Reduserer risikoen for skader og restitusjonstiden Unik form og st\u00f8rrelse gj\u00f8r at du kan treffe vanskelig tilgjengelige muskler som nakke og rygg Spesiell tekstur stimulerer blodsirkulasjonen og \u00f8ker bevegeligheten, noe som bidrar til restitusjon B\u00e6rbar og enkel \u00e5 bruke Vanntett og enkel \u00e5 rengj\u00f8re   <\/p>\n","protected":false},"excerpt":{"rendered":"<p>Universal Massasjerulle fra SKLZ Oppvarming er n\u00f8kkelen til en sunn kropp. Hvis du vil ha bedre kroppspleie, starter det med Universal Massage Roller. Den unike konsistensen er utformet for \u00e5 stimulere sirkulasjonen og \u00f8ke bevegeligheten, mens den ergonomiske formen gj\u00f8r at du kan jobbe m\u00e5lrettet med muskler og ledd i hele kroppen, selv de vanskelig [&hellip;]<\/p>\n","protected":false},"featured_media":82024,"comment_status":"closed","ping_status":"closed","template":"","meta":{"_acf_changed":false},"product_brand":[],"product_cat":[2020,1948,2025,2640,2362,1937,1941,2207,2208,2639,1945],"product_tag":[2210],"class_list":{"0":"post-82016","1":"product","2":"type-product","3":"status-publish","4":"has-post-thumbnail","6":"product_cat-julegaveideer-no","7":"product_cat-klinikk","8":"product_cat-massasje","9":"product_cat-massasje-restaurering","10":"product_cat-massasjeballer-og-skumruller","11":"product_cat-merkevarer","12":"product_cat-rekonvalesens-og-sportspleie","13":"product_cat-sklz-no","14":"product_cat-sklz-no-2","15":"product_cat-sklz-massasje-gjenoppretting","16":"product_cat-treningsutstyr","17":"product_tag-sklz-no","19":"first","20":"instock","21":"taxable","22":"shipping-taxable","23":"purchasable","24":"product-type-simple"},"acf":[],"_links":{"self":[{"href":"https:\/\/fysiolab.dk\/no\/wp-json\/wp\/v2\/product\/82016","targetHints":{"allow":["GET"]}}],"collection":[{"href":"https:\/\/fysiolab.dk\/no\/wp-json\/wp\/v2\/product"}],"about":[{"href":"https:\/\/fysiolab.dk\/no\/wp-json\/wp\/v2\/types\/product"}],"replies":[{"embeddable":true,"href":"https:\/\/fysiolab.dk\/no\/wp-json\/wp\/v2\/comments?post=82016"}],"wp:featuredmedia":[{"embeddable":true,"href":"https:\/\/fysiolab.dk\/no\/wp-json\/wp\/v2\/media\/82024"}],"wp:attachment":[{"href":"https:\/\/fysiolab.dk\/no\/wp-json\/wp\/v2\/media?parent=82016"}],"wp:term":[{"taxonomy":"product_brand","embeddable":true,"href":"https:\/\/fysiolab.dk\/no\/wp-json\/wp\/v2\/product_brand?post=82016"},{"taxonomy":"product_cat","embeddable":true,"href":"https:\/\/fysiolab.dk\/no\/wp-json\/wp\/v2\/product_cat?post=82016"},{"taxonomy":"product_tag","embeddable":true,"href":"https:\/\/fysiolab.dk\/no\/wp-json\/wp\/v2\/product_tag?post=82016"}],"curies":[{"name":"wp","href":"https:\/\/api.w.org\/{rel}","templated":true}]}}