{"id":82032,"date":"2024-11-25T07:50:40","date_gmt":"2024-11-25T06:50:40","guid":{"rendered":"https:\/\/fysiolab.dk\/product\/sklz-accustick-massasjepinne\/"},"modified":"2025-12-18T09:21:04","modified_gmt":"2025-12-18T08:21:04","slug":"sklz-accustick-massasjepinne","status":"publish","type":"product","link":"https:\/\/fysiolab.dk\/no\/product\/sklz-accustick-massasjepinne\/","title":{"rendered":"SKLZ AccuStick - Massasjepinne"},"content":{"rendered":"<p>AccuStick - en deilig massasjepinne fra SKLZ SKLZ Massage Stick hjelper deg med \u00e5 komme deg raskere. Med AccuSticks smarte design er det mulig \u00e5 massere hvor som helst p\u00e5 kroppen. AccuStick fra SKLZ er en massasjepinne som gir lindring for anspente og \u00f8mme muskler. Effektiv og unik design. Effektiv triggerpunktfrigj\u00f8ring. Kan brukes til alle muskelgrupper. B\u00e6rbar - kan brukes hvor som helst. Laget av et lett materiale. Kurver, hj\u00f8rner og endepunkter er utformet for \u00e5 massere muskler og p\u00e5virke triggerpunkter. AccuSticks unike form gj\u00f8r det enkelt \u00e5 massere selv de vanskeligste stedene p\u00e5 kroppen. Triggerpunktmassasje med SKLZ AccuStick Triggerpunkter er sm\u00e5 knuter som oppst\u00e5r i en muskel n\u00e5r den er skadet eller overbelastet. Disse sm\u00e5 knutene l\u00f8snes ved hjelp av triggerpunktmassasjeapparater som lindrer muskelsmerter og smerter i \u00f8mme omr\u00e5der. Triggerpunktmassasjeapparater brukes p\u00e5 de \u00f8mme triggerpunktene - masser i sm\u00e5 sirkler. Trykket stimulerer blodsirkulasjonen og oksygentilf\u00f8rselen, noe som \u00f8ker bevegeligheten og lindrer smerter. Ved triggerpunktmassasje legger behandleren eller massasjeapparatet et lett eller dypt trykk p\u00e5 triggerpunkter i kroppens muskler og bindevevet rundt dem. Trykket p\u00e5virker kroppens nervesystem og f\u00e5r kroppen til \u00e5 frigj\u00f8re ulike stoffer (endorfiner, histamin osv.). Disse stoffene lindrer smerte, gj\u00f8r musklene smidige og gj\u00f8r det lettere for v\u00e6ske \u00e5 str\u00f8mme gjennom blod\u00e5rene. Et nettverk av overf\u00f8lsomme og \u00f8mme punkter (triggerpunkter) er lokalisert i kroppens anspente muskelfibre og er en vanlig \u00e5rsak til smerter i muskel- og skjelettapparatet. Se videoen v\u00e5r for mer informasjon om bruk av SKLZ AccuStick                    <\/p>\n","protected":false},"excerpt":{"rendered":"<p>AccuStick - en deilig massasjepinne fra SKLZ SKLZ Massage Stick hjelper deg med \u00e5 komme deg raskere. Med AccuSticks smarte design er det mulig \u00e5 massere hvor som helst p\u00e5 kroppen. AccuStick fra SKLZ er en massasjepinne som gir lindring for anspente og \u00f8mme muskler. Effektiv og unik design. Effektiv triggerpunktfrigj\u00f8ring. Kan brukes til alle [&hellip;]<\/p>\n","protected":false},"featured_media":82039,"comment_status":"closed","ping_status":"closed","template":"","meta":{"_acf_changed":false},"product_brand":[],"product_cat":[2020,1948,2025,2640,2027,1937,1941,2207,2208,2639,1945],"product_tag":[2210],"class_list":{"0":"post-82032","1":"product","2":"type-product","3":"status-publish","4":"has-post-thumbnail","6":"product_cat-julegaveideer-no","7":"product_cat-klinikk","8":"product_cat-massasje","9":"product_cat-massasje-restaurering","10":"product_cat-massasjeutstyr","11":"product_cat-merkevarer","12":"product_cat-rekonvalesens-og-sportspleie","13":"product_cat-sklz-no","14":"product_cat-sklz-no-2","15":"product_cat-sklz-massasje-gjenoppretting","16":"product_cat-treningsutstyr","17":"product_tag-sklz-no","19":"first","20":"instock","21":"taxable","22":"shipping-taxable","23":"purchasable","24":"product-type-simple"},"acf":[],"_links":{"self":[{"href":"https:\/\/fysiolab.dk\/no\/wp-json\/wp\/v2\/product\/82032","targetHints":{"allow":["GET"]}}],"collection":[{"href":"https:\/\/fysiolab.dk\/no\/wp-json\/wp\/v2\/product"}],"about":[{"href":"https:\/\/fysiolab.dk\/no\/wp-json\/wp\/v2\/types\/product"}],"replies":[{"embeddable":true,"href":"https:\/\/fysiolab.dk\/no\/wp-json\/wp\/v2\/comments?post=82032"}],"wp:featuredmedia":[{"embeddable":true,"href":"https:\/\/fysiolab.dk\/no\/wp-json\/wp\/v2\/media\/82039"}],"wp:attachment":[{"href":"https:\/\/fysiolab.dk\/no\/wp-json\/wp\/v2\/media?parent=82032"}],"wp:term":[{"taxonomy":"product_brand","embeddable":true,"href":"https:\/\/fysiolab.dk\/no\/wp-json\/wp\/v2\/product_brand?post=82032"},{"taxonomy":"product_cat","embeddable":true,"href":"https:\/\/fysiolab.dk\/no\/wp-json\/wp\/v2\/product_cat?post=82032"},{"taxonomy":"product_tag","embeddable":true,"href":"https:\/\/fysiolab.dk\/no\/wp-json\/wp\/v2\/product_tag?post=82032"}],"curies":[{"name":"wp","href":"https:\/\/api.w.org\/{rel}","templated":true}]}}