{"id":82048,"date":"2024-11-22T13:38:46","date_gmt":"2024-11-22T12:38:46","guid":{"rendered":"https:\/\/fysiolab.dk\/product\/airofit-essential-breathing-trainer-pustetrener\/"},"modified":"2025-12-18T09:21:05","modified_gmt":"2025-12-18T08:21:05","slug":"airofit-essential-breathing-trainer-pustetrener","status":"publish","type":"product","link":"https:\/\/fysiolab.dk\/no\/product\/airofit-essential-breathing-trainer-pustetrener\/","title":{"rendered":"Airofit Essential Breathing trainer - Pustetrener"},"content":{"rendered":"<p>Bedre pust er n\u00e5 mer tilgjengelig enn noensinne med Airofit Essential. Airofit Essential har 4 treningsprogrammer i appen, som tar deg langt med treningen din. Se oversikten nederst p\u00e5 siden eller i bildegalleriet hvor de enkelte Airofit-modellene skiller seg fra hverandre.  <\/p>\n<p>Airofit Essential vil forbedre din generelle pust og velv\u00e6re med enkel, men intelligent pustetrening. Med en Airofit Essential tar du kontroll over din sentrale pustefunksjon og forst\u00e5r, forbedrer og revolusjonerer pusten din. <\/p>\n<p>For den verdibevisste personen som \u00f8nsker \u00e5 trene pusten, og som trenger et enkelt, men intelligent hjelpemiddel for \u00e5 puste bedre.<\/p>\n<h4>Intelligent app-veiledning<\/h4>\n<ul>\n<li>  M\u00e5ling av lungefunksjon<\/li>\n<li>  4 skreddersydde oppl\u00e6rings\u00f8kter<\/li>\n<li>  Justerbar vanskelighetsgrad<\/li>\n<li>  Oversikt over oppl\u00e6ring<\/li>\n<\/ul>\n<p><a href=\"https:\/\/dev.fysiolab.dk\/wp-content\/uploads\/2025\/05\/Product-comparison-pic-jpg.webp\"><img fetchpriority=\"high\" decoding=\"async\" class=\"alignnone size-medium wp-image-202401872\" src=\"https:\/\/dev.fysiolab.dk\/wp-content\/uploads\/2025\/05\/Product-comparison-pic-jpg-259x300.webp\" alt=\"\" width=\"259\" height=\"300\" title=\"\"><\/a><\/p>\n","protected":false},"excerpt":{"rendered":"<p>Airofit Essential er en pustetrener som trener \u00e5ndedrettsmuskulaturen og \u00f8ker lungekapasiteten. Trening med Airofit Essential kan derfor bidra til \u00e5 \u00f8ke den fysiske prestasjonen, men ogs\u00e5 til \u00e5 forbedre velv\u00e6ret og den generelle helsen din. <\/p>\n","protected":false},"featured_media":82053,"comment_status":"closed","ping_status":"closed","template":"","meta":{"_acf_changed":false},"product_brand":[],"product_cat":[2605,2604,2020,1937,1945],"product_tag":[2606],"class_list":{"0":"post-82048","1":"product","2":"type-product","3":"status-publish","4":"has-post-thumbnail","6":"product_cat-airofit-no","7":"product_cat-airofit-pustetrening","8":"product_cat-julegaveideer-no","9":"product_cat-merkevarer","10":"product_cat-treningsutstyr","11":"product_tag-airofit-no","13":"first","14":"instock","15":"sale","16":"taxable","17":"shipping-taxable","18":"purchasable","19":"product-type-simple"},"acf":[],"_links":{"self":[{"href":"https:\/\/fysiolab.dk\/no\/wp-json\/wp\/v2\/product\/82048","targetHints":{"allow":["GET"]}}],"collection":[{"href":"https:\/\/fysiolab.dk\/no\/wp-json\/wp\/v2\/product"}],"about":[{"href":"https:\/\/fysiolab.dk\/no\/wp-json\/wp\/v2\/types\/product"}],"replies":[{"embeddable":true,"href":"https:\/\/fysiolab.dk\/no\/wp-json\/wp\/v2\/comments?post=82048"}],"wp:featuredmedia":[{"embeddable":true,"href":"https:\/\/fysiolab.dk\/no\/wp-json\/wp\/v2\/media\/82053"}],"wp:attachment":[{"href":"https:\/\/fysiolab.dk\/no\/wp-json\/wp\/v2\/media?parent=82048"}],"wp:term":[{"taxonomy":"product_brand","embeddable":true,"href":"https:\/\/fysiolab.dk\/no\/wp-json\/wp\/v2\/product_brand?post=82048"},{"taxonomy":"product_cat","embeddable":true,"href":"https:\/\/fysiolab.dk\/no\/wp-json\/wp\/v2\/product_cat?post=82048"},{"taxonomy":"product_tag","embeddable":true,"href":"https:\/\/fysiolab.dk\/no\/wp-json\/wp\/v2\/product_tag?post=82048"}],"curies":[{"name":"wp","href":"https:\/\/api.w.org\/{rel}","templated":true}]}}