{"id":82057,"date":"2024-11-23T09:24:13","date_gmt":"2024-11-23T08:24:13","guid":{"rendered":"https:\/\/fysiolab.dk\/product\/airofit-ekstra-munnstykke\/"},"modified":"2025-12-18T09:21:04","modified_gmt":"2025-12-18T08:21:04","slug":"airofit-ekstra-munnstykke","status":"publish","type":"product","link":"https:\/\/fysiolab.dk\/no\/product\/airofit-ekstra-munnstykke\/","title":{"rendered":"Airofit ekstra munnstykke"},"content":{"rendered":"<p><span class=\"JLqJ4b ChMk0b\" data-language-for-alternatives=\"da\" data-language-to-translate-into=\"en\" data-phrase-index=\"0\">F\u00e5 ekstra munnstykker til din Airofit Breathing Trainer (kan brukes til alle Airofit Breathing Trainers).<\/span><\/p>\n<p><span class=\"JLqJ4b ChMk0b\" data-language-for-alternatives=\"da\" data-language-to-translate-into=\"en\" data-phrase-index=\"1\">Velg den typen som passer best til dine preferanser.<\/span> <span class=\"JLqJ4b ChMk0b\" data-language-for-alternatives=\"da\" data-language-to-translate-into=\"en\" data-phrase-index=\"2\">Noen foretrekker \"Simple\"-versjonen, mens andre liker \u00e5 ha Airofit Breathing Trainer tettere mellom tennene med \"Advanced\"-versjonen.<\/span><\/p>\n<p><strong><span class=\"JLqJ4b ChMk0b\" data-language-for-alternatives=\"da\" data-language-to-translate-into=\"en\" data-phrase-index=\"4\">V\u00e6r oppmerksom p\u00e5 at bestillingen din inkluderer 2x munnstykker av den varianten du har valgt.<\/span><\/strong><\/p>\n<p>&nbsp;<\/p>\n<p><span class=\"JLqJ4b ChMk0b\" data-language-for-alternatives=\"da\" data-language-to-translate-into=\"en\" data-phrase-index=\"6\">Av hygieniske hensyn anbefaler vi ikke at du deler din Airofit med andre.<\/span> <span class=\"JLqJ4b ChMk0b\" data-language-for-alternatives=\"da\" data-language-to-translate-into=\"en\" data-phrase-index=\"7\">Selv om munnstykkene er utskiftbare, er \u00e5rsaken til dette at det er enkelt \u00e5 rengj\u00f8re dem.<\/span> <span class=\"JLqJ4b ChMk0b\" data-language-for-alternatives=\"da\" data-language-to-translate-into=\"en\" data-phrase-index=\"8\">Spytt kan likevel komme inn i selve pustetreneren, noe som potensielt kan f\u00f8re til overf\u00f8ring av bakterier eller virus.<\/span> <span class=\"JLqJ4b ChMk0b\" data-language-for-alternatives=\"da\" data-language-to-translate-into=\"en\" data-phrase-index=\"10\">Hvis du velger \u00e5 dele apparatet med andre, m\u00e5 du f\u00f8lge retningslinjene for grundig rengj\u00f8ring mellom hver trenings\u00f8kt.<\/span> <span class=\"JLqJ4b ChMk0b\" data-language-for-alternatives=\"da\" data-language-to-translate-into=\"en\" data-phrase-index=\"11\">Du finner instruksjoner i denne <a href=\"https:\/\/cdn.shopify.com\/s\/files\/1\/0082\/8309\/5117\/files\/Quick_Guide_for_Web_-_Danish.pdf?v=1589293634\" target=\"_blank\" rel=\"noopener\">Airofit-veiledningen<\/a>.<\/span><\/p>\n","protected":false},"excerpt":{"rendered":"<p>Trenger du ekstra munnstykker til din Airofit pustetrener?<\/p>\n","protected":false},"featured_media":82061,"comment_status":"closed","ping_status":"closed","template":"","meta":{"_acf_changed":false},"product_brand":[3133],"product_cat":[2605,2604,1937,1945],"product_tag":[2606],"class_list":{"0":"post-82057","1":"product","2":"type-product","3":"status-publish","4":"has-post-thumbnail","6":"product_brand-airofit","7":"product_cat-airofit-no","8":"product_cat-airofit-pustetrening","9":"product_cat-merkevarer","10":"product_cat-treningsutstyr","11":"product_tag-airofit-no","13":"first","14":"instock","15":"taxable","16":"shipping-taxable","17":"purchasable","18":"product-type-variable"},"acf":[],"_links":{"self":[{"href":"https:\/\/fysiolab.dk\/no\/wp-json\/wp\/v2\/product\/82057","targetHints":{"allow":["GET"]}}],"collection":[{"href":"https:\/\/fysiolab.dk\/no\/wp-json\/wp\/v2\/product"}],"about":[{"href":"https:\/\/fysiolab.dk\/no\/wp-json\/wp\/v2\/types\/product"}],"replies":[{"embeddable":true,"href":"https:\/\/fysiolab.dk\/no\/wp-json\/wp\/v2\/comments?post=82057"}],"wp:featuredmedia":[{"embeddable":true,"href":"https:\/\/fysiolab.dk\/no\/wp-json\/wp\/v2\/media\/82061"}],"wp:attachment":[{"href":"https:\/\/fysiolab.dk\/no\/wp-json\/wp\/v2\/media?parent=82057"}],"wp:term":[{"taxonomy":"product_brand","embeddable":true,"href":"https:\/\/fysiolab.dk\/no\/wp-json\/wp\/v2\/product_brand?post=82057"},{"taxonomy":"product_cat","embeddable":true,"href":"https:\/\/fysiolab.dk\/no\/wp-json\/wp\/v2\/product_cat?post=82057"},{"taxonomy":"product_tag","embeddable":true,"href":"https:\/\/fysiolab.dk\/no\/wp-json\/wp\/v2\/product_tag?post=82057"}],"curies":[{"name":"wp","href":"https:\/\/api.w.org\/{rel}","templated":true}]}}