{"id":82058,"date":"2024-11-22T13:38:46","date_gmt":"2024-11-22T12:38:46","guid":{"rendered":"https:\/\/fysiolab.dk\/product\/airofit-active-pustetrener-pustetrener\/"},"modified":"2026-02-08T07:44:32","modified_gmt":"2026-02-08T06:44:32","slug":"airofit-active-pustetrener-pustetrener","status":"publish","type":"product","link":"https:\/\/fysiolab.dk\/no\/product\/airofit-active-pustetrener-pustetrener\/","title":{"rendered":"Airofit Active pustetrener - Pustetrener"},"content":{"rendered":"<p><span class=\"VIiyi\" lang=\"da\"><span class=\"JLqJ4b ChMk0b\" data-language-for-alternatives=\"da\" data-language-to-translate-into=\"en\" data-phrase-index=\"2\" data-number-of-phrases=\"15\">Airofit Active er den forenklede versjonen av Airofits pustetrenere. Du trener fortsatt via en app, men har ikke Bluetooth-tilkobling til appen. <\/span><\/span><\/p>\n<p><span class=\"VIiyi\" lang=\"da\"><span class=\"JLqJ4b ChMk0b\" data-language-for-alternatives=\"da\" data-language-to-translate-into=\"en\" data-phrase-index=\"4\" data-number-of-phrases=\"15\">Hvis du \u00f8nsker \u00e5 forbedre helsen, det generelle velv\u00e6ret og den fysiske prestasjonen ved hjelp av guidede grunnleggende puste\u00f8velser, er Airofit Active det perfekte treningsapparatet for deg.<\/span><\/span><\/p>\n<p><span class=\"VIiyi\" lang=\"da\"><span class=\"JLqJ4b ChMk0b\" data-language-for-alternatives=\"da\" data-language-to-translate-into=\"en\" data-phrase-index=\"6\" data-number-of-phrases=\"15\">Hvis du foretrekker en mer datadrevet tiln\u00e6rming som ogs\u00e5 m\u00e5ler lungefunksjonen og fremgangen din over tid, b\u00f8r du sjekke ut disse to: <a href=\"https:\/\/fysiolab.dk\/no\/product\/airofit-pro-2-0-pustetrener\/\">Airofit Pro 2.0<\/a> eller <a href=\"https:\/\/fysiolab.dk\/no\/product\/airofit-essential-breathing-trainer-pustetrener\/\">Airofit Essential<\/a><\/span><\/span><\/p>\n<p id=\"tw-target-text\" class=\"tw-data-text tw-text-large tw-ta\" dir=\"ltr\" data-placeholder=\"Overs\u00e6ttelse\" data-ved=\"2ahUKEwi6lufaiPCJAxXrERAIHcduIgIQ3ewLegQIDhAU\" aria-label=\"Oversat tekst: Kom i gang med enkle selvst\u00e6ndige vejrtr\u00e6knings\u00f8velser. Airofit Active giver lige det, du har brug for for at komme i gang med selvst\u00e6ndig \u00e5ndedr\u00e6tstr\u00e6ning. Hvis du \u00f8nsker at forbedre dit helbred, generelle velv\u00e6re og fysiske pr\u00e6stationer gennem guidede vejrtr\u00e6knings\u00f8velser, er Airofit Active det perfekte v\u00e6rkt\u00f8j for dig! Airofit Active er en forenklet version af vores smarte tilsluttede \u00e5ndedr\u00e6tstr\u00e6nere. Enkel app-vejledning Tr\u00e6ningsplan Justerbar sv\u00e6rhedsgrad\"><span class=\"Y2IQFc\" lang=\"da\">Airofit Active gir deg akkurat det du trenger for \u00e5 komme i gang med uavhengig pustetrening. S\u00e5 hvis du \u00f8nsker \u00e5 forbedre helsen din, det generelle velv\u00e6ret og den fysiske prestasjonen gjennom guidede puste\u00f8velser, er Airofit Active den perfekte l\u00f8sningen for deg! <\/span><\/p>\n<ul>\n<li class=\"tw-data-text tw-text-large tw-ta\" dir=\"ltr\" data-placeholder=\"Overs\u00e6ttelse\" data-ved=\"2ahUKEwi6lufaiPCJAxXrERAIHcduIgIQ3ewLegQIDhAU\" aria-label=\"Oversat tekst: Kom i gang med enkle selvst\u00e6ndige vejrtr\u00e6knings\u00f8velser. Airofit Active giver lige det, du har brug for for at komme i gang med selvst\u00e6ndig \u00e5ndedr\u00e6tstr\u00e6ning. Hvis du \u00f8nsker at forbedre dit helbred, generelle velv\u00e6re og fysiske pr\u00e6stationer gennem guidede vejrtr\u00e6knings\u00f8velser, er Airofit Active det perfekte v\u00e6rkt\u00f8j for dig! Airofit Active er en forenklet version af vores smarte tilsluttede \u00e5ndedr\u00e6tstr\u00e6nere. Enkel app-vejledning Tr\u00e6ningsplan Justerbar sv\u00e6rhedsgrad\"><span class=\"Y2IQFc\" lang=\"da\">  Enkel app-veiledning  <\/span><\/li>\n<li class=\"tw-data-text tw-text-large tw-ta\" dir=\"ltr\" data-placeholder=\"Overs\u00e6ttelse\" data-ved=\"2ahUKEwi6lufaiPCJAxXrERAIHcduIgIQ3ewLegQIDhAU\" aria-label=\"Oversat tekst: Kom i gang med enkle selvst\u00e6ndige vejrtr\u00e6knings\u00f8velser. Airofit Active giver lige det, du har brug for for at komme i gang med selvst\u00e6ndig \u00e5ndedr\u00e6tstr\u00e6ning. Hvis du \u00f8nsker at forbedre dit helbred, generelle velv\u00e6re og fysiske pr\u00e6stationer gennem guidede vejrtr\u00e6knings\u00f8velser, er Airofit Active det perfekte v\u00e6rkt\u00f8j for dig! Airofit Active er en forenklet version af vores smarte tilsluttede \u00e5ndedr\u00e6tstr\u00e6nere. Enkel app-vejledning Tr\u00e6ningsplan Justerbar sv\u00e6rhedsgrad\"><span class=\"Y2IQFc\" lang=\"da\">  Treningsplan  <\/span><\/li>\n<li class=\"tw-data-text tw-text-large tw-ta\" dir=\"ltr\" data-placeholder=\"Overs\u00e6ttelse\" data-ved=\"2ahUKEwi6lufaiPCJAxXrERAIHcduIgIQ3ewLegQIDhAU\" aria-label=\"Oversat tekst: Kom i gang med enkle selvst\u00e6ndige vejrtr\u00e6knings\u00f8velser. Airofit Active giver lige det, du har brug for for at komme i gang med selvst\u00e6ndig \u00e5ndedr\u00e6tstr\u00e6ning. Hvis du \u00f8nsker at forbedre dit helbred, generelle velv\u00e6re og fysiske pr\u00e6stationer gennem guidede vejrtr\u00e6knings\u00f8velser, er Airofit Active det perfekte v\u00e6rkt\u00f8j for dig! Airofit Active er en forenklet version af vores smarte tilsluttede \u00e5ndedr\u00e6tstr\u00e6nere. Enkel app-vejledning Tr\u00e6ningsplan Justerbar sv\u00e6rhedsgrad\"><span class=\"Y2IQFc\" lang=\"da\">  Justerbar vanskelighetsgrad<\/span><\/li>\n<\/ul>\n","protected":false},"excerpt":{"rendered":"<p>Airofit Active pustetrener introduserer deg for spesifikke pustem\u00f8nstre som fokuserer p\u00e5 ulike m\u00e5l, for eksempel avspenning, generelt velv\u00e6re eller idrettsprestasjoner.<\/p>\n","protected":false},"featured_media":82064,"comment_status":"closed","ping_status":"closed","template":"","meta":{"_acf_changed":false},"product_brand":[3133],"product_cat":[2605,2604,2020,1937,1945],"product_tag":[2606],"class_list":{"0":"post-82058","1":"product","2":"type-product","3":"status-publish","4":"has-post-thumbnail","6":"product_brand-airofit","7":"product_cat-airofit-no","8":"product_cat-airofit-pustetrening","9":"product_cat-julegaveideer-no","10":"product_cat-merkevarer","11":"product_cat-treningsutstyr","12":"product_tag-airofit-no","14":"first","15":"instock","16":"taxable","17":"shipping-taxable","18":"purchasable","19":"product-type-variable"},"acf":[],"_links":{"self":[{"href":"https:\/\/fysiolab.dk\/no\/wp-json\/wp\/v2\/product\/82058","targetHints":{"allow":["GET"]}}],"collection":[{"href":"https:\/\/fysiolab.dk\/no\/wp-json\/wp\/v2\/product"}],"about":[{"href":"https:\/\/fysiolab.dk\/no\/wp-json\/wp\/v2\/types\/product"}],"replies":[{"embeddable":true,"href":"https:\/\/fysiolab.dk\/no\/wp-json\/wp\/v2\/comments?post=82058"}],"wp:featuredmedia":[{"embeddable":true,"href":"https:\/\/fysiolab.dk\/no\/wp-json\/wp\/v2\/media\/82064"}],"wp:attachment":[{"href":"https:\/\/fysiolab.dk\/no\/wp-json\/wp\/v2\/media?parent=82058"}],"wp:term":[{"taxonomy":"product_brand","embeddable":true,"href":"https:\/\/fysiolab.dk\/no\/wp-json\/wp\/v2\/product_brand?post=82058"},{"taxonomy":"product_cat","embeddable":true,"href":"https:\/\/fysiolab.dk\/no\/wp-json\/wp\/v2\/product_cat?post=82058"},{"taxonomy":"product_tag","embeddable":true,"href":"https:\/\/fysiolab.dk\/no\/wp-json\/wp\/v2\/product_tag?post=82058"}],"curies":[{"name":"wp","href":"https:\/\/api.w.org\/{rel}","templated":true}]}}