{"id":82072,"date":"2024-11-23T09:15:43","date_gmt":"2024-11-23T08:15:43","guid":{"rendered":"https:\/\/fysiolab.dk\/product\/airofit-hard-case\/"},"modified":"2025-12-18T09:21:04","modified_gmt":"2025-12-18T08:21:04","slug":"airofit-hard-case","status":"publish","type":"product","link":"https:\/\/fysiolab.dk\/no\/product\/airofit-hard-case\/","title":{"rendered":"Airofit Hard Case"},"content":{"rendered":"<p id=\"tw-target-text\" class=\"tw-data-text tw-text-large tw-ta\" dir=\"ltr\" data-placeholder=\"Overs\u00e6ttelse\" data-ved=\"2ahUKEwi6lufaiPCJAxXrERAIHcduIgIQ3ewLegQIDhAU\" aria-label=\"Oversat tekst: Anskaf dig en beskyttende b\u00e6retaske med h\u00e5rd skal. Hold din Airofit sikker, mens den er i din tr\u00e6ningstaske. Coveret har et indvendigt net, der vil forhindre din tr\u00e6ner i at rasle rundt, samt ventilationshuller for at sikre, at enhver fugt har en m\u00e5de at fordampe. Bem\u00e6rk: Nej, etuiet inkluderer ikke en Airofit PRO.\"><span class=\"Y2IQFc\" lang=\"da\">Skaff deg en beskyttende b\u00e6reveske med hardt skall.  <\/span><\/p>\n<p class=\"tw-data-text tw-text-large tw-ta\" dir=\"ltr\" data-placeholder=\"Overs\u00e6ttelse\" data-ved=\"2ahUKEwi6lufaiPCJAxXrERAIHcduIgIQ3ewLegQIDhAU\" aria-label=\"Oversat tekst: Anskaf dig en beskyttende b\u00e6retaske med h\u00e5rd skal. Hold din Airofit sikker, mens den er i din tr\u00e6ningstaske. Coveret har et indvendigt net, der vil forhindre din tr\u00e6ner i at rasle rundt, samt ventilationshuller for at sikre, at enhver fugt har en m\u00e5de at fordampe. Bem\u00e6rk: Nej, etuiet inkluderer ikke en Airofit PRO.\"><span class=\"Y2IQFc\" lang=\"da\">Hold Airofit trygt mens den ligger i treningsbagen. Trekket har et innvendig netting som forhindrer at pustetreneren skramler rundt, samt ventilasjonshull som s\u00f8rger for at eventuell fuktighet kan fordampe. <\/span><\/p>\n","protected":false},"excerpt":{"rendered":"<p>En superfin og praktisk hardboks for oppbevaring av Airofit-pustetreneren din<\/p>\n","protected":false},"featured_media":82074,"comment_status":"closed","ping_status":"closed","template":"","meta":{"_acf_changed":false},"product_brand":[],"product_cat":[2605,1937],"product_tag":[2606],"class_list":{"0":"post-82072","1":"product","2":"type-product","3":"status-publish","4":"has-post-thumbnail","6":"product_cat-airofit-no","7":"product_cat-merkevarer","8":"product_tag-airofit-no","10":"first","11":"instock","12":"taxable","13":"shipping-taxable","14":"purchasable","15":"product-type-simple"},"acf":[],"_links":{"self":[{"href":"https:\/\/fysiolab.dk\/no\/wp-json\/wp\/v2\/product\/82072","targetHints":{"allow":["GET"]}}],"collection":[{"href":"https:\/\/fysiolab.dk\/no\/wp-json\/wp\/v2\/product"}],"about":[{"href":"https:\/\/fysiolab.dk\/no\/wp-json\/wp\/v2\/types\/product"}],"replies":[{"embeddable":true,"href":"https:\/\/fysiolab.dk\/no\/wp-json\/wp\/v2\/comments?post=82072"}],"wp:featuredmedia":[{"embeddable":true,"href":"https:\/\/fysiolab.dk\/no\/wp-json\/wp\/v2\/media\/82074"}],"wp:attachment":[{"href":"https:\/\/fysiolab.dk\/no\/wp-json\/wp\/v2\/media?parent=82072"}],"wp:term":[{"taxonomy":"product_brand","embeddable":true,"href":"https:\/\/fysiolab.dk\/no\/wp-json\/wp\/v2\/product_brand?post=82072"},{"taxonomy":"product_cat","embeddable":true,"href":"https:\/\/fysiolab.dk\/no\/wp-json\/wp\/v2\/product_cat?post=82072"},{"taxonomy":"product_tag","embeddable":true,"href":"https:\/\/fysiolab.dk\/no\/wp-json\/wp\/v2\/product_tag?post=82072"}],"curies":[{"name":"wp","href":"https:\/\/api.w.org\/{rel}","templated":true}]}}