{"id":82079,"date":"2024-11-21T21:03:16","date_gmt":"2024-11-21T20:03:16","guid":{"rendered":"https:\/\/fysiolab.dk\/product\/chemodis-mandelolje\/"},"modified":"2025-12-18T09:21:05","modified_gmt":"2025-12-18T08:21:05","slug":"chemodis-mandelolje","status":"publish","type":"product","link":"https:\/\/fysiolab.dk\/no\/product\/chemodis-mandelolje\/","title":{"rendered":"Chemodis Mandelolje"},"content":{"rendered":"<p><strong>Chemodis Mandelolje - Naturlig pleie for massasje og hudpleie<\/strong><\/p>\n<p>Chemodis Almond Oil er en ren og naturlig olje som er ideell til b\u00e5de massasje og daglig hudpleie. Den er laget av mandelolje av h\u00f8y kvalitet og er rik p\u00e5 vitaminer og essensielle fettsyrer som etterlater huden myk, smidig og fuktig. Den er tilgjengelig b\u00e5de i en praktisk 250 ml-flaske og en \u00f8konomisk 5 liters dunk, og egner seg b\u00e5de til personlig og profesjonell bruk.  <\/p>\n<p><strong>Fordeler med Chemodis mandelolje<\/strong><\/p>\n<ul>\n<li>Naturlig og sk\u00e5nsom: Laget av 100 % ren mandelolje, egnet for alle hudtyper, inkludert sensitiv hud.<\/li>\n<li>Fuktighetsgivende og n\u00e6rende: Bidrar til \u00e5 gjenopprette hudens naturlige fuktighetsbalanse og beskytter mot t\u00f8rrhet.<\/li>\n<li>Perfekt for massasje: Gir en myk og glidende opplevelse uten \u00e5 f\u00f8les fet.<\/li>\n<li>Multifunksjonell: Egnet for massasje, hudpleie eller som base for eteriske oljer.<\/li>\n<li>To st\u00f8rrelser:\n<ul>\n<li>250 ml: Praktisk for hjemmebruk eller p\u00e5 reise.<\/li>\n<li>5 L: Ideell for klinikker, spa og hyppig bruk i profesjonelle milj\u00f8er.<\/li>\n<\/ul>\n<\/li>\n<\/ul>\n<p><strong>S\u00f8knad:<\/strong><\/p>\n<p>P\u00e5f\u00f8r en passende mengde olje p\u00e5 huden og masser inn med milde bevegelser. Kan ogs\u00e5 brukes som en fuktighetsgivende kroppsolje etter bading eller som en sk\u00e5nsom makeupfjerner. <\/p>\n<p>Chemodis Mandelolje er det naturlige valget for deg som \u00f8nsker h\u00f8y kvalitet og allsidighet i hudpleie eller massasje.<\/p>\n<p><strong>Bestill din Chemodis Mandelolje i dag - velg mellom 250 ml eller 5 L avhengig av dine behov!<\/strong><\/p>\n","protected":false},"excerpt":{"rendered":"<p><strong>Chemodis Almond Oil er en ren og naturlig olje som er ideell til b\u00e5de massasje og daglig hudpleie. Den er laget av mandelolje av h\u00f8y kvalitet og er rik p\u00e5 vitaminer og essensielle fettsyrer som etterlater huden myk, smidig og fuktig. Den er tilgjengelig b\u00e5de i en praktisk 250 ml-flaske og en \u00f8konomisk 5 liters dunk, og egner seg b\u00e5de til personlig og profesjonell bruk.  <\/strong><\/p>\n","protected":false},"featured_media":82084,"comment_status":"closed","ping_status":"closed","template":"","meta":{"_acf_changed":false},"product_brand":[3134],"product_cat":[2643,1948,2397,2025,2401,1937,1941],"product_tag":[2644],"class_list":{"0":"post-82079","1":"product","2":"type-product","3":"status-publish","4":"has-post-thumbnail","6":"product_brand-chemodis","7":"product_cat-chemodis-no","8":"product_cat-klinikk","9":"product_cat-kremer-og-oljer","10":"product_cat-massasje","11":"product_cat-massasjekrem-og-olje","12":"product_cat-merkevarer","13":"product_cat-rekonvalesens-og-sportspleie","14":"product_tag-chemodis-no","16":"first","17":"instock","18":"taxable","19":"shipping-taxable","20":"purchasable","21":"product-type-variable"},"acf":[],"_links":{"self":[{"href":"https:\/\/fysiolab.dk\/no\/wp-json\/wp\/v2\/product\/82079","targetHints":{"allow":["GET"]}}],"collection":[{"href":"https:\/\/fysiolab.dk\/no\/wp-json\/wp\/v2\/product"}],"about":[{"href":"https:\/\/fysiolab.dk\/no\/wp-json\/wp\/v2\/types\/product"}],"replies":[{"embeddable":true,"href":"https:\/\/fysiolab.dk\/no\/wp-json\/wp\/v2\/comments?post=82079"}],"wp:featuredmedia":[{"embeddable":true,"href":"https:\/\/fysiolab.dk\/no\/wp-json\/wp\/v2\/media\/82084"}],"wp:attachment":[{"href":"https:\/\/fysiolab.dk\/no\/wp-json\/wp\/v2\/media?parent=82079"}],"wp:term":[{"taxonomy":"product_brand","embeddable":true,"href":"https:\/\/fysiolab.dk\/no\/wp-json\/wp\/v2\/product_brand?post=82079"},{"taxonomy":"product_cat","embeddable":true,"href":"https:\/\/fysiolab.dk\/no\/wp-json\/wp\/v2\/product_cat?post=82079"},{"taxonomy":"product_tag","embeddable":true,"href":"https:\/\/fysiolab.dk\/no\/wp-json\/wp\/v2\/product_tag?post=82079"}],"curies":[{"name":"wp","href":"https:\/\/api.w.org\/{rel}","templated":true}]}}