{"id":82106,"date":"2024-11-21T19:28:19","date_gmt":"2024-11-21T18:28:19","guid":{"rendered":"https:\/\/fysiolab.dk\/product\/chemolan-contact-gel-5-l\/"},"modified":"2025-12-18T09:21:06","modified_gmt":"2025-12-18T08:21:06","slug":"chemolan-contact-gel-5-l","status":"publish","type":"product","link":"https:\/\/fysiolab.dk\/no\/product\/chemolan-contact-gel-5-l\/","title":{"rendered":"Chemolan Contact Gel 5 L"},"content":{"rendered":"<p><strong>Chemolan Contact Gel - P\u00e5litelig gel for ultralydunders\u00f8kelser og -behandlinger<\/strong><\/p>\n<p>Chemolan Contact Gel er en gel av h\u00f8y kvalitet som er utviklet for \u00e5 optimalisere ultralydunders\u00f8kelser og terapeutiske behandlinger. Med sin hudvennlige formel sikrer den maksimal kontakt mellom ultralydhodet og huden for presise og effektive resultater. <\/p>\n<p><strong>Fordeler med Chemolan Contact Gel<\/strong><\/p>\n<ul>\n<li>Optimal kontakt: Forbedrer overf\u00f8ringen av ultralydb\u00f8lger for skarpere bilder og bedre behandlingseffektivitet.<\/li>\n<li>Hudvennlig og allergivennlig: Sk\u00e5nsom mot huden og passer for alle hudtyper, ogs\u00e5 sensitiv hud.<\/li>\n<li>Enkel \u00e5 p\u00e5f\u00f8re: ikke klebrig og etterlater ingen fettete rester p\u00e5 huden.<\/li>\n<li>Multifunksjonell: Ideell for medisinske ultralydunders\u00f8kelser, fysioterapibehandlinger og kosmetiske prosedyrer.<\/li>\n<li>Hygienisk emballasje: Leveres i en praktisk og brukervennlig beholder.<\/li>\n<\/ul>\n<p><strong>S\u00f8knad:<\/strong><\/p>\n<p>P\u00e5f\u00f8r et jevnt lag med gel p\u00e5 det \u00f8nskede omr\u00e5det. Brukes med ultralydapparater eller annen relevant behandlingsteknologi. Etter bruk kan gelen enkelt t\u00f8rkes av med en klut eller skylles av med vann.  <\/p>\n<p>Chemolan Contact Gel er det profesjonelle valget n\u00e5r det gjelder presisjon og komfort.<\/p>\n<p><strong>Bestill Chemolan Contact Gel i dag og opplev en p\u00e5litelig og effektiv l\u00f8sning for dine behandlinger!<\/strong><\/p>\n","protected":false},"excerpt":{"rendered":"<p><strong>Chemolan Contact Gel er en gel av h\u00f8y kvalitet som er utviklet for \u00e5 optimalisere ultralydunders\u00f8kelser og terapeutiske behandlinger. Med sin hudvennlige formel sikrer den maksimal kontakt mellom ultralydhodet og huden for presise og effektive resultater. <\/strong><\/p>\n","protected":false},"featured_media":82110,"comment_status":"closed","ping_status":"closed","template":"","meta":{"_acf_changed":false},"product_brand":[3134],"product_cat":[2643,1948,1937,1941,2398,2646],"product_tag":[2644],"class_list":{"0":"post-82106","1":"product","2":"type-product","3":"status-publish","4":"has-post-thumbnail","6":"product_brand-chemodis","7":"product_cat-chemodis-no","8":"product_cat-klinikk","9":"product_cat-merkevarer","10":"product_cat-rekonvalesens-og-sportspleie","11":"product_cat-ultralydgel","12":"product_cat-ultralydgel-no","13":"product_tag-chemodis-no","15":"first","16":"instock","17":"sale","18":"taxable","19":"shipping-taxable","20":"purchasable","21":"product-type-simple"},"acf":[],"_links":{"self":[{"href":"https:\/\/fysiolab.dk\/no\/wp-json\/wp\/v2\/product\/82106","targetHints":{"allow":["GET"]}}],"collection":[{"href":"https:\/\/fysiolab.dk\/no\/wp-json\/wp\/v2\/product"}],"about":[{"href":"https:\/\/fysiolab.dk\/no\/wp-json\/wp\/v2\/types\/product"}],"replies":[{"embeddable":true,"href":"https:\/\/fysiolab.dk\/no\/wp-json\/wp\/v2\/comments?post=82106"}],"wp:featuredmedia":[{"embeddable":true,"href":"https:\/\/fysiolab.dk\/no\/wp-json\/wp\/v2\/media\/82110"}],"wp:attachment":[{"href":"https:\/\/fysiolab.dk\/no\/wp-json\/wp\/v2\/media?parent=82106"}],"wp:term":[{"taxonomy":"product_brand","embeddable":true,"href":"https:\/\/fysiolab.dk\/no\/wp-json\/wp\/v2\/product_brand?post=82106"},{"taxonomy":"product_cat","embeddable":true,"href":"https:\/\/fysiolab.dk\/no\/wp-json\/wp\/v2\/product_cat?post=82106"},{"taxonomy":"product_tag","embeddable":true,"href":"https:\/\/fysiolab.dk\/no\/wp-json\/wp\/v2\/product_tag?post=82106"}],"curies":[{"name":"wp","href":"https:\/\/api.w.org\/{rel}","templated":true}]}}