{"id":82119,"date":"2024-11-20T13:41:34","date_gmt":"2024-11-20T12:41:34","guid":{"rendered":"https:\/\/fysiolab.dk\/product\/xp-diabetic-walker\/"},"modified":"2025-12-18T09:21:06","modified_gmt":"2025-12-18T08:21:06","slug":"xp-diabetic-walker","status":"publish","type":"product","link":"https:\/\/fysiolab.dk\/no\/product\/xp-diabetic-walker\/","title":{"rendered":"XP Diabetic Walker"},"content":{"rendered":"<p>Denne st\u00f8velen har en h\u00f8y ytters\u00e5le som gir god avlastning for diabetikerfoten, og en innleggss\u00e5le i fast skum som bidrar til \u00e5 eliminere trykkpunkter p\u00e5 fots\u00e5len. Kombinasjonen av et halvstivt skall, full luftpute og den spesielle inners\u00e5len bidrar til \u00e5 regulere skj\u00e6rbelastningen. <\/p>\n<p><strong>Indikasjoner:<\/strong><\/p>\n<ul>\n<li>Nevropatiske s\u00e5r<\/li>\n<li>Stabile fot- og\/eller ankelbrudd,<\/li>\n<li>Beskyttelse av h\u00e6l og bakfot<\/li>\n<li>Bl\u00f8tvevsskader<\/li>\n<\/ul>\n<p><strong>St\u00f8rrelsesguide:  <\/strong><\/p>\n<p><strong>Skost\u00f8rrelse: St\u00f8rrelse:<\/strong><\/p>\n<p><strong>35-38 S<\/strong><\/p>\n<p><strong>39-42 M<\/strong><\/p>\n<p><strong>43-45 L<\/strong><\/p>\n<p><strong>45+ XL<\/strong><\/p>\n","protected":false},"excerpt":{"rendered":"<ul>\n<li>Kombinasjonen av et halvstivt skall, full luftpute og en spesiell inners\u00e5le i stivt skum bidrar til \u00e5 regulere skj\u00e6rbelastningen.<\/li>\n<li>Justerbar kompresjon for \u00e5 redusere \u00f8demer<\/li>\n<li>Luftpute med h\u00e5ndpumpe<\/li>\n<li>Leveres med to innleggss\u00e5ler, tre sokker og en h\u00e5ndpumpe med trykkm\u00e5ler.<\/li>\n<\/ul>\n","protected":false},"featured_media":82126,"comment_status":"closed","ping_status":"closed","template":"","meta":{"_acf_changed":false},"product_brand":[],"product_cat":[1938,1937,1933,2016,2035],"product_tag":[2614],"class_list":{"0":"post-82119","1":"product","2":"type-product","3":"status-publish","4":"has-post-thumbnail","6":"product_cat-donjoy-no","7":"product_cat-merkevarer","8":"product_cat-skinner-og-stoetteskinner","9":"product_cat-uttak","10":"product_cat-walkerstoevler-og-tilbehoer","11":"product_tag-aircast-no","13":"first","14":"instock","15":"sale","16":"taxable","17":"shipping-taxable","18":"purchasable","19":"product-type-variable"},"acf":[],"_links":{"self":[{"href":"https:\/\/fysiolab.dk\/no\/wp-json\/wp\/v2\/product\/82119","targetHints":{"allow":["GET"]}}],"collection":[{"href":"https:\/\/fysiolab.dk\/no\/wp-json\/wp\/v2\/product"}],"about":[{"href":"https:\/\/fysiolab.dk\/no\/wp-json\/wp\/v2\/types\/product"}],"replies":[{"embeddable":true,"href":"https:\/\/fysiolab.dk\/no\/wp-json\/wp\/v2\/comments?post=82119"}],"wp:featuredmedia":[{"embeddable":true,"href":"https:\/\/fysiolab.dk\/no\/wp-json\/wp\/v2\/media\/82126"}],"wp:attachment":[{"href":"https:\/\/fysiolab.dk\/no\/wp-json\/wp\/v2\/media?parent=82119"}],"wp:term":[{"taxonomy":"product_brand","embeddable":true,"href":"https:\/\/fysiolab.dk\/no\/wp-json\/wp\/v2\/product_brand?post=82119"},{"taxonomy":"product_cat","embeddable":true,"href":"https:\/\/fysiolab.dk\/no\/wp-json\/wp\/v2\/product_cat?post=82119"},{"taxonomy":"product_tag","embeddable":true,"href":"https:\/\/fysiolab.dk\/no\/wp-json\/wp\/v2\/product_tag?post=82119"}],"curies":[{"name":"wp","href":"https:\/\/api.w.org\/{rel}","templated":true}]}}