{"id":82129,"date":"2024-11-19T19:33:08","date_gmt":"2024-11-19T18:33:08","guid":{"rendered":"https:\/\/fysiolab.dk\/product\/donjoy-dorsostrap-ryggstoette\/"},"modified":"2026-03-12T21:49:59","modified_gmt":"2026-03-12T20:49:59","slug":"donjoy-dorsostrap-ryggstoette","status":"publish","type":"product","link":"https:\/\/fysiolab.dk\/no\/product\/donjoy-dorsostrap-ryggstoette\/","title":{"rendered":"Donjoy Dorsostrap - Ryggst\u00f8tte"},"content":{"rendered":"<p><strong>Indikasjoner<\/strong><br \/>\n- Resultater av vertebrale frakturer i<br \/>\nthorax- og lumbalcolumna - Kollaps av thoraxcolumna for\u00e5rsaket av osteoporose eller metastaser (den vanligste indikasjonen) som krever sv\u00e6rt langvarig bruk (opptil 12 m\u00e5neder)<br \/>\n- Postoperativ periode<br \/>\n- Osteoporose<br \/>\n- Osteomalasi<br \/>\n- Dorsal kyfose<br \/>\n- Osteolyse<br \/>\n- Kyfose med kroniske ryggsmerter<br \/>\n- Muskelinsuffisiens<\/p>\n<p><strong>Fordeler og funksjoner<\/strong><br \/>\n- Bakovervendte skulderstropper for \u00e5 forbedre kyfotisk holdning<br \/>\n- Fire halvstive, forh\u00e5ndsformede ryggskinner gir justerbar, forbedret ryggst\u00f8tte<br \/>\n- To av skinnene kan byttes ut med et par stivere skinner for ekstra stabilitet<br \/>\n- Justerbare stropper gir individuell kompresjon<br \/>\n- Anatomisk formet for bedre komfort<br \/>\n- Lette, luktresistente og pustende materialer bidrar til hygiene og etterlevelse<\/p>\n<p><strong>St\u00f8rrelse\/midjeomkrets:<\/strong><\/p>\n<p><button class=\"s11j0aa6\" data-disabled=\"false\" data-secondary=\"true\" data-selected=\"false\">XS \/ 56-68 cm<\/button><button class=\"s11j0aa6\" data-disabled=\"false\" data-secondary=\"true\" data-selected=\"false\">S\/68-82 cm<\/button><button class=\"s11j0aa6\" data-disabled=\"false\" data-secondary=\"true\" data-selected=\"false\">M\/82-98 cm<\/button><button class=\"s11j0aa6\" data-disabled=\"false\" data-secondary=\"true\" data-selected=\"false\">L\/98-116 cm<\/button><button class=\"s11j0aa6\" data-disabled=\"false\" data-secondary=\"true\" data-selected=\"false\">XL \/ 116-136 cm<\/button><button class=\"s11j0aa6\" data-disabled=\"false\" data-secondary=\"true\" data-selected=\"false\">XXL \/ 136-156 cm<\/button><\/p>\n<p><iframe title=\"YouTube-videospiller\" src=\"https:\/\/www.youtube.com\/embed\/y_TaranVmTs\" width=\"560\" height=\"315\" frameborder=\"0\"><\/iframe><\/p>\n","protected":false},"excerpt":{"rendered":"<p>Halvstiv bryst- og korsryggsskinne med skulderstropper og en h\u00f8yde p\u00e5 55 cm. For st\u00f8tte og stabilisering av bryst- og korsrygg fra S1 - T4. <\/p>\n","protected":false},"featured_media":82137,"comment_status":"closed","ping_status":"closed","template":"","meta":{"_acf_changed":false},"product_brand":[3091],"product_cat":[1938,2194,2193,1937,2190,2184,1933,2016],"product_tag":[2173],"class_list":{"0":"post-82129","1":"product","2":"type-product","3":"status-publish","4":"has-post-thumbnail","6":"product_brand-donjoy","7":"product_cat-donjoy-no","8":"product_cat-donjoy-korsryggbelte","9":"product_cat-donjoy-ryggstoette","10":"product_cat-merkevarer","11":"product_cat-osteoporose-benskjoerhet-i-ryggen","12":"product_cat-rygg-og-korsrygg","13":"product_cat-skinner-og-stoetteskinner","14":"product_cat-uttak","15":"product_tag-donjoy-no","17":"first","18":"instock","19":"sale","20":"taxable","21":"shipping-taxable","22":"purchasable","23":"product-type-variable"},"acf":[],"_links":{"self":[{"href":"https:\/\/fysiolab.dk\/no\/wp-json\/wp\/v2\/product\/82129","targetHints":{"allow":["GET"]}}],"collection":[{"href":"https:\/\/fysiolab.dk\/no\/wp-json\/wp\/v2\/product"}],"about":[{"href":"https:\/\/fysiolab.dk\/no\/wp-json\/wp\/v2\/types\/product"}],"replies":[{"embeddable":true,"href":"https:\/\/fysiolab.dk\/no\/wp-json\/wp\/v2\/comments?post=82129"}],"wp:featuredmedia":[{"embeddable":true,"href":"https:\/\/fysiolab.dk\/no\/wp-json\/wp\/v2\/media\/82137"}],"wp:attachment":[{"href":"https:\/\/fysiolab.dk\/no\/wp-json\/wp\/v2\/media?parent=82129"}],"wp:term":[{"taxonomy":"product_brand","embeddable":true,"href":"https:\/\/fysiolab.dk\/no\/wp-json\/wp\/v2\/product_brand?post=82129"},{"taxonomy":"product_cat","embeddable":true,"href":"https:\/\/fysiolab.dk\/no\/wp-json\/wp\/v2\/product_cat?post=82129"},{"taxonomy":"product_tag","embeddable":true,"href":"https:\/\/fysiolab.dk\/no\/wp-json\/wp\/v2\/product_tag?post=82129"}],"curies":[{"name":"wp","href":"https:\/\/api.w.org\/{rel}","templated":true}]}}