{"id":82139,"date":"2024-11-15T21:01:47","date_gmt":"2024-11-15T20:01:47","guid":{"rendered":"https:\/\/fysiolab.dk\/product\/rehabmedic-flexbar\/"},"modified":"2025-12-18T09:21:08","modified_gmt":"2025-12-18T08:21:08","slug":"rehabmedic-flexbar","status":"publish","type":"product","link":"https:\/\/fysiolab.dk\/no\/product\/rehabmedic-flexbar\/","title":{"rendered":"RehabMedic FlexBar"},"content":{"rendered":"<p><strong>FlexBar for h\u00e5nd- og fingertrening - tilgjengelig i 3 motstandsstyrker<\/strong><\/p>\n<p>Forbedre styrken og bevegeligheten i hender, fingre og underarmer med v\u00e5r FlexBar - et effektivt og allsidig treningsverkt\u00f8y som er ideelt for b\u00e5de rehabilitering og prestasjonsforbedring. FlexBar bidrar til \u00e5 bygge muskelstyrke, forbedre fleksibiliteten og forebygge skader i hender og underarmer. <\/p>\n<p><strong>Fordelene med FlexBar:<\/strong><\/p>\n<ul>\n<li>Effektiv rehabilitering: Perfekt for rehabilitering av h\u00e5nd- og fingerskader som tennisalbue, kald tommel eller generell muskeltretthet.<\/li>\n<li>Forbedre grep og fleksibilitet: \u00d8k styrken i hender og fingre gjennom m\u00e5lrettede \u00f8velser som bidrar til \u00e5 forbedre b\u00e5de grep og fingerferdighet.<\/li>\n<li>Fleksibel design: Kan brukes til et bredt spekter av \u00f8velser, fra enkle t\u00f8yninger til mer intense styrketreningsbevegelser.<\/li>\n<li>Kompakt og b\u00e6rbar: Den lette og fleksible designen gj\u00f8r FlexBar enkel \u00e5 bruke hjemme, p\u00e5 jobb eller under trening.<\/li>\n<\/ul>\n<p><strong>Tilgjengelig i 3 motstandsstyrker:<\/strong><\/p>\n<ul>\n<li>R\u00f8d: \u00d8 3,8 cm, 4,5 kg motstand - ideell for nybegynnere eller lett trening.<\/li>\n<li>Gr\u00f8nn: \u00d8 4,5 cm, 6,8 kg motstand - egnet for moderat trening og rehabilitering.<\/li>\n<li>Bl\u00e5: \u00d8 5 cm, 11,3 kg motstand - perfekt for avansert trening og styrketrening.<\/li>\n<\/ul>\n<p>Alle modellene er 30 cm lange, slik at du kan utf\u00f8re et bredt spekter av \u00f8velser.<\/p>\n<p>Bruk: FlexBar er perfekt for trening p\u00e5 alle niv\u00e5er, enten du er nybegynner eller erfaren. Den er spesielt effektiv for h\u00e5nd- og fingertrening for \u00e5 forbedre grepstyrken, redusere muskelspenninger og lindre smerter fra overbelastningsskader. M\u00e5lrett mot spesifikke muskelgrupper for raskere restitusjon etter skader.  <\/p>\n<p><strong>Gi h\u00e5nd- og fingertreningen et l\u00f8ft med FlexBar - din trofaste partner for styrke og velv\u00e6re!<\/strong><\/p>\n","protected":false},"excerpt":{"rendered":"<p><strong>Forbedre styrken og bevegeligheten i hender, fingre og underarmer med v\u00e5r FlexBar - et effektivt og allsidig treningsverkt\u00f8y som er ideelt for b\u00e5de rehabilitering og prestasjonsforbedring. FlexBar bidrar til \u00e5 bygge muskelstyrke, forbedre fleksibiliteten og forebygge skader i hender og underarmer. Tilgjengelig i 3 styrker  <\/strong><\/p>\n","protected":false},"featured_media":82151,"comment_status":"closed","ping_status":"closed","template":"","meta":{"_acf_changed":false},"product_brand":[],"product_cat":[2221,2237,2238,1948,1937,1943,1945],"product_tag":[1944],"class_list":{"0":"post-82139","1":"product","2":"type-product","3":"status-publish","4":"has-post-thumbnail","6":"product_cat-annet-treningsutstyr","7":"product_cat-haand-og-fingertrening","8":"product_cat-haand-og-fingertrening-no","9":"product_cat-klinikk","10":"product_cat-merkevarer","11":"product_cat-rehabmedic-no","12":"product_cat-treningsutstyr","13":"product_tag-rehabmedic-no","15":"first","16":"instock","17":"taxable","18":"shipping-taxable","19":"purchasable","20":"product-type-variable"},"acf":[],"_links":{"self":[{"href":"https:\/\/fysiolab.dk\/no\/wp-json\/wp\/v2\/product\/82139","targetHints":{"allow":["GET"]}}],"collection":[{"href":"https:\/\/fysiolab.dk\/no\/wp-json\/wp\/v2\/product"}],"about":[{"href":"https:\/\/fysiolab.dk\/no\/wp-json\/wp\/v2\/types\/product"}],"replies":[{"embeddable":true,"href":"https:\/\/fysiolab.dk\/no\/wp-json\/wp\/v2\/comments?post=82139"}],"wp:featuredmedia":[{"embeddable":true,"href":"https:\/\/fysiolab.dk\/no\/wp-json\/wp\/v2\/media\/82151"}],"wp:attachment":[{"href":"https:\/\/fysiolab.dk\/no\/wp-json\/wp\/v2\/media?parent=82139"}],"wp:term":[{"taxonomy":"product_brand","embeddable":true,"href":"https:\/\/fysiolab.dk\/no\/wp-json\/wp\/v2\/product_brand?post=82139"},{"taxonomy":"product_cat","embeddable":true,"href":"https:\/\/fysiolab.dk\/no\/wp-json\/wp\/v2\/product_cat?post=82139"},{"taxonomy":"product_tag","embeddable":true,"href":"https:\/\/fysiolab.dk\/no\/wp-json\/wp\/v2\/product_tag?post=82139"}],"curies":[{"name":"wp","href":"https:\/\/api.w.org\/{rel}","templated":true}]}}