{"id":82140,"date":"2024-11-19T19:15:26","date_gmt":"2024-11-19T18:15:26","guid":{"rendered":"https:\/\/fysiolab.dk\/product\/donjoy-lumbostrap-korsryggstoette\/"},"modified":"2026-03-12T21:50:29","modified_gmt":"2026-03-12T20:50:29","slug":"donjoy-lumbostrap-korsryggstoette","status":"publish","type":"product","link":"https:\/\/fysiolab.dk\/no\/product\/donjoy-lumbostrap-korsryggstoette\/","title":{"rendered":"Donjoy Lumbostrap - korsryggst\u00f8tte"},"content":{"rendered":"<p><strong>Indikasjoner<\/strong><br \/>\n- Funn av kollaps i ryggvirvlene (de vanligste indikasjonene), som krever sv\u00e6rt langvarig bruk (opptil 12 m\u00e5neder) - Resultater av vertebrale frakturer i nedre thorakale og og lumbale kanaler<br \/>\n- Postoperativ periode<br \/>\n- Smerter i korsryggen<br \/>\n- Isjiassmerter i korsryggen og lumbal cruralgi<br \/>\n- Spondylose og lumbal skivelidelse<br \/>\n- Mindre lumbosakrale traumer lumbosakrale ryggtraumer og paravertebrale lumbale kontrakturer<br \/>\n- Behandling av transversal impingementfraktur<br \/>\n- Degenerativ skoliose i<br \/>\nkorsryggen - Spondylose med eller uten ryggvirvelglidning<\/p>\n<p><strong>Fordeler og funksjoner<\/strong><br \/>\n- Fire halvstive, forformede ryggskinner gir justerbar, forsterket ryggst\u00f8tte<br \/>\n- To av skinnene kan byttes ut med et par stivere skinner for ekstra stabilitet<br \/>\n- Justerbare stropper gir individuell kompresjon<br \/>\n- Anatomisk formet for bedre komfort<br \/>\n- Lette, luktresistente og pustende materialer bidrar til hygiene og etterlevelse<\/p>\n<p><strong>St\u00f8rrelse\/midjeomkrets:<\/strong><\/p>\n<p><button class=\"s11j0aa6\" data-disabled=\"false\" data-secondary=\"true\" data-selected=\"false\">XS \/ 56 -68 cm<\/button><button class=\"s11j0aa6\" data-disabled=\"false\" data-secondary=\"true\" data-selected=\"false\">S\/68-82 cm<\/button><button class=\"s11j0aa6\" data-disabled=\"false\" data-secondary=\"true\" data-selected=\"false\">M\/82-98 cm<\/button><button class=\"s11j0aa6\" data-disabled=\"false\" data-secondary=\"true\" data-selected=\"false\">L\/98-116 cm<\/button><button class=\"s11j0aa6\" data-disabled=\"false\" data-secondary=\"true\" data-selected=\"false\">XL \/ 116-136 cm<\/button><button class=\"s11j0aa6\" data-disabled=\"false\" data-secondary=\"true\" data-selected=\"false\">XXL \/ 136-156 cm<\/button><\/p>\n<p><iframe title=\"YouTube-videospiller\" src=\"https:\/\/www.youtube.com\/embed\/o9FkQ4CJCtw\" width=\"560\" height=\"315\" frameborder=\"0\"><\/iframe><\/p>\n","protected":false},"excerpt":{"rendered":"<p>Halvstiv korsryggst\u00f8tte med en h\u00f8yde p\u00e5 35 cm. For st\u00f8tte og stabilisering av korsryggen fra S1-T10 og lindring av smerter i korsryggen. <\/p>\n","protected":false},"featured_media":82150,"comment_status":"closed","ping_status":"closed","template":"","meta":{"_acf_changed":false},"product_brand":[3091],"product_cat":[1938,2194,2193,2192,1937,2184,1933,2187,2016],"product_tag":[2173],"class_list":{"0":"post-82140","1":"product","2":"type-product","3":"status-publish","4":"has-post-thumbnail","6":"product_brand-donjoy","7":"product_cat-donjoy-no","8":"product_cat-donjoy-korsryggbelte","9":"product_cat-donjoy-ryggstoette","10":"product_cat-isjias-iskias","11":"product_cat-merkevarer","12":"product_cat-rygg-og-korsrygg","13":"product_cat-skinner-og-stoetteskinner","14":"product_cat-smerter-i-nedre-del-av-ryggen","15":"product_cat-uttak","16":"product_tag-donjoy-no","18":"first","19":"instock","20":"sale","21":"taxable","22":"shipping-taxable","23":"purchasable","24":"product-type-variable"},"acf":[],"_links":{"self":[{"href":"https:\/\/fysiolab.dk\/no\/wp-json\/wp\/v2\/product\/82140","targetHints":{"allow":["GET"]}}],"collection":[{"href":"https:\/\/fysiolab.dk\/no\/wp-json\/wp\/v2\/product"}],"about":[{"href":"https:\/\/fysiolab.dk\/no\/wp-json\/wp\/v2\/types\/product"}],"replies":[{"embeddable":true,"href":"https:\/\/fysiolab.dk\/no\/wp-json\/wp\/v2\/comments?post=82140"}],"wp:featuredmedia":[{"embeddable":true,"href":"https:\/\/fysiolab.dk\/no\/wp-json\/wp\/v2\/media\/82150"}],"wp:attachment":[{"href":"https:\/\/fysiolab.dk\/no\/wp-json\/wp\/v2\/media?parent=82140"}],"wp:term":[{"taxonomy":"product_brand","embeddable":true,"href":"https:\/\/fysiolab.dk\/no\/wp-json\/wp\/v2\/product_brand?post=82140"},{"taxonomy":"product_cat","embeddable":true,"href":"https:\/\/fysiolab.dk\/no\/wp-json\/wp\/v2\/product_cat?post=82140"},{"taxonomy":"product_tag","embeddable":true,"href":"https:\/\/fysiolab.dk\/no\/wp-json\/wp\/v2\/product_tag?post=82140"}],"curies":[{"name":"wp","href":"https:\/\/api.w.org\/{rel}","templated":true}]}}