{"id":82155,"date":"2024-11-15T19:12:06","date_gmt":"2024-11-15T18:12:06","guid":{"rendered":"https:\/\/fysiolab.dk\/product\/rehabmedic-supersonic-ultrasound-gel-1l-5l\/"},"modified":"2025-12-18T09:21:08","modified_gmt":"2025-12-18T08:21:08","slug":"rehabmedic-supersonic-ultrasound-gel-1l-5l","status":"publish","type":"product","link":"https:\/\/fysiolab.dk\/no\/product\/rehabmedic-supersonic-ultrasound-gel-1l-5l\/","title":{"rendered":"RehabMedic Supersonic Ultrasound Gel 1L &amp; 5L"},"content":{"rendered":"<p>Supersonisk ultralydgel - Optimal glid og effektivitet for ultralydbehandlinger<\/p>\n<p><strong>Beskrivelse:<\/strong><br \/>\nV\u00e5r Supersonic Ultrasound Gel er utviklet for \u00e5 sikre en jevn og effektiv ultralydbehandling. Denne profesjonelle gelen gir optimal glidning og forbedrer kontakten mellom ultralydproben og huden, noe som gj\u00f8r det lettere \u00e5 oppn\u00e5 presise resultater under b\u00e5de diagnostiske og terapeutiske ultralydprosedyrer. Gelen er ideell til bruk innen fysioterapi, idrettsmedisin, skj\u00f8nnhetsbehandlinger og medisinske unders\u00f8kelser. Den er lysebl\u00e5 i fargen, luktfri og behagelig mot huden, noe som gir en behagelig opplevelse under behandlingen. Tilgjengelig i 1 liter og 5 liter    <\/p>\n<p><strong>Funksjoner:<\/strong><\/p>\n<ul>\n<li>Optimalisert for ultralydbehandlinger: Gir bedre kontakt og overf\u00f8ring av ultralydb\u00f8lger<\/li>\n<li>H\u00f8y glideevne: Sikrer jevn og effektiv bevegelse av ultralydproben uten irritasjon<\/li>\n<li>Sk\u00e5nsom mot huden: Dermatologisk testet og fri for parabener og alkohol<\/li>\n<li>Luktfri og fargel\u00f8s: Ingen un\u00f8dvendige tilsetningsstoffer<\/li>\n<li>Passer for alle hudtyper: Ikke-fettete, lett \u00e5 fjerne<\/li>\n<li>100 % vannbasert: Lett \u00e5 p\u00e5f\u00f8re og etterlater ingen rester p\u00e5 huden<\/li>\n<li>Praktisk emballasje: leveres i en dispenserflaske for enkel og \u00f8konomisk dosering<\/li>\n<\/ul>\n<p>P\u00e5f\u00f8ring<strong>:<\/strong><br \/>\nP\u00e5f\u00f8r et passende lag med gel p\u00e5 omr\u00e5det som skal behandles, og p\u00e5f\u00f8r deretter ultralydsonden. Gelen s\u00f8rger for en jevn og effektiv overf\u00f8ring av ultralydb\u00f8lgene. Etter behandlingen fjernes gelen enkelt med en klut eller serviett.  <\/p>\n<p><strong>Fordeler:<\/strong><\/p>\n<ul>\n<li>\u00d8ker behandlingskvaliteten ved \u00e5 optimalisere ultralydoverf\u00f8ringen<\/li>\n<li>Egnet for b\u00e5de profesjonelle klinikker og hjemmebehandling<\/li>\n<li>Behagelig \u00e5 bruke for b\u00e5de behandler og pasient<\/li>\n<li>Fjerner raskt irritasjon forbundet med d\u00e5rlig glid eller ubehagelige geler<\/li>\n<li>\u00d8ker komforten under langvarige behandlinger<\/li>\n<\/ul>\n<pre id=\"tw-target-text\" class=\"tw-data-text tw-text-large tw-ta\" dir=\"ltr\" data-placeholder=\"Overs\u00e6ttelse\" data-ved=\"2ahUKEwjDtP36gt-JAxXILhAIHSxZNasQ3ewLegQICRAU\" aria-label=\"Oversat tekst: Densitet: 1.032 mg\/l -PH: 6,5-7,5 -Kogepunkt: 100 C\u00ba\"><strong><span class=\"Y2IQFc\" lang=\"da\">Densitet: 1.032 mg\/l \n-PH: 6,5-7,5 \n-Kogepunkt: 100 C\u00ba<\/span><\/strong><\/pre>\n<p><strong>F\u00e5 mest mulig ut av ultralydbehandlingen med Supersonic Ultrasound Gel - den perfekte l\u00f8sningen for effektivitet, komfort og presisjon.<\/strong><\/p>\n","protected":false},"excerpt":{"rendered":"<p><strong>V\u00e5r Supersonic Ultrasound Gel er utviklet for \u00e5 sikre en jevn og effektiv ultralydbehandling. Denne profesjonelle gelen gir optimal glidning og forbedrer kontakten mellom ultralydproben og huden, noe som gj\u00f8r det enklere \u00e5 oppn\u00e5 presise resultater under b\u00e5de diagnostiske og terapeutiske ultralydprosedyrer. Tilgjengelig i 1 liter og 5 liter  <\/strong><\/p>\n","protected":false},"featured_media":82163,"comment_status":"closed","ping_status":"closed","template":"","meta":{"_acf_changed":false},"product_brand":[],"product_cat":[1948,1937,1943,2646],"product_tag":[1944],"class_list":{"0":"post-82155","1":"product","2":"type-product","3":"status-publish","4":"has-post-thumbnail","6":"product_cat-klinikk","7":"product_cat-merkevarer","8":"product_cat-rehabmedic-no","9":"product_cat-ultralydgel-no","10":"product_tag-rehabmedic-no","12":"first","13":"instock","14":"taxable","15":"shipping-taxable","16":"purchasable","17":"product-type-variable"},"acf":[],"_links":{"self":[{"href":"https:\/\/fysiolab.dk\/no\/wp-json\/wp\/v2\/product\/82155","targetHints":{"allow":["GET"]}}],"collection":[{"href":"https:\/\/fysiolab.dk\/no\/wp-json\/wp\/v2\/product"}],"about":[{"href":"https:\/\/fysiolab.dk\/no\/wp-json\/wp\/v2\/types\/product"}],"replies":[{"embeddable":true,"href":"https:\/\/fysiolab.dk\/no\/wp-json\/wp\/v2\/comments?post=82155"}],"wp:featuredmedia":[{"embeddable":true,"href":"https:\/\/fysiolab.dk\/no\/wp-json\/wp\/v2\/media\/82163"}],"wp:attachment":[{"href":"https:\/\/fysiolab.dk\/no\/wp-json\/wp\/v2\/media?parent=82155"}],"wp:term":[{"taxonomy":"product_brand","embeddable":true,"href":"https:\/\/fysiolab.dk\/no\/wp-json\/wp\/v2\/product_brand?post=82155"},{"taxonomy":"product_cat","embeddable":true,"href":"https:\/\/fysiolab.dk\/no\/wp-json\/wp\/v2\/product_cat?post=82155"},{"taxonomy":"product_tag","embeddable":true,"href":"https:\/\/fysiolab.dk\/no\/wp-json\/wp\/v2\/product_tag?post=82155"}],"curies":[{"name":"wp","href":"https:\/\/api.w.org\/{rel}","templated":true}]}}