{"id":82156,"date":"2024-11-19T14:56:38","date_gmt":"2024-11-19T13:56:38","guid":{"rendered":"https:\/\/fysiolab.dk\/product\/compex-kompresjonssokker-for-restitusjon\/"},"modified":"2025-12-18T09:21:07","modified_gmt":"2025-12-18T08:21:07","slug":"compex-kompresjonssokker-for-restitusjon","status":"publish","type":"product","link":"https:\/\/fysiolab.dk\/no\/product\/compex-kompresjonssokker-for-restitusjon\/","title":{"rendered":"Compex kompresjonssokker for restitusjon"},"content":{"rendered":"<p>Compex Recovery kompresjonssokker er utviklet med Ekatom-fibre for \u00e5 maksimere restitusjonen og forbedre termoreguleringen, vasodilatasjonen og den lokale sirkulasjonen.<\/p>\n<p><strong>St\u00f8rrelsesguide<\/strong><\/p>\n<p><strong>Sortert etter skost\u00f8rrelse<\/strong><\/p>\n<p><strong>Skost\u00f8rrelse. Skost\u00f8rrelse <\/strong><\/p>\n<p><strong>34-38 S<\/strong><\/p>\n<p><strong>38-42 M<\/strong><\/p>\n<p><strong>42-46 L<\/strong><\/p>\n<p><strong>47-50 XL<\/strong><\/p>\n<h3 class=\"\">Fordeler:<\/h3>\n<ul>\n<li>\u00d8ker produksjonen av nitrogenoksid, noe som \u00f8ker blodgjennomstr\u00f8mningen og senker <sup>blodtrykket3<\/sup><\/li>\n<li>\u00d8ker mengden oksygen i blodet for \u00e5 optimalisere <sup>muskelrestitusjonen3<\/sup><\/li>\n<li>\u00d8ker produksjonen av hormoner med betennelsesdempende og smertelindrende <sup>effekt1<\/sup><\/li>\n<li>Forbedrer den termoregulerende effekten2<sup>,3<\/sup><\/li>\n<\/ul>\n<p class=\"text-color-gray\">Kliniske studier: 1. Ekatom\u00ae Fibre-studie p\u00e5 pasienter med diskusprolaps; 2. Studie av den posturometriske plattformen Lizard med Ekatom\u00ae Fibre; 3. Placencia-studie, effekt p\u00e5 f\u00f8ttene av Ekatom\u00ae Fibre-sokker.   <\/p>\n<h3 class=\"\">BEST FOR:<\/h3>\n<p>Lindrer tretthet og tyngde i beina, bidrar til \u00e5 unng\u00e5 sirkulasjonsblokkering, forbedrer ven\u00f8s retur ved \u00e5 ut\u00f8ve avtagende kompresjon fra ankelen. Medisinsk utstyr i klasse I. <\/p>\n","protected":false},"excerpt":{"rendered":"<p><strong>Compex Recovery kompresjonssokker forbedrer og fremskynder restitusjonen av muskeltretthet etter trening.<\/strong><\/p>\n<p>&nbsp;<\/p>\n","protected":false},"featured_media":82166,"comment_status":"closed","ping_status":"closed","template":"","meta":{"_acf_changed":false},"product_brand":[],"product_cat":[2013,1966,1937,2244],"product_tag":[2019],"class_list":{"0":"post-82156","1":"product","2":"type-product","3":"status-publish","4":"has-post-thumbnail","6":"product_cat-compex-no-2","7":"product_cat-klaer","8":"product_cat-merkevarer","9":"product_cat-sokker","10":"product_tag-compex-no","12":"first","13":"instock","14":"taxable","15":"shipping-taxable","16":"purchasable","17":"product-type-variable"},"acf":[],"_links":{"self":[{"href":"https:\/\/fysiolab.dk\/no\/wp-json\/wp\/v2\/product\/82156","targetHints":{"allow":["GET"]}}],"collection":[{"href":"https:\/\/fysiolab.dk\/no\/wp-json\/wp\/v2\/product"}],"about":[{"href":"https:\/\/fysiolab.dk\/no\/wp-json\/wp\/v2\/types\/product"}],"replies":[{"embeddable":true,"href":"https:\/\/fysiolab.dk\/no\/wp-json\/wp\/v2\/comments?post=82156"}],"wp:featuredmedia":[{"embeddable":true,"href":"https:\/\/fysiolab.dk\/no\/wp-json\/wp\/v2\/media\/82166"}],"wp:attachment":[{"href":"https:\/\/fysiolab.dk\/no\/wp-json\/wp\/v2\/media?parent=82156"}],"wp:term":[{"taxonomy":"product_brand","embeddable":true,"href":"https:\/\/fysiolab.dk\/no\/wp-json\/wp\/v2\/product_brand?post=82156"},{"taxonomy":"product_cat","embeddable":true,"href":"https:\/\/fysiolab.dk\/no\/wp-json\/wp\/v2\/product_cat?post=82156"},{"taxonomy":"product_tag","embeddable":true,"href":"https:\/\/fysiolab.dk\/no\/wp-json\/wp\/v2\/product_tag?post=82156"}],"curies":[{"name":"wp","href":"https:\/\/api.w.org\/{rel}","templated":true}]}}