{"id":82172,"date":"2024-11-17T19:51:19","date_gmt":"2024-11-17T18:51:19","guid":{"rendered":"https:\/\/fysiolab.dk\/product\/chemotherm-massasjeolje\/"},"modified":"2025-12-18T09:21:07","modified_gmt":"2025-12-18T08:21:07","slug":"chemotherm-massasjeolje","status":"publish","type":"product","link":"https:\/\/fysiolab.dk\/no\/product\/chemotherm-massasjeolje\/","title":{"rendered":"Chemotherm Massasjeolje"},"content":{"rendered":"<p><strong>Chemotherm Massasjeolje - Varme og velv\u00e6re for muskler og ledd<\/strong><\/p>\n<p>Chemotherm Massage Oil er det perfekte valget for deg som \u00f8nsker en dyp og avslappende massasjeopplevelse. Denne spesialutviklede oljen er beriket med varmeaktiverende ingredienser som bidrar til \u00e5 l\u00f8sne anspente muskler og \u00f8ke blodsirkulasjonen. Ideell for b\u00e5de sportsmassasje, restitusjon etter trening eller avslapping i en travel hverdag.    <strong>Tilgjengelig i 500 ml og 5 L<\/strong><\/p>\n<p><strong>Fordeler:<\/strong><\/p>\n<ul>\n<li>Varmeeffekt: Stimulerer blodgjennomstr\u00f8mningen og gir en beroligende varm f\u00f8lelse.<\/li>\n<li>Lett \u00e5 jobbe med: Oljen har en glatt konsistens som gj\u00f8r den lett \u00e5 massere inn i huden uten \u00e5 etterlate en fet overflate.<\/li>\n<li>Universelt anvendelig: Passer b\u00e5de for profesjonelle mass\u00f8rer og hjemmebruk.<\/li>\n<\/ul>\n<p>P\u00e5f\u00f8ring<strong>:<\/strong><br \/>\nP\u00e5f\u00f8r en passende mengde olje p\u00e5 det \u00f8nskede omr\u00e5det og masser med faste, men milde bevegelser. Chemotherm Massage Oil kan brukes alene eller som et supplement for \u00e5 behandle spenninger, \u00f8mme ledd og trette muskler. <\/p>\n<p><strong>Viktig informasjon:<\/strong><\/p>\n<ul>\n<li>M\u00e5 ikke brukes p\u00e5 skadet hud eller \u00e5pne s\u00e5r.<\/li>\n<li>Unng\u00e5 kontakt med \u00f8yne og slimhinner.<\/li>\n<\/ul>\n<p><strong>Gi kroppen din den oppmerksomheten den fortjener med Chemotherm Massage Oil - en uunnv\u00e6rlig del av din velv\u00e6rerutine!<\/strong><\/p>\n","protected":false},"excerpt":{"rendered":"<p><strong>Chemotherm Massage Oil er det perfekte valget for deg som \u00f8nsker en dyp og avslappende massasjeopplevelse. Denne spesialutviklede oljen er beriket med varmeaktiverende ingredienser som bidrar til \u00e5 l\u00f8sne anspente muskler og \u00f8ke blodsirkulasjonen. Ideell for b\u00e5de sportsmassasje, restitusjon etter trening eller avslapping i en travel hverdag.  <\/strong><\/p>\n<p>&nbsp;<\/p>\n","protected":false},"featured_media":82180,"comment_status":"closed","ping_status":"closed","template":"","meta":{"_acf_changed":false},"product_brand":[],"product_cat":[2643,1948,2025,2401,1937,1941],"product_tag":[2644,1944],"class_list":{"0":"post-82172","1":"product","2":"type-product","3":"status-publish","4":"has-post-thumbnail","6":"product_cat-chemodis-no","7":"product_cat-klinikk","8":"product_cat-massasje","9":"product_cat-massasjekrem-og-olje","10":"product_cat-merkevarer","11":"product_cat-rekonvalesens-og-sportspleie","12":"product_tag-chemodis-no","13":"product_tag-rehabmedic-no","15":"first","16":"instock","17":"taxable","18":"shipping-taxable","19":"purchasable","20":"product-type-variable"},"acf":[],"_links":{"self":[{"href":"https:\/\/fysiolab.dk\/no\/wp-json\/wp\/v2\/product\/82172","targetHints":{"allow":["GET"]}}],"collection":[{"href":"https:\/\/fysiolab.dk\/no\/wp-json\/wp\/v2\/product"}],"about":[{"href":"https:\/\/fysiolab.dk\/no\/wp-json\/wp\/v2\/types\/product"}],"replies":[{"embeddable":true,"href":"https:\/\/fysiolab.dk\/no\/wp-json\/wp\/v2\/comments?post=82172"}],"wp:featuredmedia":[{"embeddable":true,"href":"https:\/\/fysiolab.dk\/no\/wp-json\/wp\/v2\/media\/82180"}],"wp:attachment":[{"href":"https:\/\/fysiolab.dk\/no\/wp-json\/wp\/v2\/media?parent=82172"}],"wp:term":[{"taxonomy":"product_brand","embeddable":true,"href":"https:\/\/fysiolab.dk\/no\/wp-json\/wp\/v2\/product_brand?post=82172"},{"taxonomy":"product_cat","embeddable":true,"href":"https:\/\/fysiolab.dk\/no\/wp-json\/wp\/v2\/product_cat?post=82172"},{"taxonomy":"product_tag","embeddable":true,"href":"https:\/\/fysiolab.dk\/no\/wp-json\/wp\/v2\/product_tag?post=82172"}],"curies":[{"name":"wp","href":"https:\/\/api.w.org\/{rel}","templated":true}]}}