{"id":82185,"date":"2024-11-15T21:59:17","date_gmt":"2024-11-15T20:59:17","guid":{"rendered":"https:\/\/fysiolab.dk\/product\/chemodol-massasjeolje\/"},"modified":"2025-12-18T09:21:08","modified_gmt":"2025-12-18T08:21:08","slug":"chemodol-massasjeolje","status":"publish","type":"product","link":"https:\/\/fysiolab.dk\/no\/product\/chemodol-massasjeolje\/","title":{"rendered":"Chemodol Massasjeolje"},"content":{"rendered":"<p><strong>Chemodol Massasjeolje - Profesjonell pleie for alle hudtyper<\/strong><\/p>\n<p>Chemodol Massage Oil er en hudvennlig olje av h\u00f8y kvalitet som er spesielt utviklet for massasjebehandlinger. Den er ideell for b\u00e5de profesjonell og privat bruk og passer for alle hudtyper, selv den mest f\u00f8lsomme huden. <\/p>\n<p><strong>Fordeler med Chemodol Massasjeolje<\/strong><\/p>\n<ul>\n<li>Lett og behagelig tekstur: Sikrer enkel p\u00e5f\u00f8ring og glid uten \u00e5 etterlate en fet overflate.<\/li>\n<li>Hudvennlig formel: Beriket med milde ingredienser som gir n\u00e6ring og beskyttelse til huden.<\/li>\n<li>Allergivennlig: Fri for parabener, kunstige parfymer og fargestoffer, noe som gj\u00f8r den sk\u00e5nsom mot huden.<\/li>\n<li>Lang arbeidstid: Perfekt for b\u00e5de korte og dype massasjebehandlinger.<\/li>\n<\/ul>\n<p>Chemodol Massasjeolje er det foretrukne valget for fysioterapeuter, mass\u00f8rer og velv\u00e6repersonell. Den lette, n\u00f8ytrale duften gj\u00f8r den ogs\u00e5 ideell til bruk i hjemmet. <\/p>\n<p>Gi massasjebehandlingen et l\u00f8ft med Chemodol Massage Oil - en trygg og effektiv l\u00f8sning for velv\u00e6re og hudpleie.<\/p>\n<p><strong>Innhold: 500 ml og 5 L<\/strong><br \/>\n<strong>P\u00e5f\u00f8ring:<\/strong> P\u00e5f\u00f8r en passende mengde p\u00e5 huden og masser forsiktig inn.<\/p>\n<p><strong>Kj\u00f8p i dag og opplev forskjellen med Chemodol Massasjeolje!<\/strong><\/p>\n","protected":false},"excerpt":{"rendered":"<p><strong>Chemodol Massage Oil er en hudvennlig olje av h\u00f8y kvalitet som er spesielt utviklet for massasjebehandlinger. Den er ideell for b\u00e5de profesjonell og privat bruk og passer for alle hudtyper, selv den mest f\u00f8lsomme huden.  Tilgjengelig i 500 ml og 5 L<\/strong><\/p>\n","protected":false},"featured_media":82190,"comment_status":"closed","ping_status":"closed","template":"","meta":{"_acf_changed":false},"product_brand":[],"product_cat":[2643,1948,2397,2025,2401,1937,1941],"product_tag":[2644,1944],"class_list":{"0":"post-82185","1":"product","2":"type-product","3":"status-publish","4":"has-post-thumbnail","6":"product_cat-chemodis-no","7":"product_cat-klinikk","8":"product_cat-kremer-og-oljer","9":"product_cat-massasje","10":"product_cat-massasjekrem-og-olje","11":"product_cat-merkevarer","12":"product_cat-rekonvalesens-og-sportspleie","13":"product_tag-chemodis-no","14":"product_tag-rehabmedic-no","16":"first","17":"instock","18":"taxable","19":"shipping-taxable","20":"purchasable","21":"product-type-variable"},"acf":[],"_links":{"self":[{"href":"https:\/\/fysiolab.dk\/no\/wp-json\/wp\/v2\/product\/82185","targetHints":{"allow":["GET"]}}],"collection":[{"href":"https:\/\/fysiolab.dk\/no\/wp-json\/wp\/v2\/product"}],"about":[{"href":"https:\/\/fysiolab.dk\/no\/wp-json\/wp\/v2\/types\/product"}],"replies":[{"embeddable":true,"href":"https:\/\/fysiolab.dk\/no\/wp-json\/wp\/v2\/comments?post=82185"}],"wp:featuredmedia":[{"embeddable":true,"href":"https:\/\/fysiolab.dk\/no\/wp-json\/wp\/v2\/media\/82190"}],"wp:attachment":[{"href":"https:\/\/fysiolab.dk\/no\/wp-json\/wp\/v2\/media?parent=82185"}],"wp:term":[{"taxonomy":"product_brand","embeddable":true,"href":"https:\/\/fysiolab.dk\/no\/wp-json\/wp\/v2\/product_brand?post=82185"},{"taxonomy":"product_cat","embeddable":true,"href":"https:\/\/fysiolab.dk\/no\/wp-json\/wp\/v2\/product_cat?post=82185"},{"taxonomy":"product_tag","embeddable":true,"href":"https:\/\/fysiolab.dk\/no\/wp-json\/wp\/v2\/product_tag?post=82185"}],"curies":[{"name":"wp","href":"https:\/\/api.w.org\/{rel}","templated":true}]}}