{"id":82216,"date":"2024-11-08T22:34:45","date_gmt":"2024-11-08T21:34:45","guid":{"rendered":"https:\/\/fysiolab.dk\/product\/dynamisk-baand\/"},"modified":"2025-12-18T09:21:10","modified_gmt":"2025-12-18T08:21:10","slug":"dynamisk-baand","status":"publish","type":"product","link":"https:\/\/fysiolab.dk\/no\/product\/dynamisk-baand\/","title":{"rendered":"Dynamisk b\u00e5nd"},"content":{"rendered":"<p><strong>Dynamic Tape - Fleksibel og effektiv kinesiologitape<\/strong><\/p>\n<p>Dynamic Tape er en innovativ elastisk tape som er utviklet for \u00e5 redusere belastning, st\u00f8tte muskler og ledd og forbedre bevegelsesm\u00f8nstre. Den skiller seg fra tradisjonell kinesiologitape ved \u00e5 v\u00e6re ekstremt elastisk i flere retninger, noe som gir mer dynamisk og funksjonell st\u00f8tte. <\/p>\n<p><strong>Funksjoner:<\/strong><\/p>\n<ul>\n<li>H\u00f8y elastisitet for maksimal bevegelsesfrihet<\/li>\n<li>Effektiv lindring for muskler og ledd<\/li>\n<li>Vannavvisende og pustende for langvarig komfort<\/li>\n<li>Lett \u00e5 p\u00e5f\u00f8re og behagelig \u00e5 ha p\u00e5<\/li>\n<\/ul>\n<p><strong>Tilgjengelige varianter:<\/strong><\/p>\n<ul>\n<li>Bredder: 5 cm og 7,5 cm<\/li>\n<li>Farger: Beige\/svart, svart og beige<\/li>\n<\/ul>\n<p>Dynamic Tape er ideell for idrettsut\u00f8vere, terapeuter og skadelidende som trenger ekstra st\u00f8tte uten \u00e5 begrense bevegelsesfriheten.<\/p>\n<p>Bestill Dynamic Tape i dag og opplev forskjellen!<\/p>\n","protected":false},"excerpt":{"rendered":"<p><strong>Dynamic Tape er en innovativ elastisk tape som er utviklet for \u00e5 redusere belastning, st\u00f8tte muskler og ledd og forbedre bevegelsesm\u00f8nstre. Den skiller seg fra tradisjonell kinesiologitape ved \u00e5 v\u00e6re ekstremt elastisk i flere retninger, noe som gir mer dynamisk og funksjonell st\u00f8tte. <\/strong><\/p>\n","protected":false},"featured_media":82231,"comment_status":"closed","ping_status":"closed","template":"","meta":{"_acf_changed":false},"product_brand":[3094],"product_cat":[2655,2088,1948,1937,1941,2087],"product_tag":[2656],"class_list":{"0":"post-82216","1":"product","2":"type-product","3":"status-publish","4":"has-post-thumbnail","6":"product_brand-dynamic-tape","7":"product_cat-dynamisk-baand","8":"product_cat-kinesiologisk-tape","9":"product_cat-klinikk","10":"product_cat-merkevarer","11":"product_cat-rekonvalesens-og-sportspleie","12":"product_cat-tape-no-2","13":"product_tag-dynamisk-baand","15":"first","16":"instock","17":"taxable","18":"shipping-taxable","19":"purchasable","20":"product-type-variable"},"acf":[],"_links":{"self":[{"href":"https:\/\/fysiolab.dk\/no\/wp-json\/wp\/v2\/product\/82216","targetHints":{"allow":["GET"]}}],"collection":[{"href":"https:\/\/fysiolab.dk\/no\/wp-json\/wp\/v2\/product"}],"about":[{"href":"https:\/\/fysiolab.dk\/no\/wp-json\/wp\/v2\/types\/product"}],"replies":[{"embeddable":true,"href":"https:\/\/fysiolab.dk\/no\/wp-json\/wp\/v2\/comments?post=82216"}],"wp:featuredmedia":[{"embeddable":true,"href":"https:\/\/fysiolab.dk\/no\/wp-json\/wp\/v2\/media\/82231"}],"wp:attachment":[{"href":"https:\/\/fysiolab.dk\/no\/wp-json\/wp\/v2\/media?parent=82216"}],"wp:term":[{"taxonomy":"product_brand","embeddable":true,"href":"https:\/\/fysiolab.dk\/no\/wp-json\/wp\/v2\/product_brand?post=82216"},{"taxonomy":"product_cat","embeddable":true,"href":"https:\/\/fysiolab.dk\/no\/wp-json\/wp\/v2\/product_cat?post=82216"},{"taxonomy":"product_tag","embeddable":true,"href":"https:\/\/fysiolab.dk\/no\/wp-json\/wp\/v2\/product_tag?post=82216"}],"curies":[{"name":"wp","href":"https:\/\/api.w.org\/{rel}","templated":true}]}}