{"id":82242,"date":"2024-11-09T11:54:28","date_gmt":"2024-11-09T10:54:28","guid":{"rendered":"https:\/\/fysiolab.dk\/product\/rehabmedic-fitness-bold\/"},"modified":"2025-12-18T09:21:09","modified_gmt":"2025-12-18T08:21:09","slug":"rehabmedic-fitness-bold","status":"publish","type":"product","link":"https:\/\/fysiolab.dk\/no\/product\/rehabmedic-fitness-bold\/","title":{"rendered":"RehabMedic Fitness Bold"},"content":{"rendered":"<p><strong>Fitnessball - perfekt for trening og balanse<\/strong><\/p>\n<p>F\u00e5 mest mulig ut av treningen med v\u00e5r robuste og allsidige treningsball, som er designet for \u00e5 forbedre styrke, balanse og stabilitet. Velg riktig st\u00f8rrelse avhengig av h\u00f8yden din for \u00e5 f\u00e5 en best mulig treningsopplevelse. <\/p>\n<p><strong>Tilgjengelige st\u00f8rrelser:<\/strong><\/p>\n<ul>\n<li><strong>\u00d855 cm R\u00f8d - Ideell for personer mellom 1,55 m og 1,69 m.<\/strong><\/li>\n<li><strong>\u00d865 cm Svart - Perfekt for personer mellom 1,70 m og 1,84 m.<\/strong><\/li>\n<li><strong>\u00d875 cm s\u00f8lv - Passer for personer mellom 1,85 m og 2,05 m.<\/strong><\/li>\n<\/ul>\n<p><a href=\"https:\/\/dev.fysiolab.dk\/wp-content\/uploads\/2025\/05\/image_1024-2.png\"><img decoding=\"async\" class=\"alignnone wp-image-202401407\" src=\"https:\/\/dev.fysiolab.dk\/wp-content\/uploads\/2025\/05\/image_1024-2-300x111.png\" alt=\"\" width=\"362\" height=\"134\" title=\"\"><\/a><\/p>\n<p><strong>Funksjoner:<\/strong><\/p>\n<ul>\n<li>Slitesterk og trygg: Treningsballen er laget av PVC av h\u00f8y kvalitet, som er punkteringsbestandig og designet for \u00e5 t\u00e5le intensiv bruk, b\u00e5de hjemme og p\u00e5 treningsstudioet.<\/li>\n<li>Sklisikker overflate: Den strukturerte overflaten sikrer et godt grep og stabilitet under trening, slik at du kan fokusere p\u00e5 teknikken din uten bekymringer.<\/li>\n<li>Multifunksjonell: Bruk treningsballen til et bredt spekter av \u00f8velser som kjernetrening, styrketrening, balanse\u00f8velser, yoga og Pilates. Den styrker musklene dine, forbedrer fleksibiliteten din og bidrar til \u00e5 bygge en sterk og stabil kropp. <\/li>\n<li>Komfortabel trening: Ballens ergonomiske design gj\u00f8r den enkel \u00e5 bruke for b\u00e5de nybegynnere og erfarne trenere.<\/li>\n<\/ul>\n<p><strong>Forbedre balanse, styrke og fleksibilitet med den riktige treningsballen for din h\u00f8yde. Velg den st\u00f8rrelsen som passer deg, og kom i gang med treningen i dag! <\/strong><\/p>\n","protected":false},"excerpt":{"rendered":"<p><strong>F\u00e5 mest mulig ut av treningen med v\u00e5r robuste og allsidige treningsball, som er designet for \u00e5 forbedre styrke, balanse og stabilitet. Velg riktig st\u00f8rrelse avhengig av h\u00f8yden din for \u00e5 f\u00e5 en best mulig treningsopplevelse. <\/strong><\/p>\n<p><strong>Tilgjengelige st\u00f8rrelser:<\/strong><\/p>\n<ul>\n<li><strong>\u00d855 cm R\u00f8d - Ideell for personer mellom 1,55 m og 1,69 m.<\/strong><\/li>\n<li><strong>\u00d865 cm Svart - Perfekt for personer mellom 1,70 m og 1,84 m.<\/strong><\/li>\n<li><strong>\u00d875 cm S\u00f8vn - Passer for personer mellom 1,85 m og 2,05 m.<\/strong><\/li>\n<\/ul>\n","protected":false},"featured_media":82248,"comment_status":"closed","ping_status":"closed","template":"","meta":{"_acf_changed":false},"product_brand":[],"product_cat":[1948,1937,2535,1943,2223,2225,1945],"product_tag":[1944],"class_list":{"0":"post-82242","1":"product","2":"type-product","3":"status-publish","4":"has-post-thumbnail","6":"product_cat-klinikk","7":"product_cat-merkevarer","8":"product_cat-pilates-no","9":"product_cat-rehabmedic-no","10":"product_cat-treningsballer","11":"product_cat-treningsballer-no","12":"product_cat-treningsutstyr","13":"product_tag-rehabmedic-no","15":"first","16":"instock","17":"taxable","18":"shipping-taxable","19":"purchasable","20":"product-type-variable"},"acf":[],"_links":{"self":[{"href":"https:\/\/fysiolab.dk\/no\/wp-json\/wp\/v2\/product\/82242","targetHints":{"allow":["GET"]}}],"collection":[{"href":"https:\/\/fysiolab.dk\/no\/wp-json\/wp\/v2\/product"}],"about":[{"href":"https:\/\/fysiolab.dk\/no\/wp-json\/wp\/v2\/types\/product"}],"replies":[{"embeddable":true,"href":"https:\/\/fysiolab.dk\/no\/wp-json\/wp\/v2\/comments?post=82242"}],"wp:featuredmedia":[{"embeddable":true,"href":"https:\/\/fysiolab.dk\/no\/wp-json\/wp\/v2\/media\/82248"}],"wp:attachment":[{"href":"https:\/\/fysiolab.dk\/no\/wp-json\/wp\/v2\/media?parent=82242"}],"wp:term":[{"taxonomy":"product_brand","embeddable":true,"href":"https:\/\/fysiolab.dk\/no\/wp-json\/wp\/v2\/product_brand?post=82242"},{"taxonomy":"product_cat","embeddable":true,"href":"https:\/\/fysiolab.dk\/no\/wp-json\/wp\/v2\/product_cat?post=82242"},{"taxonomy":"product_tag","embeddable":true,"href":"https:\/\/fysiolab.dk\/no\/wp-json\/wp\/v2\/product_tag?post=82242"}],"curies":[{"name":"wp","href":"https:\/\/api.w.org\/{rel}","templated":true}]}}