{"id":82243,"date":"2024-11-08T22:25:55","date_gmt":"2024-11-08T21:25:55","guid":{"rendered":"https:\/\/fysiolab.dk\/product\/rehabmedic-kinesiologi-tape-5cm-x-5m\/"},"modified":"2025-12-18T09:21:10","modified_gmt":"2025-12-18T08:21:10","slug":"rehabmedic-kinesiologi-tape-5cm-x-5m","status":"publish","type":"product","link":"https:\/\/fysiolab.dk\/no\/product\/rehabmedic-kinesiologi-tape-5cm-x-5m\/","title":{"rendered":"RehabMedic Kinesiologi Tape 5cm x 5m"},"content":{"rendered":"<p><strong>Kinesiologisk tape 5 cm x 5 m<\/strong><\/p>\n<p>Denne kinesiologitapen m\u00e5ler 5 cm i bredden og 5 meter i lengden, og er utviklet for \u00e5 st\u00f8tte muskler og ledd under fysisk aktivitet. Teipen er laget av et elastisk, hudvennlig materiale som gir maksimal bevegelsesfrihet samtidig som den stabiliserer og reduserer belastningen p\u00e5 skadede omr\u00e5der. <\/p>\n<p><strong>B\u00e5ndet finnes i flere farger, slik at du kan velge den som passer best til din stil eller dine behov:<\/strong><\/p>\n<ul>\n<li><strong>Variasjon<\/strong><\/li>\n<li><strong>Beige farge<\/strong><\/li>\n<li><strong>Lys rosa<\/strong><\/li>\n<li><strong>Bl\u00e5 farge<\/strong><\/li>\n<li><strong>Gr\u00f8nn farge<\/strong><\/li>\n<\/ul>\n<p><strong>Funksjoner:<\/strong><\/p>\n<ul>\n<li>St\u00f8rrelse: 5 cm bred og 5 meter lang - tilstrekkelig for flere bruksomr\u00e5der<\/li>\n<li>Hudvennlig materiale - pustende og sk\u00e5nsomt mot huden, med god vedheft<\/li>\n<li>Vannavvisende - kan brukes i flere dager, selv under sport og trening<\/li>\n<li>Elastisk st\u00f8tte - tilpasser seg kroppens bevegelser uten \u00e5 begrense bevegeligheten<\/li>\n<\/ul>\n<p><strong>Kinesiologisk tape er ideell for \u00e5 lindre muskelsmerter, forbedre blodsirkulasjonen og gi st\u00f8tte ved skader. Bruk den for \u00e5 forebygge eller behandle skader, enten du er idrettsut\u00f8ver, treningsentusiast eller trenger ekstra st\u00f8tte i hverdagen. <\/strong><\/p>\n","protected":false},"excerpt":{"rendered":"<p><strong>Denne kinesiologitapen m\u00e5ler 5 cm i bredden og 5 meter i lengden, og er utviklet for \u00e5 st\u00f8tte muskler og ledd under fysisk aktivitet. Teipen er laget av et elastisk, hudvennlig materiale som gir maksimal bevegelsesfrihet samtidig som den stabiliserer og reduserer belastningen p\u00e5 skadede omr\u00e5der. <\/strong><\/p>\n<p>&nbsp;<\/p>\n","protected":false},"featured_media":82256,"comment_status":"closed","ping_status":"closed","template":"","meta":{"_acf_changed":false},"product_brand":[],"product_cat":[2088,1948,1937,1943,1941,2087],"product_tag":[1944],"class_list":{"0":"post-82243","1":"product","2":"type-product","3":"status-publish","4":"has-post-thumbnail","6":"product_cat-kinesiologisk-tape","7":"product_cat-klinikk","8":"product_cat-merkevarer","9":"product_cat-rehabmedic-no","10":"product_cat-rekonvalesens-og-sportspleie","11":"product_cat-tape-no-2","12":"product_tag-rehabmedic-no","14":"first","15":"instock","16":"taxable","17":"shipping-taxable","18":"purchasable","19":"product-type-variable"},"acf":[],"_links":{"self":[{"href":"https:\/\/fysiolab.dk\/no\/wp-json\/wp\/v2\/product\/82243","targetHints":{"allow":["GET"]}}],"collection":[{"href":"https:\/\/fysiolab.dk\/no\/wp-json\/wp\/v2\/product"}],"about":[{"href":"https:\/\/fysiolab.dk\/no\/wp-json\/wp\/v2\/types\/product"}],"replies":[{"embeddable":true,"href":"https:\/\/fysiolab.dk\/no\/wp-json\/wp\/v2\/comments?post=82243"}],"wp:featuredmedia":[{"embeddable":true,"href":"https:\/\/fysiolab.dk\/no\/wp-json\/wp\/v2\/media\/82256"}],"wp:attachment":[{"href":"https:\/\/fysiolab.dk\/no\/wp-json\/wp\/v2\/media?parent=82243"}],"wp:term":[{"taxonomy":"product_brand","embeddable":true,"href":"https:\/\/fysiolab.dk\/no\/wp-json\/wp\/v2\/product_brand?post=82243"},{"taxonomy":"product_cat","embeddable":true,"href":"https:\/\/fysiolab.dk\/no\/wp-json\/wp\/v2\/product_cat?post=82243"},{"taxonomy":"product_tag","embeddable":true,"href":"https:\/\/fysiolab.dk\/no\/wp-json\/wp\/v2\/product_tag?post=82243"}],"curies":[{"name":"wp","href":"https:\/\/api.w.org\/{rel}","templated":true}]}}