{"id":82263,"date":"2024-11-08T22:15:27","date_gmt":"2024-11-08T21:15:27","guid":{"rendered":"https:\/\/fysiolab.dk\/product\/rehabmedic-mandelolje\/"},"modified":"2025-12-18T09:21:10","modified_gmt":"2025-12-18T08:21:10","slug":"rehabmedic-mandelolje","status":"publish","type":"product","link":"https:\/\/fysiolab.dk\/no\/product\/rehabmedic-mandelolje\/","title":{"rendered":"RehabMedic Mandelolje"},"content":{"rendered":"<p><strong>Mandelolje - ideell for massasje og muskelbehandling<\/strong><\/p>\n<p>Denne flasken med ren mandelolje er perfekt til bruk i massasje og muskelterapi. Mandeloljen er kjent for sine lette og glidende egenskaper, noe som gj\u00f8r den ideell til massasje, der den bidrar til \u00e5 redusere friksjon og lette bevegelse. Oljen trenger raskt inn i huden og etterlater ikke en fettete f\u00f8lelse, noe som gj\u00f8r den velegnet til b\u00e5de avslappende og terapeutisk massasje. Den bidrar til \u00e5 lindre muskelspenninger og \u00f8mhet, og kan brukes b\u00e5de av profesjonelle mass\u00f8rer og til hjemmebehandlinger.   <\/p>\n<p><strong>Fordeler:<\/strong><\/p>\n<ul>\n<li>100 % naturlig mandelolje, uten tilsetningsstoffer<\/li>\n<li>Lett og glidende, ideell for massasje<\/li>\n<li>Trenger raskt inn i huden uten \u00e5 etterlate fettete rester<\/li>\n<li>Perfekt for behandling av muskelspenninger og \u00f8mhet<\/li>\n<\/ul>\n<p><strong>Innhold: 1 liter eller 5 liter<\/strong><br \/>\n<strong>Bruksomr\u00e5de:<\/strong> Brukes til massasje og muskelbehandling<br \/>\n<strong>Oppbevaring: Oppbevares<\/strong> p\u00e5 et kj\u00f8lig og t\u00f8rt sted, borte fra direkte sollys<\/p>\n<p><strong>F\u00e5 optimal glid og komfort under massasjen med denne rene mandeloljen, som gir en effektiv behandling av muskelspenninger.<\/strong><\/p>\n","protected":false},"excerpt":{"rendered":"<p><strong>Denne 1-litersflasken med ren mandelolje er perfekt til bruk i massasje og muskelterapi. Mandeloljen er kjent for sine lette og glidende egenskaper, noe som gj\u00f8r den ideell til massasje, der den bidrar til \u00e5 redusere friksjon og lette bevegelse. <\/strong><\/p>\n","protected":false},"featured_media":82270,"comment_status":"closed","ping_status":"closed","template":"","meta":{"_acf_changed":false},"product_brand":[],"product_cat":[1948,2397,2025,2401,1937,1943,1941],"product_tag":[1944],"class_list":{"0":"post-82263","1":"product","2":"type-product","3":"status-publish","4":"has-post-thumbnail","6":"product_cat-klinikk","7":"product_cat-kremer-og-oljer","8":"product_cat-massasje","9":"product_cat-massasjekrem-og-olje","10":"product_cat-merkevarer","11":"product_cat-rehabmedic-no","12":"product_cat-rekonvalesens-og-sportspleie","13":"product_tag-rehabmedic-no","15":"first","16":"instock","17":"taxable","18":"shipping-taxable","19":"purchasable","20":"product-type-variable"},"acf":[],"_links":{"self":[{"href":"https:\/\/fysiolab.dk\/no\/wp-json\/wp\/v2\/product\/82263","targetHints":{"allow":["GET"]}}],"collection":[{"href":"https:\/\/fysiolab.dk\/no\/wp-json\/wp\/v2\/product"}],"about":[{"href":"https:\/\/fysiolab.dk\/no\/wp-json\/wp\/v2\/types\/product"}],"replies":[{"embeddable":true,"href":"https:\/\/fysiolab.dk\/no\/wp-json\/wp\/v2\/comments?post=82263"}],"wp:featuredmedia":[{"embeddable":true,"href":"https:\/\/fysiolab.dk\/no\/wp-json\/wp\/v2\/media\/82270"}],"wp:attachment":[{"href":"https:\/\/fysiolab.dk\/no\/wp-json\/wp\/v2\/media?parent=82263"}],"wp:term":[{"taxonomy":"product_brand","embeddable":true,"href":"https:\/\/fysiolab.dk\/no\/wp-json\/wp\/v2\/product_brand?post=82263"},{"taxonomy":"product_cat","embeddable":true,"href":"https:\/\/fysiolab.dk\/no\/wp-json\/wp\/v2\/product_cat?post=82263"},{"taxonomy":"product_tag","embeddable":true,"href":"https:\/\/fysiolab.dk\/no\/wp-json\/wp\/v2\/product_tag?post=82263"}],"curies":[{"name":"wp","href":"https:\/\/api.w.org\/{rel}","templated":true}]}}