{"id":82269,"date":"2024-11-09T10:16:07","date_gmt":"2024-11-09T09:16:07","guid":{"rendered":"https:\/\/fysiolab.dk\/product\/rehabmedic-training-elastisk-baand\/"},"modified":"2025-12-18T09:21:09","modified_gmt":"2025-12-18T08:21:09","slug":"rehabmedic-training-elastisk-baand","status":"publish","type":"product","link":"https:\/\/fysiolab.dk\/no\/product\/rehabmedic-training-elastisk-baand\/","title":{"rendered":"RehabMedic Training elastisk b\u00e5nd"},"content":{"rendered":"<p><strong>RehabMedic Training elastisk b\u00e5nd  <\/strong><\/p>\n<p>Denne treningsstrikk i lateks er tilgjengelig i lengder p\u00e5 1,5 meter, 5,5 meter og 45,7 meter og en bredde p\u00e5 15 cm, og egner seg perfekt til allsidig trening. Strikken er tilgjengelig i flere farger, der hver farge representerer et spesifikt motstandsniv\u00e5: <\/p>\n<ul>\n<li>Gul: Sv\u00e6rt lett motstand - perfekt for rehabilitering og nybegynnere.<\/li>\n<li>R\u00f8d: Lett motstand - bra for oppvarming og lette \u00f8velser.<\/li>\n<li>Gr\u00f8nn: Middels motstand - ideell for generell styrketrening.<\/li>\n<li>Bl\u00e5: Hard motstand - egnet for styrketrening og muskelbygging.<\/li>\n<li>S\u00f8lv: Ekstra t\u00f8ff motstand - for den erfarne som \u00f8nsker en intens trenings\u00f8kt.<\/li>\n<li>Svart: Ekstremt t\u00f8ff motstand - maksimal utfordring for avansert trening.<\/li>\n<\/ul>\n<p><strong>Funksjoner:<\/strong><\/p>\n<ul>\n<li>Lengde: 1,5 - 5,5 og 45,7 meter - kan tilpasses ulike \u00f8velser og lengder<\/li>\n<li>Bredde: 15 cm - gir godt grep og stabilitet under trening<\/li>\n<li>Materiale: Latex - sikrer god elastisitet og holdbarhet<\/li>\n<\/ul>\n<p><strong>Perfekt for styrketrening, fleksibilitets\u00f8velser og rehabilitering. Velg den fargen som passer ditt treningsniv\u00e5, og legg til en effektiv og fleksibel l\u00f8sning til hjemmetreningen eller treningsrutinen din. <\/strong><\/p>\n","protected":false},"excerpt":{"rendered":"<p><strong>Dette 5,5 meter lange og 15 cm brede treningsb\u00e5ndet er laget av lateks og er ideelt for allsidig trening. Strikken er tilgjengelig i flere farger, der hver farge representerer et spesifikt motstandsniv\u00e5. <\/strong><\/p>\n","protected":false},"featured_media":82291,"comment_status":"closed","ping_status":"closed","template":"","meta":{"_acf_changed":false},"product_brand":[],"product_cat":[1948,1937,1943,2215,2217,2663,1945],"product_tag":[1944],"class_list":{"0":"post-82269","1":"product","2":"type-product","3":"status-publish","4":"has-post-thumbnail","6":"product_cat-klinikk","7":"product_cat-merkevarer","8":"product_cat-rehabmedic-no","9":"product_cat-treningsbaand","10":"product_cat-treningsbaand-no","11":"product_cat-treningsbaand-no-2","12":"product_cat-treningsutstyr","13":"product_tag-rehabmedic-no","15":"first","16":"instock","17":"taxable","18":"shipping-taxable","19":"purchasable","20":"product-type-variable"},"acf":[],"_links":{"self":[{"href":"https:\/\/fysiolab.dk\/no\/wp-json\/wp\/v2\/product\/82269","targetHints":{"allow":["GET"]}}],"collection":[{"href":"https:\/\/fysiolab.dk\/no\/wp-json\/wp\/v2\/product"}],"about":[{"href":"https:\/\/fysiolab.dk\/no\/wp-json\/wp\/v2\/types\/product"}],"replies":[{"embeddable":true,"href":"https:\/\/fysiolab.dk\/no\/wp-json\/wp\/v2\/comments?post=82269"}],"wp:featuredmedia":[{"embeddable":true,"href":"https:\/\/fysiolab.dk\/no\/wp-json\/wp\/v2\/media\/82291"}],"wp:attachment":[{"href":"https:\/\/fysiolab.dk\/no\/wp-json\/wp\/v2\/media?parent=82269"}],"wp:term":[{"taxonomy":"product_brand","embeddable":true,"href":"https:\/\/fysiolab.dk\/no\/wp-json\/wp\/v2\/product_brand?post=82269"},{"taxonomy":"product_cat","embeddable":true,"href":"https:\/\/fysiolab.dk\/no\/wp-json\/wp\/v2\/product_cat?post=82269"},{"taxonomy":"product_tag","embeddable":true,"href":"https:\/\/fysiolab.dk\/no\/wp-json\/wp\/v2\/product_tag?post=82269"}],"curies":[{"name":"wp","href":"https:\/\/api.w.org\/{rel}","templated":true}]}}