{"id":82305,"date":"2024-11-09T09:00:01","date_gmt":"2024-11-09T08:00:01","guid":{"rendered":"https:\/\/fysiolab.dk\/product\/teip-saks-14-cm\/"},"modified":"2025-12-18T09:21:10","modified_gmt":"2025-12-18T08:21:10","slug":"teip-saks-14-cm","status":"publish","type":"product","link":"https:\/\/fysiolab.dk\/no\/product\/teip-saks-14-cm\/","title":{"rendered":"Teip saks (14 cm)"},"content":{"rendered":"<p><strong>B\u00e5ndsaks 14 cm<\/strong><\/p>\n<p>Denne spesialdesignede tapesaksen p\u00e5 14 cm er det perfekte verkt\u00f8yet for presis og sikker klipping av sports- og kinesiologitape ved behandling av skader. Med de skarpe bladene i rustfritt st\u00e5l og det ergonomiske h\u00e5ndtaket gir saksen et komfortabelt og presist klipp, noe som gj\u00f8r det enklere \u00e5 justere tapen til \u00f8nsket st\u00f8rrelse og form. Teipesaksen er spesielt egnet for fysioterapeuter, idrettsterapeuter og idrettsut\u00f8vere som har behov for \u00e5 justere teipen raskt og effektivt under behandling og rehabilitering.  <\/p>\n<p><strong>Fordeler:<\/strong><\/p>\n<ul>\n<li>Skarpe kniver i rustfritt st\u00e5l for presis skj\u00e6ring<\/li>\n<li>Ergonomisk h\u00e5ndtak for komfortabelt grep<\/li>\n<li>Kompakt og enkel \u00e5 h\u00e5ndtere<\/li>\n<li>Utviklet for \u00e5 fungere effektivt med sports- og kinesiologib\u00e5nd<\/li>\n<\/ul>\n<p><strong>Dimensjoner:<\/strong> 14 cm<br \/>\n<strong>Materiale:<\/strong> Rustfritt st\u00e5l<br \/>\n<strong>Bruksomr\u00e5de:<\/strong> Teiping av sportsskader, klipping av sportsteip og kinesiologiteip<\/p>\n<p><strong>S\u00f8rg for presise og sikre teipingsl\u00f8sninger med denne profesjonelle saksen for teiping av idrettsskader.<\/strong><\/p>\n","protected":false},"excerpt":{"rendered":"<p><strong>Teipesaks med 14 kamme for bruk med elastiske, stive og kinesiologiske teip. Skarpe blader som er enkle \u00e5 rengj\u00f8re   <\/strong><\/p>\n","protected":false},"featured_media":82307,"comment_status":"closed","ping_status":"closed","template":"","meta":{"_acf_changed":false},"product_brand":[],"product_cat":[1948,1937,1943,1941,2440,2087],"product_tag":[1944],"class_list":{"0":"post-82305","1":"product","2":"type-product","3":"status-publish","4":"has-post-thumbnail","6":"product_cat-klinikk","7":"product_cat-merkevarer","8":"product_cat-rehabmedic-no","9":"product_cat-rekonvalesens-og-sportspleie","10":"product_cat-sportsteip","11":"product_cat-tape-no-2","12":"product_tag-rehabmedic-no","14":"first","15":"instock","16":"taxable","17":"shipping-taxable","18":"purchasable","19":"product-type-simple"},"acf":[],"_links":{"self":[{"href":"https:\/\/fysiolab.dk\/no\/wp-json\/wp\/v2\/product\/82305","targetHints":{"allow":["GET"]}}],"collection":[{"href":"https:\/\/fysiolab.dk\/no\/wp-json\/wp\/v2\/product"}],"about":[{"href":"https:\/\/fysiolab.dk\/no\/wp-json\/wp\/v2\/types\/product"}],"replies":[{"embeddable":true,"href":"https:\/\/fysiolab.dk\/no\/wp-json\/wp\/v2\/comments?post=82305"}],"wp:featuredmedia":[{"embeddable":true,"href":"https:\/\/fysiolab.dk\/no\/wp-json\/wp\/v2\/media\/82307"}],"wp:attachment":[{"href":"https:\/\/fysiolab.dk\/no\/wp-json\/wp\/v2\/media?parent=82305"}],"wp:term":[{"taxonomy":"product_brand","embeddable":true,"href":"https:\/\/fysiolab.dk\/no\/wp-json\/wp\/v2\/product_brand?post=82305"},{"taxonomy":"product_cat","embeddable":true,"href":"https:\/\/fysiolab.dk\/no\/wp-json\/wp\/v2\/product_cat?post=82305"},{"taxonomy":"product_tag","embeddable":true,"href":"https:\/\/fysiolab.dk\/no\/wp-json\/wp\/v2\/product_tag?post=82305"}],"curies":[{"name":"wp","href":"https:\/\/api.w.org\/{rel}","templated":true}]}}