{"id":82310,"date":"2024-11-08T21:48:05","date_gmt":"2024-11-08T20:48:05","guid":{"rendered":"https:\/\/fysiolab.dk\/product\/rehabmedic-stiv-tape-38-cm-x-137-m\/"},"modified":"2025-12-18T09:21:10","modified_gmt":"2025-12-18T08:21:10","slug":"rehabmedic-stiv-tape-38-cm-x-137-m","status":"publish","type":"product","link":"https:\/\/fysiolab.dk\/no\/product\/rehabmedic-stiv-tape-38-cm-x-137-m\/","title":{"rendered":"RehabMedic stiv tape 3,8 cm x 13,7 m"},"content":{"rendered":"<p><strong>RehabMedic Rigid Tape 3,8 cm x 13,7 m - Brun<\/strong><\/p>\n<p>Slitesterk st\u00f8tte for idrett og rehabilitering<br \/>\nRehabMedic Rigid Tape er det ideelle valget for stabilitet og st\u00f8tte under trening, rehabilitering eller skadeforebygging. Med en bredde p\u00e5 3,8 cm og en lengde p\u00e5 13,7 meter gir denne brune tapen en perfekt balanse mellom styrke og komfort. <\/p>\n<p><strong>Funksjoner:<\/strong><\/p>\n<ul>\n<li>Stiv struktur: Gir maksimal st\u00f8tte for ledd og muskler. Egnet for stabilisering av ankler, kn\u00e6r, h\u00e5ndledd eller skuldre. <\/li>\n<li>Hudvennlig klebemiddel: sitter godt p\u00e5 huden uten \u00e5 for\u00e5rsake irritasjon. Lett \u00e5 p\u00e5f\u00f8re og fjerne. <\/li>\n<li>H\u00f8y slitestyrke: holder seg p\u00e5 plass under intensiv aktivitet, selv under krevende sport.<\/li>\n<li>Pustende: Forhindrer overoppheting av huden og sikrer en behagelig brukeropplevelse over tid.<\/li>\n<\/ul>\n<p><strong>Bruksomr\u00e5der:<\/strong><\/p>\n<ul>\n<li>Ideell for \u00e5 forebygge og behandle skader som forstuinger og forstrekninger.<\/li>\n<li>Kan brukes av idrettsut\u00f8vere, fysioterapeuter og privatpersoner.<\/li>\n<li>Perfekt for \u00e5 gi ekstra stabilitet under krevende aktiviteter som l\u00f8ping, ballspill eller vektl\u00f8fting.<\/li>\n<\/ul>\n<p><strong>Hvorfor velge RehabMedic Rigid Tape?<\/strong><br \/>\nMed sin profesjonelle kvalitet og p\u00e5litelige ytelse er denne tapen et must-have for b\u00e5de idrett og rehabilitering.<\/p>\n","protected":false},"excerpt":{"rendered":"<p><strong>Slitesterk st\u00f8tte for sport og rehabilitering!<\/strong><br \/>\n<strong>RehabMedic Rigid Tape er det ideelle valget for stabilitet og st\u00f8tte under trening, rehabilitering eller skadeforebygging. Med en bredde p\u00e5 3,8 cm og en lengde p\u00e5 13,7 meter gir denne brune tapen en perfekt balanse mellom styrke og komfort. <\/strong><\/p>\n<p>&nbsp;<\/p>\n","protected":false},"featured_media":82312,"comment_status":"closed","ping_status":"closed","template":"","meta":{"_acf_changed":false},"product_brand":[],"product_cat":[1948,1937,1943,1941,2440,2087],"product_tag":[1944],"class_list":{"0":"post-82310","1":"product","2":"type-product","3":"status-publish","4":"has-post-thumbnail","6":"product_cat-klinikk","7":"product_cat-merkevarer","8":"product_cat-rehabmedic-no","9":"product_cat-rekonvalesens-og-sportspleie","10":"product_cat-sportsteip","11":"product_cat-tape-no-2","12":"product_tag-rehabmedic-no","14":"first","15":"outofstock","16":"taxable","17":"shipping-taxable","18":"purchasable","19":"product-type-simple"},"acf":[],"_links":{"self":[{"href":"https:\/\/fysiolab.dk\/no\/wp-json\/wp\/v2\/product\/82310","targetHints":{"allow":["GET"]}}],"collection":[{"href":"https:\/\/fysiolab.dk\/no\/wp-json\/wp\/v2\/product"}],"about":[{"href":"https:\/\/fysiolab.dk\/no\/wp-json\/wp\/v2\/types\/product"}],"replies":[{"embeddable":true,"href":"https:\/\/fysiolab.dk\/no\/wp-json\/wp\/v2\/comments?post=82310"}],"wp:featuredmedia":[{"embeddable":true,"href":"https:\/\/fysiolab.dk\/no\/wp-json\/wp\/v2\/media\/82312"}],"wp:attachment":[{"href":"https:\/\/fysiolab.dk\/no\/wp-json\/wp\/v2\/media?parent=82310"}],"wp:term":[{"taxonomy":"product_brand","embeddable":true,"href":"https:\/\/fysiolab.dk\/no\/wp-json\/wp\/v2\/product_brand?post=82310"},{"taxonomy":"product_cat","embeddable":true,"href":"https:\/\/fysiolab.dk\/no\/wp-json\/wp\/v2\/product_cat?post=82310"},{"taxonomy":"product_tag","embeddable":true,"href":"https:\/\/fysiolab.dk\/no\/wp-json\/wp\/v2\/product_tag?post=82310"}],"curies":[{"name":"wp","href":"https:\/\/api.w.org\/{rel}","templated":true}]}}