{"id":82317,"date":"2024-11-08T19:35:20","date_gmt":"2024-11-08T18:35:20","guid":{"rendered":"https:\/\/fysiolab.dk\/product\/rehabmedic-hydrogel-second-skin-25x25-200stk\/"},"modified":"2025-12-18T09:21:11","modified_gmt":"2025-12-18T08:21:11","slug":"rehabmedic-hydrogel-second-skin-25x25-200stk","status":"publish","type":"product","link":"https:\/\/fysiolab.dk\/no\/product\/rehabmedic-hydrogel-second-skin-25x25-200stk\/","title":{"rendered":"RehabMedic Hydrogel Second Skin 2,5&#215;2,5 (200stk)"},"content":{"rendered":"<p><strong>Hydrogelputer (Second Skin) - 200 stk (2,5 cm x 2,5 cm) - beskyttelse mot blemmer<\/strong><\/p>\n<p>Disse hydrogelkompressene er utviklet for \u00e5 beskytte og lindre blemmer p\u00e5 en effektiv m\u00e5te. Hver pute m\u00e5ler 2,5 cm x 2,5 cm og er perfekt til \u00e5 dekke mindre blemmer og skader, og bidrar til \u00e5 beskytte mot friksjon og ytre p\u00e5virkninger. Hydrogelen skaper et fuktig milj\u00f8 som fremmer tilheling og reduserer smerte, samtidig som den beskytter mot ytterligere irritasjon. Plastrene er selvklebende og enkle \u00e5 p\u00e5f\u00f8re, noe som gj\u00f8r dem ideelle til bruk p\u00e5 f\u00f8tter, hender eller andre utsatte omr\u00e5der.   <\/p>\n<p>Fordeler:<\/p>\n<ul>\n<li>200 puter, ideell for daglig bruk<\/li>\n<li>Skaper et fuktig milj\u00f8 for raskere tilheling av blemmer<\/li>\n<li>Beskytter mot friksjon og irritasjon<\/li>\n<li>Lett \u00e5 p\u00e5f\u00f8re og fjerne uten \u00e5 for\u00e5rsake ekstra smerte<\/li>\n<li>Ideell for bruk p\u00e5 f\u00f8tter, hender eller andre utsatte omr\u00e5der<\/li>\n<\/ul>\n<p>M\u00e5l: 2,5 cm x 2,5 cm per pute<br \/>\nBruk: Brukes til \u00e5 beskytte blemmer og mindre hudskader<br \/>\nOppbevaring: Oppbevares t\u00f8rt og kj\u00f8lig<\/p>\n<p>S\u00f8rg for effektiv beskyttelse mot gnags\u00e5r med disse praktiske hydrogelputene som fremmer tilheling og lindrer smerte.<\/p>\n<div><\/div>\n<div dir=\"ltr\"><\/div>\n","protected":false},"excerpt":{"rendered":"<p><strong>Disse hydrogelkompressene (Second Skin) er utviklet for effektivt \u00e5 beskytte og lindre blemmer. Hver pute m\u00e5ler 2,5 cm x 2,5 cm og er perfekt til \u00e5 dekke mindre blemmer og skader, og bidrar til \u00e5 beskytte mot friksjon og ytre p\u00e5virkninger. Hydrogelen skaper et fuktig milj\u00f8 som fremmer tilheling og reduserer smerte, samtidig som den beskytter mot ytterligere irritasjon. Plastrene er selvklebende og enkle \u00e5 p\u00e5f\u00f8re, noe som gj\u00f8r dem ideelle til bruk p\u00e5 f\u00f8tter, hender eller andre utsatte omr\u00e5der.   <\/strong><\/p>\n","protected":false},"featured_media":82319,"comment_status":"closed","ping_status":"closed","template":"","meta":{"_acf_changed":false},"product_brand":[],"product_cat":[2427,1942,1948,1937,1943,1941],"product_tag":[1944],"class_list":{"0":"post-82317","1":"product","2":"type-product","3":"status-publish","4":"has-post-thumbnail","6":"product_cat-blemmeplaster-og-forebygging","7":"product_cat-foerstehjelp","8":"product_cat-klinikk","9":"product_cat-merkevarer","10":"product_cat-rehabmedic-no","11":"product_cat-rekonvalesens-og-sportspleie","12":"product_tag-rehabmedic-no","14":"first","15":"instock","16":"taxable","17":"shipping-taxable","18":"purchasable","19":"product-type-simple"},"acf":[],"_links":{"self":[{"href":"https:\/\/fysiolab.dk\/no\/wp-json\/wp\/v2\/product\/82317","targetHints":{"allow":["GET"]}}],"collection":[{"href":"https:\/\/fysiolab.dk\/no\/wp-json\/wp\/v2\/product"}],"about":[{"href":"https:\/\/fysiolab.dk\/no\/wp-json\/wp\/v2\/types\/product"}],"replies":[{"embeddable":true,"href":"https:\/\/fysiolab.dk\/no\/wp-json\/wp\/v2\/comments?post=82317"}],"wp:featuredmedia":[{"embeddable":true,"href":"https:\/\/fysiolab.dk\/no\/wp-json\/wp\/v2\/media\/82319"}],"wp:attachment":[{"href":"https:\/\/fysiolab.dk\/no\/wp-json\/wp\/v2\/media?parent=82317"}],"wp:term":[{"taxonomy":"product_brand","embeddable":true,"href":"https:\/\/fysiolab.dk\/no\/wp-json\/wp\/v2\/product_brand?post=82317"},{"taxonomy":"product_cat","embeddable":true,"href":"https:\/\/fysiolab.dk\/no\/wp-json\/wp\/v2\/product_cat?post=82317"},{"taxonomy":"product_tag","embeddable":true,"href":"https:\/\/fysiolab.dk\/no\/wp-json\/wp\/v2\/product_tag?post=82317"}],"curies":[{"name":"wp","href":"https:\/\/api.w.org\/{rel}","templated":true}]}}