{"id":82331,"date":"2024-11-08T19:30:31","date_gmt":"2024-11-08T18:30:31","guid":{"rendered":"https:\/\/fysiolab.dk\/product\/kulde-varmepose\/"},"modified":"2025-12-18T09:21:11","modified_gmt":"2025-12-18T08:21:11","slug":"kulde-varmepose","status":"publish","type":"product","link":"https:\/\/fysiolab.dk\/no\/product\/kulde-varmepose\/","title":{"rendered":"Kulde-\/varmepose"},"content":{"rendered":"<p>Kulde-\/varmepose \u00f8 28 cm med ergonomisk hette som gj\u00f8r den enkel \u00e5 \u00e5pne og fylle med enten is eller varmt vann. Posen tilpasser seg den anatomiske strukturen den brukes p\u00e5. H\u00f8y kvalitet som sikrer at du trygt kan bruke den p\u00e5 smertefulle og skadde omr\u00e5der.  <\/p>\n<h3><strong>Bruksanvisning for bruk som varmepose:<\/strong><\/h3>\n<p>1. Fyll 2\/3 varmt vann i posen. <strong>(MAX 65c) <\/strong>og skru lokket tilbake p\u00e5 posens \u00e5pning. <\/p>\n<p>2. V\u00e6r oppmerksom p\u00e5 temperaturen p\u00e5 aluminiumsdelen av produktet.<\/p>\n<p>3. Test om det er lekkasjer ved \u00e5 snu posen opp ned og trykke hardt p\u00e5 posen.<\/p>\n<p>4. Hold den varme posen i lokket og legg posen p\u00e5 det ber\u00f8rte omr\u00e5det der du \u00f8nsker smertelindring (hvis det f\u00f8les for varmt, pakk posen inn i et h\u00e5ndkle). <\/p>\n<p>&nbsp;<\/p>\n<h3><strong>Bruksanvisning for bruk som kj\u00f8lepose:<\/strong><\/h3>\n<p>1. 2\/3 kaldt vann, knust is eller isbiter i posen.<\/p>\n<p>2. Skru lokket tilbake p\u00e5 pose\u00e5pningen.<\/p>\n<p>3. Test om det er lekkasjer ved \u00e5 snu posen opp ned og trykke hardt p\u00e5 posen.<\/p>\n<p>4. Hold posen i lokket og bruk posen p\u00e5 det ber\u00f8rte omr\u00e5det for \u00e5 lindre smerte (hvis det f\u00f8les for kaldt, pakk posen inn i et h\u00e5ndkle) <\/p>\n","protected":false},"excerpt":{"rendered":"<p><strong>Kulde-\/varmepose \u00f8 28 cm med ergonomisk hette som gj\u00f8r den enkel \u00e5 \u00e5pne og fylle med enten is eller varmt vann. Posen tilpasser seg den anatomiske strukturen den brukes p\u00e5. H\u00f8y kvalitet som sikrer at du trygt kan bruke den p\u00e5 smertefulle og skadde omr\u00e5der.  <\/strong><\/p>\n","protected":false},"featured_media":82335,"comment_status":"closed","ping_status":"closed","template":"","meta":{"_acf_changed":false},"product_brand":[],"product_cat":[2433,2124,2434,1948,1937,2439,1943,1941],"product_tag":[1944],"class_list":{"0":"post-82331","1":"product","2":"type-product","3":"status-publish","4":"has-post-thumbnail","6":"product_cat-avlastning-ved-forkjoelelse","7":"product_cat-kald-varmebehandling","8":"product_cat-kjoeleprodukter","9":"product_cat-klinikk","10":"product_cat-merkevarer","11":"product_cat-oppvarmingsprodukter","12":"product_cat-rehabmedic-no","13":"product_cat-rekonvalesens-og-sportspleie","14":"product_tag-rehabmedic-no","16":"first","17":"instock","18":"taxable","19":"shipping-taxable","20":"purchasable","21":"product-type-variable"},"acf":[],"_links":{"self":[{"href":"https:\/\/fysiolab.dk\/no\/wp-json\/wp\/v2\/product\/82331","targetHints":{"allow":["GET"]}}],"collection":[{"href":"https:\/\/fysiolab.dk\/no\/wp-json\/wp\/v2\/product"}],"about":[{"href":"https:\/\/fysiolab.dk\/no\/wp-json\/wp\/v2\/types\/product"}],"replies":[{"embeddable":true,"href":"https:\/\/fysiolab.dk\/no\/wp-json\/wp\/v2\/comments?post=82331"}],"wp:featuredmedia":[{"embeddable":true,"href":"https:\/\/fysiolab.dk\/no\/wp-json\/wp\/v2\/media\/82335"}],"wp:attachment":[{"href":"https:\/\/fysiolab.dk\/no\/wp-json\/wp\/v2\/media?parent=82331"}],"wp:term":[{"taxonomy":"product_brand","embeddable":true,"href":"https:\/\/fysiolab.dk\/no\/wp-json\/wp\/v2\/product_brand?post=82331"},{"taxonomy":"product_cat","embeddable":true,"href":"https:\/\/fysiolab.dk\/no\/wp-json\/wp\/v2\/product_cat?post=82331"},{"taxonomy":"product_tag","embeddable":true,"href":"https:\/\/fysiolab.dk\/no\/wp-json\/wp\/v2\/product_tag?post=82331"}],"curies":[{"name":"wp","href":"https:\/\/api.w.org\/{rel}","templated":true}]}}