{"id":82395,"date":"2024-11-03T09:56:48","date_gmt":"2024-11-03T08:56:48","guid":{"rendered":"https:\/\/fysiolab.dk\/product\/rehabmedic-forkjoelelsesspray-med-arnica-400ml\/"},"modified":"2025-12-18T09:21:12","modified_gmt":"2025-12-18T08:21:12","slug":"rehabmedic-forkjoelelsesspray-med-arnica-400ml","status":"publish","type":"product","link":"https:\/\/fysiolab.dk\/no\/product\/rehabmedic-forkjoelelsesspray-med-arnica-400ml\/","title":{"rendered":"RehabMedic Forkj\u00f8lelsesspray med Arnica 400ml"},"content":{"rendered":"<p><strong>RehabMedic Cold Spray 400 ml med Arnica - Rask og effektiv smertelindring  <\/strong><\/p>\n<p><strong>Beskrivelse:<\/strong><br \/>\nRehabMedic Cooling Spray med Arnica er den ideelle l\u00f8sningen for \u00f8yeblikkelig lindring av muskelsmerter, forstuinger og hevelser. Med en kombinasjon av kj\u00f8leeffekt og arnicaens naturlige egenskaper bidrar denne sprayen til \u00e5 redusere betennelse og fremme raskere restitusjon. Perfekt for idrettsskader eller hverdagslige smerter, enten du er p\u00e5 banen eller hjemme.  <\/p>\n<p>Fordeler:<\/p>\n<ul>\n<li>\u00d8yeblikkelig avkj\u00f8ling: Lindrer smerte og reduserer hevelse umiddelbart.<\/li>\n<li>Beriket med Arnica: Kjent for sine naturlige betennelsesdempende og smertelindrende egenskaper.<\/li>\n<li>Enkel \u00e5 bruke: Den kompakte sprayflasken gj\u00f8r den enkel \u00e5 bruke n\u00e5r du trenger den som mest.<\/li>\n<\/ul>\n<p>P\u00e5f\u00f8ring:<br \/>\nSpray p\u00e5 det \u00f8nskede omr\u00e5det fra en avstand p\u00e5 20 cm. Unng\u00e5 \u00e5 spraye direkte p\u00e5 \u00e5pne s\u00e5r eller slimhinner. Ideell til bruk etter sport, fysisk aktivitet eller mindre skader.  <\/p>\n<p>Innhold:<br \/>\n400 ml kaldspray med Arnica - tilstrekkelig for gjentatt bruk.<\/p>\n<p>Hvorfor velge RehabMedic Kaldspray?<br \/>\n<img decoding=\"async\" class=\"an1\" draggable=\"false\" src=\"https:\/\/dev.fysiolab.dk\/wp-content\/uploads\/2025\/05\/72.png\" alt=\"\u2714\" width=\"45\" height=\"45\" data-emoji=\"\u2714\" aria-label=\"\u2714\" title=\"\">  Effektiv og rask smertelindring<br \/>\n<img decoding=\"async\" class=\"an1\" draggable=\"false\" src=\"https:\/\/dev.fysiolab.dk\/wp-content\/uploads\/2025\/05\/72.png\" alt=\"\u2714\" width=\"45\" height=\"45\" data-emoji=\"\u2714\" aria-label=\"\u2714\" title=\"\">  Ideell for b\u00e5de profesjonell bruk og fritidsbruk<br \/>\n<img decoding=\"async\" class=\"an1\" draggable=\"false\" src=\"https:\/\/dev.fysiolab.dk\/wp-content\/uploads\/2025\/05\/72.png\" alt=\"\u2714\" width=\"47\" height=\"47\" data-emoji=\"\u2714\" aria-label=\"\u2714\" title=\"\">  Praktisk \u00e5 ha i treningsbagen<\/p>\n<p>Bestill i dag og opplev \u00f8yeblikkelig lindring n\u00e5r du trenger det!<\/p>\n","protected":false},"excerpt":{"rendered":"<p><strong>RehabMedic Kaldspray med Arnica 400 ml anbefales til behandling av akutte skader. Sprayen gir rask smertelindring og minimerer risikoen for ytterligere vevsskade. Den kj\u00f8lende effekten starter umiddelbart etter p\u00e5f\u00f8ring og gir lindring i opptil 20 minutter. Sprayen inneholder arnica for ytterligere smertelindring og betennelsesdempende effekt.    <\/strong><\/p>\n","protected":false},"featured_media":82398,"comment_status":"closed","ping_status":"closed","template":"","meta":{"_acf_changed":false},"product_brand":[],"product_cat":[2119,2124,2434,1948,2122,1937,1943,1941,1933],"product_tag":[1944],"class_list":{"0":"post-82395","1":"product","2":"type-product","3":"status-publish","4":"has-post-thumbnail","6":"product_cat-kald-og-varmebehandling","7":"product_cat-kald-varmebehandling","8":"product_cat-kjoeleprodukter","9":"product_cat-klinikk","10":"product_cat-kryoterapi","11":"product_cat-merkevarer","12":"product_cat-rehabmedic-no","13":"product_cat-rekonvalesens-og-sportspleie","14":"product_cat-skinner-og-stoetteskinner","15":"product_tag-rehabmedic-no","17":"first","18":"instock","19":"taxable","20":"shipping-taxable","21":"purchasable","22":"product-type-simple"},"acf":[],"_links":{"self":[{"href":"https:\/\/fysiolab.dk\/no\/wp-json\/wp\/v2\/product\/82395","targetHints":{"allow":["GET"]}}],"collection":[{"href":"https:\/\/fysiolab.dk\/no\/wp-json\/wp\/v2\/product"}],"about":[{"href":"https:\/\/fysiolab.dk\/no\/wp-json\/wp\/v2\/types\/product"}],"replies":[{"embeddable":true,"href":"https:\/\/fysiolab.dk\/no\/wp-json\/wp\/v2\/comments?post=82395"}],"wp:featuredmedia":[{"embeddable":true,"href":"https:\/\/fysiolab.dk\/no\/wp-json\/wp\/v2\/media\/82398"}],"wp:attachment":[{"href":"https:\/\/fysiolab.dk\/no\/wp-json\/wp\/v2\/media?parent=82395"}],"wp:term":[{"taxonomy":"product_brand","embeddable":true,"href":"https:\/\/fysiolab.dk\/no\/wp-json\/wp\/v2\/product_brand?post=82395"},{"taxonomy":"product_cat","embeddable":true,"href":"https:\/\/fysiolab.dk\/no\/wp-json\/wp\/v2\/product_cat?post=82395"},{"taxonomy":"product_tag","embeddable":true,"href":"https:\/\/fysiolab.dk\/no\/wp-json\/wp\/v2\/product_tag?post=82395"}],"curies":[{"name":"wp","href":"https:\/\/api.w.org\/{rel}","templated":true}]}}