{"id":82402,"date":"2024-11-01T21:44:38","date_gmt":"2024-11-01T20:44:38","guid":{"rendered":"https:\/\/fysiolab.dk\/product\/donjoy-actylight-ankelskinne\/"},"modified":"2025-12-18T09:21:12","modified_gmt":"2025-12-18T08:21:12","slug":"donjoy-actylight-ankelskinne","status":"publish","type":"product","link":"https:\/\/fysiolab.dk\/no\/product\/donjoy-actylight-ankelskinne\/","title":{"rendered":"DonJoy ActyLight ankelskinne"},"content":{"rendered":"<p>DonJoy ActyLight gir god og stabil st\u00f8tte til ankelen uten at du nesten kjenner det. Skinnen er utviklet med en enkel step-in-design som gj\u00f8r det enkelt \u00e5 ta den av og p\u00e5 og tilpasse den til din spesifikke skade og \u00f8nsket ankelst\u00f8tte. Skinnen har anatomiske skinner som ogs\u00e5 kan tas av. Skinnen strammes med et sn\u00f8rel\u00e5s som er enkelt \u00e5 justere, og som gir skreddersydd beskyttelse. Bandasjen har ogs\u00e5 en 8-er-stropp, slik du kjenner den fra n\u00e5r fysioterapeuten taper opp ankelen.      <strong>St\u00f8tten passer b\u00e5de til venstre og h\u00f8yre og bestilles i henhold til skost\u00f8rrelsen din  <\/strong><\/p>\n<p><strong>St\u00f8rrelsesguide<\/strong><\/p>\n<p><strong>Sortert etter skost\u00f8rrelse  <\/strong><\/p>\n<p><strong>Skost\u00f8rrelse. Skost\u00f8rrelse <\/strong><\/p>\n<p><strong>32-36 XS<\/strong><\/p>\n<p><strong>36-39 S<\/strong><\/p>\n<p><strong>39-43 M<\/strong><\/p>\n<p><strong>43-47 L<\/strong><\/p>\n<p>ActyLight er utviklet for \u00e5 st\u00f8tte og stabilisere ankelen.<\/p>\n<ul>\n<li>Innledende behandling av kronisk ankelinstabilitet<\/li>\n<li>Mild til moderat strekk\/forstuing av det laterale ligamentet<\/li>\n<li>Isolerte syndesmotiske skader (grad 1)<\/li>\n<li>Gjenopptakelse av idrettsaktiviteter, forebygging av nye skader<\/li>\n<li>Instabilitet i leddb\u00e5nd<\/li>\n<li>Forebygging av supinasjon<\/li>\n<\/ul>\n<p>&nbsp;<\/p>\n<p><iframe title=\"DonJoy ActyLight - Fitting\" width=\"800\" height=\"450\" src=\"https:\/\/www.youtube.com\/embed\/YgGSu325WCo?feature=oembed\" frameborder=\"0\" allow=\"accelerometer; autoplay; clipboard-write; encrypted-media; gyroscope; picture-in-picture; web-share\" referrerpolicy=\"strict-origin-when-cross-origin\" allowfullscreen><\/iframe><\/p>\n<p>&nbsp;<\/p>\n","protected":false},"excerpt":{"rendered":"<p><strong>DonJoy ActyLight ankelbandasje er utviklet for \u00e5 st\u00f8tte ankelen b\u00e5de i hverdagen og ved sportsaktiviteter. Skinnen er enkel \u00e5 ta p\u00e5 takket v\u00e6re step-in-designet, og det l\u00e5sbare sn\u00f8resystemet gir en rask og sikker passform, supplert med et par avtagbare anatomiske seler.  Passer b\u00e5de h\u00f8yre og venstre fot<\/strong><\/p>\n<p>https:\/\/www.youtube.com\/watch?v=87kUtT1qw3k<\/p>\n","protected":false},"featured_media":82417,"comment_status":"closed","ping_status":"closed","template":"","meta":{"_acf_changed":false},"product_brand":[],"product_cat":[2074,1992,2180,2182,2076,1938,2203,1937,1933,2077],"product_tag":[2173],"class_list":{"0":"post-82402","1":"product","2":"type-product","3":"status-publish","4":"has-post-thumbnail","6":"product_cat-ankelforstuing","7":"product_cat-ankelskinne","8":"product_cat-ankelskinner-for-fotball","9":"product_cat-ankelskinner-for-haandball","10":"product_cat-ankelvridning","11":"product_cat-donjoy-no","12":"product_cat-donjoy-ankelstoette","13":"product_cat-merkevarer","14":"product_cat-skinner-og-stoetteskinner","15":"product_cat-ustabil-ankel-no","16":"product_tag-donjoy-no","18":"first","19":"instock","20":"taxable","21":"shipping-taxable","22":"purchasable","23":"product-type-variable"},"acf":[],"_links":{"self":[{"href":"https:\/\/fysiolab.dk\/no\/wp-json\/wp\/v2\/product\/82402","targetHints":{"allow":["GET"]}}],"collection":[{"href":"https:\/\/fysiolab.dk\/no\/wp-json\/wp\/v2\/product"}],"about":[{"href":"https:\/\/fysiolab.dk\/no\/wp-json\/wp\/v2\/types\/product"}],"replies":[{"embeddable":true,"href":"https:\/\/fysiolab.dk\/no\/wp-json\/wp\/v2\/comments?post=82402"}],"wp:featuredmedia":[{"embeddable":true,"href":"https:\/\/fysiolab.dk\/no\/wp-json\/wp\/v2\/media\/82417"}],"wp:attachment":[{"href":"https:\/\/fysiolab.dk\/no\/wp-json\/wp\/v2\/media?parent=82402"}],"wp:term":[{"taxonomy":"product_brand","embeddable":true,"href":"https:\/\/fysiolab.dk\/no\/wp-json\/wp\/v2\/product_brand?post=82402"},{"taxonomy":"product_cat","embeddable":true,"href":"https:\/\/fysiolab.dk\/no\/wp-json\/wp\/v2\/product_cat?post=82402"},{"taxonomy":"product_tag","embeddable":true,"href":"https:\/\/fysiolab.dk\/no\/wp-json\/wp\/v2\/product_tag?post=82402"}],"curies":[{"name":"wp","href":"https:\/\/api.w.org\/{rel}","templated":true}]}}