{"id":82434,"date":"2024-06-08T08:28:11","date_gmt":"2024-06-08T06:28:11","guid":{"rendered":"https:\/\/fysiolab.dk\/product\/sklz-pro-mini-hockey\/"},"modified":"2025-12-18T09:21:12","modified_gmt":"2025-12-18T08:21:12","slug":"sklz-pro-mini-hockey","status":"publish","type":"product","link":"https:\/\/fysiolab.dk\/no\/product\/sklz-pro-mini-hockey\/","title":{"rendered":"SKLZ Pro Mini Hockey"},"content":{"rendered":"<p>Moro og spill for kontoret, rommet eller garasjen. Pro Mini Hockey fra SKLZ s\u00f8rger for timevis med moro og minitrening - 2 x minihockeym\u00e5l for timevis med moro - 2 x minihockeyk\u00f8ller - Inkluderer myk og trygg skumball - Slitesterk konstruksjon som t\u00e5ler timevis med spilling - Enkel \u00e5 montere  <\/p>\n","protected":false},"excerpt":{"rendered":"<p>Moro og spill for kontoret, rommet eller garasjen. Pro Mini Hockey fra SKLZ s\u00f8rger for timevis med moro og minitrening - 2 x minihockeym\u00e5l for timevis med moro - 2 x minihockeyk\u00f8ller - Inkluderer myk og trygg skumball - Slitesterk konstruksjon som t\u00e5ler timevis med spilling - Enkel \u00e5 montere<\/p>\n","protected":false},"featured_media":82437,"comment_status":"closed","ping_status":"closed","template":"","meta":{"_acf_changed":false},"product_brand":[],"product_cat":[2221,2020,1937,2207,2208,2219,1945],"product_tag":[2210],"class_list":{"0":"post-82434","1":"product","2":"type-product","3":"status-publish","4":"has-post-thumbnail","6":"product_cat-annet-treningsutstyr","7":"product_cat-julegaveideer-no","8":"product_cat-merkevarer","9":"product_cat-sklz-no","10":"product_cat-sklz-no-2","11":"product_cat-sklz-treningsutstyr","12":"product_cat-treningsutstyr","13":"product_tag-sklz-no","15":"first","16":"instock","17":"taxable","18":"shipping-taxable","19":"purchasable","20":"product-type-simple"},"acf":[],"_links":{"self":[{"href":"https:\/\/fysiolab.dk\/no\/wp-json\/wp\/v2\/product\/82434","targetHints":{"allow":["GET"]}}],"collection":[{"href":"https:\/\/fysiolab.dk\/no\/wp-json\/wp\/v2\/product"}],"about":[{"href":"https:\/\/fysiolab.dk\/no\/wp-json\/wp\/v2\/types\/product"}],"replies":[{"embeddable":true,"href":"https:\/\/fysiolab.dk\/no\/wp-json\/wp\/v2\/comments?post=82434"}],"wp:featuredmedia":[{"embeddable":true,"href":"https:\/\/fysiolab.dk\/no\/wp-json\/wp\/v2\/media\/82437"}],"wp:attachment":[{"href":"https:\/\/fysiolab.dk\/no\/wp-json\/wp\/v2\/media?parent=82434"}],"wp:term":[{"taxonomy":"product_brand","embeddable":true,"href":"https:\/\/fysiolab.dk\/no\/wp-json\/wp\/v2\/product_brand?post=82434"},{"taxonomy":"product_cat","embeddable":true,"href":"https:\/\/fysiolab.dk\/no\/wp-json\/wp\/v2\/product_cat?post=82434"},{"taxonomy":"product_tag","embeddable":true,"href":"https:\/\/fysiolab.dk\/no\/wp-json\/wp\/v2\/product_tag?post=82434"}],"curies":[{"name":"wp","href":"https:\/\/api.w.org\/{rel}","templated":true}]}}