{"id":82443,"date":"2024-06-03T19:32:29","date_gmt":"2024-06-03T17:32:29","guid":{"rendered":"https:\/\/fysiolab.dk\/product\/headstrong-haandballhodebeskyttelse\/"},"modified":"2025-12-18T09:21:12","modified_gmt":"2025-12-18T08:21:12","slug":"headstrong-haandballhodebeskyttelse","status":"publish","type":"product","link":"https:\/\/fysiolab.dk\/no\/product\/headstrong-haandballhodebeskyttelse\/","title":{"rendered":"Headstrong h\u00e5ndballhodebeskyttelse"},"content":{"rendered":"<p>Headstrong er et uunnv\u00e6rlig produkt for deg som \u00f8nsker \u00e5 beskytte hodet mot slag fra motstandere og ball. Headstrong er konstruert med det patenterte IMPALT-konseptet. Det betyr at hodeb\u00e5ndet har en unik gelkjerne som har optimal st\u00f8tdempingsevne. Konseptet gir ogs\u00e5 hodeb\u00e5ndet en flat profil, slik at det ikke tar opp un\u00f8dvendig plass p\u00e5 hodet. Headsrong gir deg beskyttelse b\u00e5de p\u00e5 trening og i kamp    <\/p>\n<p><a href=\"https:\/\/fysiolab.dk\/no\/product\/headstrong-fotballhodebeskyttelse\/\"><strong>Den finnes ogs\u00e5 i en fotballmodell som du kan kj\u00f8pe her!<\/strong><\/a><\/p>\n","protected":false},"excerpt":{"rendered":"<p><strong>Ikke la en hjernerystelse sette deg ut av spill i lange perioder - Headstrong h\u00e5ndballhodebeskyttelse beskytter hodet ditt mot slag fra motstandere og ballen<\/strong><\/p>\n","protected":false},"featured_media":82458,"comment_status":"closed","ping_status":"closed","template":"","meta":{"_acf_changed":false},"product_brand":[],"product_cat":[2541,2542,2374,2020,1966,1937,1945],"product_tag":[2543],"class_list":{"0":"post-82443","1":"product","2":"type-product","3":"status-publish","4":"has-post-thumbnail","6":"product_cat-beskyttelse-av-hodet","7":"product_cat-egenraadig","8":"product_cat-haandball","9":"product_cat-julegaveideer-no","10":"product_cat-klaer","11":"product_cat-merkevarer","12":"product_cat-treningsutstyr","13":"product_tag-egenraadig","15":"first","16":"instock","17":"taxable","18":"shipping-taxable","19":"purchasable","20":"product-type-variable"},"acf":[],"_links":{"self":[{"href":"https:\/\/fysiolab.dk\/no\/wp-json\/wp\/v2\/product\/82443","targetHints":{"allow":["GET"]}}],"collection":[{"href":"https:\/\/fysiolab.dk\/no\/wp-json\/wp\/v2\/product"}],"about":[{"href":"https:\/\/fysiolab.dk\/no\/wp-json\/wp\/v2\/types\/product"}],"replies":[{"embeddable":true,"href":"https:\/\/fysiolab.dk\/no\/wp-json\/wp\/v2\/comments?post=82443"}],"wp:featuredmedia":[{"embeddable":true,"href":"https:\/\/fysiolab.dk\/no\/wp-json\/wp\/v2\/media\/82458"}],"wp:attachment":[{"href":"https:\/\/fysiolab.dk\/no\/wp-json\/wp\/v2\/media?parent=82443"}],"wp:term":[{"taxonomy":"product_brand","embeddable":true,"href":"https:\/\/fysiolab.dk\/no\/wp-json\/wp\/v2\/product_brand?post=82443"},{"taxonomy":"product_cat","embeddable":true,"href":"https:\/\/fysiolab.dk\/no\/wp-json\/wp\/v2\/product_cat?post=82443"},{"taxonomy":"product_tag","embeddable":true,"href":"https:\/\/fysiolab.dk\/no\/wp-json\/wp\/v2\/product_tag?post=82443"}],"curies":[{"name":"wp","href":"https:\/\/api.w.org\/{rel}","templated":true}]}}