{"id":82463,"date":"2024-02-09T21:54:45","date_gmt":"2024-02-09T20:54:45","guid":{"rendered":"https:\/\/fysiolab.dk\/product\/compex-active-laeg-support\/"},"modified":"2025-12-18T09:21:13","modified_gmt":"2025-12-18T08:21:13","slug":"compex-active-laeg-support","status":"publish","type":"product","link":"https:\/\/fysiolab.dk\/no\/product\/compex-active-laeg-support\/","title":{"rendered":"Compex Active L\u00e6g Support"},"content":{"rendered":"<p>Compex Active leggbandasje er utviklet for \u00e5 motvirke kramper, forebygge muskelskader og fremme restitusjon etter intens trening. Den gir m\u00e5lrettet kompresjon til leggmusklene, noe som \u00f8ker blodsirkulasjonen og reduserer risikoen for kramper under trening eller konkurranse. Samtidig gir den st\u00f8tte til musklene, noe som kan forebygge overbelastningsskader og \u00f8ke muskelstabiliteten. Etter trening eller konkurranse bidrar den til \u00e5 redusere muskels\u00e5rhet og fremme raskere restitusjon ved \u00e5 st\u00f8tte musklene og redusere betennelse. Compex Active leggst\u00f8tte er dermed et verdifullt verkt\u00f8y for \u00e5 opprettholde og forbedre prestasjonsevnen og muskelrestitusjonen.    <\/p>\n<p><strong>Inkluderer 2 deler<\/strong><\/p>\n<p><strong>St\u00f8rrelsesguide<\/strong><\/p>\n<p><strong>M\u00e5l omkretsen av leggen der den er st\u00f8rst  <\/strong><\/p>\n<p><strong>Omkrets Str<\/strong><\/p>\n<p><strong>27-31 cm S<\/strong><\/p>\n<p><strong>32-36 cm M<\/strong><\/p>\n<p><strong>37-41 cm L<\/strong><\/p>\n<p><strong>42-46 cm XL<\/strong><\/p>\n<div dir=\"ltr\"><\/div>\n","protected":false},"excerpt":{"rendered":"<p>https:\/\/www.youtube.com\/watch?v=wnD7DFaCz7Y<\/p>\n","protected":false},"featured_media":82468,"comment_status":"closed","ping_status":"closed","template":"","meta":{"_acf_changed":false},"product_brand":[],"product_cat":[2013,1937,2685,1933],"product_tag":[2019],"class_list":{"0":"post-82463","1":"product","2":"type-product","3":"status-publish","4":"has-post-thumbnail","6":"product_cat-compex-no-2","7":"product_cat-merkevarer","8":"product_cat-skinnebein-og-legg","9":"product_cat-skinner-og-stoetteskinner","10":"product_tag-compex-no","12":"first","13":"instock","14":"taxable","15":"shipping-taxable","16":"purchasable","17":"product-type-variable"},"acf":[],"_links":{"self":[{"href":"https:\/\/fysiolab.dk\/no\/wp-json\/wp\/v2\/product\/82463","targetHints":{"allow":["GET"]}}],"collection":[{"href":"https:\/\/fysiolab.dk\/no\/wp-json\/wp\/v2\/product"}],"about":[{"href":"https:\/\/fysiolab.dk\/no\/wp-json\/wp\/v2\/types\/product"}],"replies":[{"embeddable":true,"href":"https:\/\/fysiolab.dk\/no\/wp-json\/wp\/v2\/comments?post=82463"}],"wp:featuredmedia":[{"embeddable":true,"href":"https:\/\/fysiolab.dk\/no\/wp-json\/wp\/v2\/media\/82468"}],"wp:attachment":[{"href":"https:\/\/fysiolab.dk\/no\/wp-json\/wp\/v2\/media?parent=82463"}],"wp:term":[{"taxonomy":"product_brand","embeddable":true,"href":"https:\/\/fysiolab.dk\/no\/wp-json\/wp\/v2\/product_brand?post=82463"},{"taxonomy":"product_cat","embeddable":true,"href":"https:\/\/fysiolab.dk\/no\/wp-json\/wp\/v2\/product_cat?post=82463"},{"taxonomy":"product_tag","embeddable":true,"href":"https:\/\/fysiolab.dk\/no\/wp-json\/wp\/v2\/product_tag?post=82463"}],"curies":[{"name":"wp","href":"https:\/\/api.w.org\/{rel}","templated":true}]}}