{"id":82488,"date":"2024-02-12T19:25:51","date_gmt":"2024-02-12T18:25:51","guid":{"rendered":"https:\/\/fysiolab.dk\/product\/bauerfeind-airloc-ankelskinne\/"},"modified":"2025-12-18T09:21:12","modified_gmt":"2025-12-18T08:21:12","slug":"bauerfeind-airloc-ankelskinne","status":"publish","type":"product","link":"https:\/\/fysiolab.dk\/no\/product\/bauerfeind-airloc-ankelskinne\/","title":{"rendered":"Bauerfeind AirLoc ankelskinne"},"content":{"rendered":"<p>Bauerfeind AirLoc er en innovativ og p\u00e5litelig ankelbandasje som er utviklet for \u00e5 st\u00f8tte og stabilisere ankelleddet. Den er utviklet med fokus p\u00e5 komfort, funksjonalitet og terapeutisk st\u00f8tte. AirLoc kombinerer avansert teknologi med materialer av h\u00f8y kvalitet og gir effektiv st\u00f8tte og beskyttelse for skadde eller svake ankler.  <\/p>\n<p>Den ergonomiske utformingen tilpasser seg kroppens bevegelser p\u00e5 en naturlig m\u00e5te, noe som gir en behagelig passform og tillater fri bevegelse samtidig som den gir n\u00f8dvendig st\u00f8tte. Det lette og pustende materialet gj\u00f8r den behagelig \u00e5 ha p\u00e5 seg over lengre tid, og den kan enkelt tilpasses individuelle behov. <\/p>\n<p>AirLoc er spesielt godt egnet til bruk under rehabilitering av skader eller som daglig st\u00f8tte for personer med kroniske leddsykdommer. Det er en p\u00e5litelig partner for dem som \u00f8nsker \u00e5 opprettholde eller gjenopprette ankelfunksjonen og samtidig minimere ubehag og risiko for ytterligere skader. Med AirLoc kan brukerne fortsette med sine daglige aktiviteter med st\u00f8rre trygghet og komfort.    <strong>Passer b\u00e5de til venstre og h\u00f8yre<\/strong><\/p>\n<p><strong>St\u00f8rrelsesguide<\/strong><\/p>\n<p><strong>Universalst\u00f8rrelser som passer til foten og ankelen din<\/strong><\/p>\n<p><strong>Farge: Bl\u00e5<\/strong><\/p>\n","protected":false},"excerpt":{"rendered":"<p><strong>AirLoc er spesielt egnet for bruk under rehabilitering av skader eller som daglig st\u00f8tte for personer med kroniske leddsykdommer. Den er utviklet med fokus p\u00e5 komfort, funksjonalitet og terapeutisk st\u00f8tte. AirLoc kombinerer avansert teknologi med materialer av h\u00f8y kvalitet og gir effektiv st\u00f8tte og beskyttelse for skadde eller svake ankler. Universalst\u00f8rrelse som passer b\u00e5de til venstre og h\u00f8yre   <\/strong><\/p>\n","protected":false},"featured_media":95552,"comment_status":"closed","ping_status":"closed","template":"","meta":{"_acf_changed":false},"product_brand":[],"product_cat":[2262,2074,1992,2076,2181,2355,2369,2354,1937,1933,2077],"product_tag":[2356],"class_list":{"0":"post-82488","1":"product","2":"type-product","3":"status-publish","4":"has-post-thumbnail","6":"product_cat-akutte-smerter-i-ankelen","7":"product_cat-ankelforstuing","8":"product_cat-ankelskinne","9":"product_cat-ankelvridning","10":"product_cat-artrose-i-ankelleddet","11":"product_cat-bauerfeind-ankelskinne-no","12":"product_cat-bauerfeind-ankelstoette","13":"product_cat-bondetamp","14":"product_cat-merkevarer","15":"product_cat-skinner-og-stoetteskinner","16":"product_cat-ustabil-ankel-no","17":"product_tag-bondetamp","19":"first","20":"instock","21":"taxable","22":"shipping-taxable","23":"purchasable","24":"product-type-simple"},"acf":[],"_links":{"self":[{"href":"https:\/\/fysiolab.dk\/no\/wp-json\/wp\/v2\/product\/82488","targetHints":{"allow":["GET"]}}],"collection":[{"href":"https:\/\/fysiolab.dk\/no\/wp-json\/wp\/v2\/product"}],"about":[{"href":"https:\/\/fysiolab.dk\/no\/wp-json\/wp\/v2\/types\/product"}],"replies":[{"embeddable":true,"href":"https:\/\/fysiolab.dk\/no\/wp-json\/wp\/v2\/comments?post=82488"}],"wp:featuredmedia":[{"embeddable":true,"href":"https:\/\/fysiolab.dk\/no\/wp-json\/wp\/v2\/media\/95552"}],"wp:attachment":[{"href":"https:\/\/fysiolab.dk\/no\/wp-json\/wp\/v2\/media?parent=82488"}],"wp:term":[{"taxonomy":"product_brand","embeddable":true,"href":"https:\/\/fysiolab.dk\/no\/wp-json\/wp\/v2\/product_brand?post=82488"},{"taxonomy":"product_cat","embeddable":true,"href":"https:\/\/fysiolab.dk\/no\/wp-json\/wp\/v2\/product_cat?post=82488"},{"taxonomy":"product_tag","embeddable":true,"href":"https:\/\/fysiolab.dk\/no\/wp-json\/wp\/v2\/product_tag?post=82488"}],"curies":[{"name":"wp","href":"https:\/\/api.w.org\/{rel}","templated":true}]}}