{"id":82489,"date":"2024-02-09T20:59:06","date_gmt":"2024-02-09T19:59:06","guid":{"rendered":"https:\/\/fysiolab.dk\/product\/compex-active-haandleddstoette-2\/"},"modified":"2025-12-18T09:21:13","modified_gmt":"2025-12-18T08:21:13","slug":"compex-active-haandleddstoette-2","status":"publish","type":"product","link":"https:\/\/fysiolab.dk\/no\/product\/compex-active-haandleddstoette-2\/","title":{"rendered":"Compex Active h\u00e5ndleddst\u00f8tte"},"content":{"rendered":"<p>Compex Active Wrist Support er et allsidig verkt\u00f8y som ikke bare gir st\u00f8tte under rehabilitering, men som ogs\u00e5 forbedrer treningsresultatene. Den ergonomiske utformingen sikrer komfort under trening og daglig bruk. Med justerbar kompresjon og stabilisering kan den tilpasses individuelle behov og treningsintensiteter. Den \u00f8ker stabiliteten i h\u00e5ndleddet, noe som muliggj\u00f8r mer effektive og tryggere \u00f8velser, spesielt under vektl\u00f8fting og funksjonell trening. Det pustende materialet reduserer svette og ubehag under lengre trenings\u00f8kter. Alt i alt er Compex Active Wrist Support et p\u00e5litelig verkt\u00f8y for \u00e5 styrke h\u00e5ndleddene og forbedre treningsresultatene.     <\/p>\n<p><strong>St\u00f8rrelsesguide<\/strong><\/p>\n<p><strong>M\u00e5l omkretsen av h\u00e5ndleddet der det er smalest (se video lenger ned i teksten)<\/strong><\/p>\n<p><strong>Omkrets Str<\/strong><\/p>\n<p><strong>14-17 cm S\/M<\/strong><\/p>\n<p><strong>18-21 cm L\/XL<\/strong><\/p>\n<p><iframe title=\"Opm\u00e5lingsvejledning til h\u00e5ndled\" width=\"800\" height=\"450\" src=\"https:\/\/www.youtube.com\/embed\/uT1ZaBnbLiI?feature=oembed\" frameborder=\"0\" allow=\"accelerometer; autoplay; clipboard-write; encrypted-media; gyroscope; picture-in-picture; web-share\" referrerpolicy=\"strict-origin-when-cross-origin\" allowfullscreen><\/iframe><\/p>\n","protected":false},"excerpt":{"rendered":"<p>https:\/\/www.youtube.com\/watch?v=viWGCMg3p78<\/p>\n","protected":false},"featured_media":82499,"comment_status":"closed","ping_status":"closed","template":"","meta":{"_acf_changed":false},"product_brand":[],"product_cat":[2013,2686,2040,2265,1937,2073,1933],"product_tag":[2019],"class_list":{"0":"post-82489","1":"product","2":"type-product","3":"status-publish","4":"has-post-thumbnail","6":"product_cat-compex-no-2","7":"product_cat-compex-haandleddstoette","8":"product_cat-haand-og-haandleddsskinne","9":"product_cat-haandleddsbeskytter-for-trening","10":"product_cat-merkevarer","11":"product_cat-musearm-musehaand-no","12":"product_cat-skinner-og-stoetteskinner","13":"product_tag-compex-no","15":"first","16":"instock","17":"taxable","18":"shipping-taxable","19":"purchasable","20":"product-type-variable"},"acf":[],"_links":{"self":[{"href":"https:\/\/fysiolab.dk\/no\/wp-json\/wp\/v2\/product\/82489","targetHints":{"allow":["GET"]}}],"collection":[{"href":"https:\/\/fysiolab.dk\/no\/wp-json\/wp\/v2\/product"}],"about":[{"href":"https:\/\/fysiolab.dk\/no\/wp-json\/wp\/v2\/types\/product"}],"replies":[{"embeddable":true,"href":"https:\/\/fysiolab.dk\/no\/wp-json\/wp\/v2\/comments?post=82489"}],"wp:featuredmedia":[{"embeddable":true,"href":"https:\/\/fysiolab.dk\/no\/wp-json\/wp\/v2\/media\/82499"}],"wp:attachment":[{"href":"https:\/\/fysiolab.dk\/no\/wp-json\/wp\/v2\/media?parent=82489"}],"wp:term":[{"taxonomy":"product_brand","embeddable":true,"href":"https:\/\/fysiolab.dk\/no\/wp-json\/wp\/v2\/product_brand?post=82489"},{"taxonomy":"product_cat","embeddable":true,"href":"https:\/\/fysiolab.dk\/no\/wp-json\/wp\/v2\/product_cat?post=82489"},{"taxonomy":"product_tag","embeddable":true,"href":"https:\/\/fysiolab.dk\/no\/wp-json\/wp\/v2\/product_tag?post=82489"}],"curies":[{"name":"wp","href":"https:\/\/api.w.org\/{rel}","templated":true}]}}